{"id":15134,"date":"2022-03-02T14:31:28","date_gmt":"2022-03-02T13:31:28","guid":{"rendered":"https:\/\/difue.de\/?page_id=15134"},"modified":"2022-03-02T15:12:25","modified_gmt":"2022-03-02T14:12:25","slug":"zertifikat","status":"publish","type":"page","link":"https:\/\/difue.de\/en\/zertifikat\/","title":{"rendered":"Bescheinigung"},"content":{"rendered":" <div class=\"container  post_type__page\"><div class=\"row mb-3\"><div class=\"col-12 col-lg-12 offset-lg-0\">\t\n<p><\/p>\n<\/div><\/div><\/div>\n\n <div class=\"container  post_type__page\"><div class=\"row mb-3\"><div class=\"col-12 col-lg-12 offset-lg-0\">\t\n<p>{{display_name}}, geboren am {{birthday}},<br>hat die Pr\u00fcfung zum Digitalf\u00fchrerschein erfolgreich abgelegt.<\/p>\n<\/div><\/div><\/div>\n\n <div class=\"container  post_type__page\"><div class=\"row mb-3\"><div class=\"col-12 col-lg-12 offset-lg-0\">\t\n<p><\/p>\n<\/div><\/div><\/div>\n\n <div class=\"container  post_type__page\"><div class=\"row mb-3\"><div class=\"col-12 col-lg-12 offset-lg-0\">\t\n<h3 class=\"wp-block-heading\">Pr\u00fcfungsergebnis:<\/h3>\n<\/div><\/div><\/div>\n\n <div class=\"container  post_type__page\"><div class=\"row mb-3\"><div class=\"col-12 col-lg-12 offset-lg-0\">\t\n<p>{{level}} mit <strong>{{result}} an richtigen Antworten<\/strong> bestanden.<\/p>\n<\/div><\/div><\/div>\n\n <div class=\"container  post_type__page\"><div class=\"row mb-3\"><div class=\"col-12 col-lg-12 offset-lg-0\">\t\n<p>Wir gratulieren zum Bestehen und w\u00fcnschen eine sichere digitale Fahrt!<\/p>\n<\/div><\/div><\/div>\n\n <div class=\"container  post_type__page\"><div class=\"row mb-3\"><div class=\"col-12 col-lg-12 offset-lg-0\">\t\n<p><\/p>\n<\/div><\/div><\/div>\n\n <div class=\"container  post_type__page\"><div class=\"row mb-3\"><div class=\"col-12 col-lg-12 offset-lg-0\">\t\n<p><\/p>\n<\/div><\/div><\/div>\n\n <div class=\"container  post_type__page\"><div class=\"row mb-3\"><div class=\"col-12 col-lg-12 offset-lg-0\">\t\n<p><\/p>\n<\/div><\/div><\/div>\n\n <div class=\"container  post_type__page\"><div class=\"row mb-3\"><div class=\"col-12 col-lg-12 offset-lg-0\">\t\n<p class=\"has-small-font-size\">Der DsiN-Digitalf\u00fchrerschein ist ein bundesweit einheitliches Weiterbildungsangebot, das Teilnehmenden Kompetenzen hinsichtlich der Sicherheit und des Gebrauchs digitaler Anwendungen vermittelt und mit Abschluss der Pr\u00fcfungen bescheinigt. Die Pr\u00fcfungen k\u00f6nnen in drei unterschiedlichen Schwierigkeitsgraden abgelegt werden.<\/p>\n<\/div><\/div><\/div>","protected":false},"excerpt":{"rendered":"<p>{{display_name}}, geboren am {{birthday}},hat die Pr\u00fcfung zum Digitalf\u00fchrerschein erfolgreich abgelegt. Pr\u00fcfungsergebnis: {{level}} mit {{result}} an richtigen Antworten bestanden. Wir gratulieren [&hellip;]<\/p>\n","protected":false},"author":26,"featured_media":0,"parent":0,"menu_order":99,"comment_status":"closed","ping_status":"closed","template":"page-zertifikat.php","meta":{"_acf_changed":false,"inline_featured_image":false,"footnotes":""},"class_list":["post-15134","page","type-page","status-publish","hentry"],"acf":[],"yoast_head":"<!-- This site is optimized with the Yoast SEO Premium plugin v22.4 (Yoast SEO v24.7) - https:\/\/yoast.com\/wordpress\/plugins\/seo\/ -->\n<title>Bescheinigung &#8226; Digitalf\u00fchrerschein (DiF\u00fc)<\/title>\n<meta name=\"robots\" content=\"index, follow, max-snippet:-1, max-image-preview:large, max-video-preview:-1\" \/>\n<link rel=\"canonical\" href=\"https:\/\/difue.de\/en\/zertifikat\/\" \/>\n<meta property=\"og:locale\" content=\"en_US\" \/>\n<meta property=\"og:type\" content=\"article\" \/>\n<meta property=\"og:title\" content=\"Bescheinigung\" \/>\n<meta property=\"og:description\" content=\"{{display_name}}, geboren am {{birthday}},hat die Pr\u00fcfung zum Digitalf\u00fchrerschein erfolgreich abgelegt. Pr\u00fcfungsergebnis: {{level}} mit {{result}} an richtigen Antworten bestanden. Wir gratulieren [&hellip;]\" \/>\n<meta property=\"og:url\" content=\"https:\/\/difue.de\/en\/zertifikat\/\" \/>\n<meta property=\"og:site_name\" content=\"Digitalf\u00fchrerschein (DiF\u00fc)\" \/>\n<meta property=\"article:publisher\" content=\"https:\/\/www.facebook.com\/people\/DsiN-Digitalf%c3%bchrerschein-DiF%c3%bc\/100079074183260\/\" \/>\n<meta property=\"article:modified_time\" content=\"2022-03-02T14:12:25+00:00\" \/>\n<meta property=\"og:image\" content=\"https:\/\/difue.de\/app\/uploads\/2022\/02\/DiFue-Logo_Logozusatz-RGB-positiv.png\" \/>\n\t<meta property=\"og:image:width\" content=\"14657\" \/>\n\t<meta property=\"og:image:height\" content=\"10977\" \/>\n\t<meta property=\"og:image:type\" content=\"image\/png\" \/>\n<meta name=\"twitter:card\" content=\"summary_large_image\" \/>\n<meta name=\"twitter:label1\" content=\"Est. reading time\" \/>\n\t<meta name=\"twitter:data1\" content=\"1 minute\" \/>\n<script type=\"application\/ld+json\" class=\"yoast-schema-graph\">{\"@context\":\"https:\/\/schema.org\",\"@graph\":[{\"@type\":\"WebPage\",\"@id\":\"https:\/\/difue.de\/en\/zertifikat\/\",\"url\":\"https:\/\/difue.de\/en\/zertifikat\/\",\"name\":\"Bescheinigung &#8226; Digitalf\u00fchrerschein (DiF\u00fc)\",\"isPartOf\":{\"@id\":\"https:\/\/difue.de\/en\/#website\"},\"datePublished\":\"2022-03-02T13:31:28+00:00\",\"dateModified\":\"2022-03-02T14:12:25+00:00\",\"breadcrumb\":{\"@id\":\"https:\/\/difue.de\/en\/zertifikat\/#breadcrumb\"},\"inLanguage\":\"en-US\",\"potentialAction\":[{\"@type\":\"ReadAction\",\"target\":[\"https:\/\/difue.de\/en\/zertifikat\/\"]}]},{\"@type\":\"BreadcrumbList\",\"@id\":\"https:\/\/difue.de\/en\/zertifikat\/#breadcrumb\",\"itemListElement\":[{\"@type\":\"ListItem\",\"position\":1,\"name\":\"Startseite\",\"item\":\"https:\/\/difue.de\/en\/startseite\/\"},{\"@type\":\"ListItem\",\"position\":2,\"name\":\"Bescheinigung\"}]},{\"@type\":\"WebSite\",\"@id\":\"https:\/\/difue.de\/en\/#website\",\"url\":\"https:\/\/difue.de\/en\/\",\"name\":\"Digitalf\u00fchrerschein (DiF\u00fc)\",\"description\":\"\",\"publisher\":{\"@id\":\"https:\/\/difue.de\/en\/#organization\"},\"potentialAction\":[{\"@type\":\"SearchAction\",\"target\":{\"@type\":\"EntryPoint\",\"urlTemplate\":\"https:\/\/difue.de\/en\/?s={search_term_string}\"},\"query-input\":{\"@type\":\"PropertyValueSpecification\",\"valueRequired\":true,\"valueName\":\"search_term_string\"}}],\"inLanguage\":\"en-US\"},{\"@type\":\"Organization\",\"@id\":\"https:\/\/difue.de\/en\/#organization\",\"name\":\"Digitalf\u00fchrerschein (DiF\u00fc)\",\"url\":\"https:\/\/difue.de\/en\/\",\"logo\":{\"@type\":\"ImageObject\",\"inLanguage\":\"en-US\",\"@id\":\"https:\/\/difue.de\/en\/#\/schema\/logo\/image\/\",\"url\":\"https:\/\/difue.de\/app\/uploads\/2021\/09\/difue-logo.svg\",\"contentUrl\":\"https:\/\/difue.de\/app\/uploads\/2021\/09\/difue-logo.svg\",\"width\":200,\"height\":149,\"caption\":\"Digitalf\u00fchrerschein (DiF\u00fc)\"},\"image\":{\"@id\":\"https:\/\/difue.de\/en\/#\/schema\/logo\/image\/\"},\"sameAs\":[\"https:\/\/www.facebook.com\/people\/DsiN-Digitalf\u00fchrerschein-DiF\u00fc\/100079074183260\/\",\"https:\/\/www.instagram.com\/dsin_digitalfuehrerschein\/\"]}]}<\/script>\n<!-- \/ Yoast SEO Premium plugin. -->","yoast_head_json":{"title":"Bescheinigung &#8226; Digitalf\u00fchrerschein (DiF\u00fc)","robots":{"index":"index","follow":"follow","max-snippet":"max-snippet:-1","max-image-preview":"max-image-preview:large","max-video-preview":"max-video-preview:-1"},"canonical":"https:\/\/difue.de\/en\/zertifikat\/","og_locale":"en_US","og_type":"article","og_title":"Bescheinigung","og_description":"{{display_name}}, geboren am {{birthday}},hat die Pr\u00fcfung zum Digitalf\u00fchrerschein erfolgreich abgelegt. Pr\u00fcfungsergebnis: {{level}} mit {{result}} an richtigen Antworten bestanden. Wir gratulieren [&hellip;]","og_url":"https:\/\/difue.de\/en\/zertifikat\/","og_site_name":"Digitalf\u00fchrerschein (DiF\u00fc)","article_publisher":"https:\/\/www.facebook.com\/people\/DsiN-Digitalf%c3%bchrerschein-DiF%c3%bc\/100079074183260\/","article_modified_time":"2022-03-02T14:12:25+00:00","og_image":[{"width":14657,"height":10977,"url":"https:\/\/difue.de\/app\/uploads\/2022\/02\/DiFue-Logo_Logozusatz-RGB-positiv.png","type":"image\/png"}],"twitter_card":"summary_large_image","twitter_misc":{"Est. reading time":"1 minute"},"schema":{"@context":"https:\/\/schema.org","@graph":[{"@type":"WebPage","@id":"https:\/\/difue.de\/en\/zertifikat\/","url":"https:\/\/difue.de\/en\/zertifikat\/","name":"Bescheinigung &#8226; Digitalf\u00fchrerschein (DiF\u00fc)","isPartOf":{"@id":"https:\/\/difue.de\/en\/#website"},"datePublished":"2022-03-02T13:31:28+00:00","dateModified":"2022-03-02T14:12:25+00:00","breadcrumb":{"@id":"https:\/\/difue.de\/en\/zertifikat\/#breadcrumb"},"inLanguage":"en-US","potentialAction":[{"@type":"ReadAction","target":["https:\/\/difue.de\/en\/zertifikat\/"]}]},{"@type":"BreadcrumbList","@id":"https:\/\/difue.de\/en\/zertifikat\/#breadcrumb","itemListElement":[{"@type":"ListItem","position":1,"name":"Startseite","item":"https:\/\/difue.de\/en\/startseite\/"},{"@type":"ListItem","position":2,"name":"Bescheinigung"}]},{"@type":"WebSite","@id":"https:\/\/difue.de\/en\/#website","url":"https:\/\/difue.de\/en\/","name":"Digitalf\u00fchrerschein (DiF\u00fc)","description":"","publisher":{"@id":"https:\/\/difue.de\/en\/#organization"},"potentialAction":[{"@type":"SearchAction","target":{"@type":"EntryPoint","urlTemplate":"https:\/\/difue.de\/en\/?s={search_term_string}"},"query-input":{"@type":"PropertyValueSpecification","valueRequired":true,"valueName":"search_term_string"}}],"inLanguage":"en-US"},{"@type":"Organization","@id":"https:\/\/difue.de\/en\/#organization","name":"Digitalf\u00fchrerschein (DiF\u00fc)","url":"https:\/\/difue.de\/en\/","logo":{"@type":"ImageObject","inLanguage":"en-US","@id":"https:\/\/difue.de\/en\/#\/schema\/logo\/image\/","url":"https:\/\/difue.de\/app\/uploads\/2021\/09\/difue-logo.svg","contentUrl":"https:\/\/difue.de\/app\/uploads\/2021\/09\/difue-logo.svg","width":200,"height":149,"caption":"Digitalf\u00fchrerschein (DiF\u00fc)"},"image":{"@id":"https:\/\/difue.de\/en\/#\/schema\/logo\/image\/"},"sameAs":["https:\/\/www.facebook.com\/people\/DsiN-Digitalf\u00fchrerschein-DiF\u00fc\/100079074183260\/","https:\/\/www.instagram.com\/dsin_digitalfuehrerschein\/"]}]}},"_links":{"self":[{"href":"https:\/\/difue.de\/en\/wp-json\/wp\/v2\/pages\/15134","targetHints":{"allow":["GET"]}}],"collection":[{"href":"https:\/\/difue.de\/en\/wp-json\/wp\/v2\/pages"}],"about":[{"href":"https:\/\/difue.de\/en\/wp-json\/wp\/v2\/types\/page"}],"author":[{"embeddable":true,"href":"https:\/\/difue.de\/en\/wp-json\/wp\/v2\/users\/26"}],"replies":[{"embeddable":true,"href":"https:\/\/difue.de\/en\/wp-json\/wp\/v2\/comments?post=15134"}],"version-history":[{"count":0,"href":"https:\/\/difue.de\/en\/wp-json\/wp\/v2\/pages\/15134\/revisions"}],"wp:attachment":[{"href":"https:\/\/difue.de\/en\/wp-json\/wp\/v2\/media?parent=15134"}],"curies":[{"name":"wp","href":"https:\/\/api.w.org\/{rel}","templated":true}]}}