{"id":35317,"date":"2023-11-28T16:29:44","date_gmt":"2023-11-28T15:29:44","guid":{"rendered":"https:\/\/difue.de\/?page_id=35317"},"modified":"2023-12-11T15:17:46","modified_gmt":"2023-12-11T14:17:46","slug":"anmeldung-workshop-verwaltung","status":"publish","type":"page","link":"https:\/\/difue.de\/en\/anmeldung-workshop-verwaltung\/","title":{"rendered":"Workshop: DsiN-Digitalf\u00fchrerschein als Fortbildungstool in der Verwaltung"},"content":{"rendered":" <div class=\"container  post_type__page\"><div class=\"row mb-3\"><div class=\"col-12 col-lg-12 offset-lg-0\">\t\n<p><em>+++ Nur noch wenige Pl\u00e4tze verf\u00fcgbar +++<\/em><br><em>In den vergangenen Tagen haben uns zahlreiche Registrierungen von Kommunen und Beh\u00f6rden erreicht. Bitte werfen Sie auch einen Blick auf unsere Workshop-Termine f\u00fcr <a href=\"https:\/\/difue.de\/multiplikatoren\/\">Wirtschaft und Erwachsenenbildung<\/a>; ein weiterer Workshop f\u00fcr <a href=\"https:\/\/difue.de\/lehrkraefte\/\">schulische Lehrkr\u00e4fte<\/a> ist bereits in Planung.<\/em><\/p>\n<\/div><\/div><\/div>\n\n <div class=\"container  post_type__page\"><div class=\"row mb-3\"><div class=\"col-12 col-lg-12 offset-lg-0\">\t\n<p><\/p>\n<\/div><\/div><\/div>\n\n <div class=\"container  post_type__page\"><div class=\"row mb-3\"><div class=\"col-12 col-lg-12 offset-lg-0\">\t\n<p>Die Digitalisierung der Verwaltung birgt gro\u00dfes Potential f\u00fcr effizientere Abl\u00e4ufe und schnelleren Service. Damit sie gelingt, bedarf es entsprechender Digitalkompetenzen bei den Angestellten.\u00a0\u00a0<\/p>\n<\/div><\/div><\/div>\n\n <div class=\"container  post_type__page\"><div class=\"row mb-3\"><div class=\"col-12 col-lg-12 offset-lg-0\">\t\n<p>An dieser Stelle setzt der DsiN-Digitalf\u00fchrerschein (DiF\u00fc) an. Er unterst\u00fctzt den Aufbau digitaler Basiskompetenzen auf allen Ebenen \u2013 niedrigschwellig und kostenfrei.&nbsp;&nbsp;<\/p>\n<\/div><\/div><\/div>\n\n <div class=\"container  post_type__page\"><div class=\"row mb-3\"><div class=\"col-12 col-lg-12 offset-lg-0\">\t\n<p>Deshalb laden wir Sie herzlich ein zum Workshop:\u00a0<\/p>\n<\/div><\/div><\/div>\n\n <div class=\"container  post_type__page\"><div class=\"row mb-3\"><div class=\"col-12 col-lg-12 offset-lg-0\">\t\n<p><strong>Der DsiN-Digitalf\u00fchrerschein in der Verwaltung<\/strong>\u202f\u00a0<br><strong>Am 14. Dezember 2023 von 14:00 bis 15:00 Uhr<\/strong>\u202f\u00a0<br><strong>Online via WebEx<\/strong>\u202f\u00a0<\/p>\n<\/div><\/div><\/div>\n\n <div class=\"container  post_type__page\"><div class=\"row mb-3\"><div class=\"col-12 col-lg-12 offset-lg-0\">\t\n<p>Dort stellt DiF\u00fc-Referentin Maria Be\u00dfler den DsiN-Digitalf\u00fchrerschein als Fortbildungsma\u00dfnahme vor und zeigt Ihnen anhand von Best-Practice-Beispielen, wie der DiF\u00fc Ihre Organisation f\u00fcr einen sicheren digitalen Alltag bereit machen kann.&nbsp;<\/p>\n<\/div><\/div><\/div>\n\n <div class=\"container  post_type__page\"><div class=\"row mb-3\"><div class=\"col-12 col-lg-12 offset-lg-0\">\t\n<p>Ziel des DsiN-Digitalf\u00fchrerscheins ist es, deutschlandweit ein anerkanntes Angebot f\u00fcr Digitalkompetenzen zu schaffen und digitale Teilhabe zu st\u00e4rken. Das Projekt wird vom Bundesministerium des Innern und f\u00fcr Heimat (BMI) gef\u00f6rdert. \u00a0<br>\u00a0<br>Bitte registrieren Sie sich bei Interesse <strong>bis zum 13. Dezember 2023<\/strong> \u00fcber das Anmeldeformular (s. u.).<\/p>\n<\/div><\/div><\/div>\n\n <div class=\"container  post_type__page\"><div class=\"row mb-3\"><div class=\"col-12 col-lg-12 offset-lg-0\">\t\n<p>Bei Fragen wenden Sie sich gern an <a href=\"mailto:kontakt@difue.de\" target=\"_blank\" rel=\"noreferrer noopener\">kontakt@difue.de<\/a>.&nbsp;<\/p>\n<\/div><\/div><\/div>\n\n <div class=\"container  post_type__page\"><div class=\"row mb-3\"><div class=\"col-12 col-lg-12 offset-lg-0\">\t<div data-form-block-id=\"b9f8326d-cd8d-ee11-8179-000d3adf7520\"><\/div>\n<p> <script src=\"https:\/\/mktdplp102cdn.azureedge.net\/public\/latest\/js\/form-loader.js?v=1.84.2007\"><\/script> <\/p>\n<div id=\"dvKO1Yqy9y7PbXg4H9IYXRdb76RomGuLrVXLPs6mEouU\"><\/div>\n<p><script src=\"https:\/\/mktdplp102cdn.azureedge.net\/public\/latest\/js\/ws-tracking.js?v=1.84.2007\"><\/script><\/p>\n<div class=\"d365-mkt-config\" style=\"display:none\" data-website-id=\"vKO1Yqy9y7PbXg4H9IYXRdb76RomGuLrVXLPs6mEouU\" data-hostname=\"b23562d32c89440eb3ac11956dd0ea4f.svc.dynamics.com\"><\/div>\n<\/div><\/div><\/div>","protected":false},"excerpt":{"rendered":"<p>+++ Nur noch wenige Pl\u00e4tze verf\u00fcgbar +++In den vergangenen Tagen haben uns zahlreiche Registrierungen von Kommunen und Beh\u00f6rden erreicht. Bitte [&hellip;]<\/p>\n","protected":false},"author":8109,"featured_media":0,"parent":0,"menu_order":0,"comment_status":"closed","ping_status":"closed","template":"","meta":{"_acf_changed":false,"inline_featured_image":false,"footnotes":""},"class_list":["post-35317","page","type-page","status-publish","hentry"],"acf":[],"yoast_head":"<!-- This site is optimized with the Yoast SEO Premium plugin v22.4 (Yoast SEO v24.7) - https:\/\/yoast.com\/wordpress\/plugins\/seo\/ -->\n<title>Workshop: DsiN-Digitalf\u00fchrerschein als Fortbildungstool in der Verwaltung &#8226; Digitalf\u00fchrerschein (DiF\u00fc)<\/title>\n<meta name=\"robots\" content=\"index, follow, max-snippet:-1, max-image-preview:large, max-video-preview:-1\" \/>\n<link rel=\"canonical\" href=\"https:\/\/difue.de\/en\/anmeldung-workshop-verwaltung\/\" \/>\n<meta property=\"og:locale\" content=\"en_US\" \/>\n<meta property=\"og:type\" content=\"article\" \/>\n<meta property=\"og:title\" content=\"Workshop: DsiN-Digitalf\u00fchrerschein als Fortbildungstool in der Verwaltung\" \/>\n<meta property=\"og:description\" content=\"+++ Nur noch wenige Pl\u00e4tze verf\u00fcgbar +++In den vergangenen Tagen haben uns zahlreiche Registrierungen von Kommunen und Beh\u00f6rden erreicht. Bitte [&hellip;]\" \/>\n<meta property=\"og:url\" content=\"https:\/\/difue.de\/en\/anmeldung-workshop-verwaltung\/\" \/>\n<meta property=\"og:site_name\" content=\"Digitalf\u00fchrerschein (DiF\u00fc)\" \/>\n<meta property=\"article:publisher\" content=\"https:\/\/www.facebook.com\/people\/DsiN-Digitalf%c3%bchrerschein-DiF%c3%bc\/100079074183260\/\" \/>\n<meta property=\"article:modified_time\" content=\"2023-12-11T14:17:46+00:00\" \/>\n<meta property=\"og:image\" content=\"https:\/\/difue.de\/app\/uploads\/2022\/02\/DiFue-Logo_Logozusatz-RGB-positiv.png\" \/>\n\t<meta property=\"og:image:width\" content=\"14657\" \/>\n\t<meta property=\"og:image:height\" content=\"10977\" \/>\n\t<meta property=\"og:image:type\" content=\"image\/png\" \/>\n<meta name=\"twitter:card\" content=\"summary_large_image\" \/>\n<meta name=\"twitter:label1\" content=\"Est. reading time\" \/>\n\t<meta name=\"twitter:data1\" content=\"2 minutes\" \/>\n<script type=\"application\/ld+json\" class=\"yoast-schema-graph\">{\"@context\":\"https:\/\/schema.org\",\"@graph\":[{\"@type\":\"WebPage\",\"@id\":\"https:\/\/difue.de\/en\/anmeldung-workshop-verwaltung\/\",\"url\":\"https:\/\/difue.de\/en\/anmeldung-workshop-verwaltung\/\",\"name\":\"Workshop: DsiN-Digitalf\u00fchrerschein als Fortbildungstool in der Verwaltung &#8226; Digitalf\u00fchrerschein (DiF\u00fc)\",\"isPartOf\":{\"@id\":\"https:\/\/difue.de\/en\/#website\"},\"datePublished\":\"2023-11-28T15:29:44+00:00\",\"dateModified\":\"2023-12-11T14:17:46+00:00\",\"breadcrumb\":{\"@id\":\"https:\/\/difue.de\/en\/anmeldung-workshop-verwaltung\/#breadcrumb\"},\"inLanguage\":\"en-US\",\"potentialAction\":[{\"@type\":\"ReadAction\",\"target\":[\"https:\/\/difue.de\/en\/anmeldung-workshop-verwaltung\/\"]}]},{\"@type\":\"BreadcrumbList\",\"@id\":\"https:\/\/difue.de\/en\/anmeldung-workshop-verwaltung\/#breadcrumb\",\"itemListElement\":[{\"@type\":\"ListItem\",\"position\":1,\"name\":\"Startseite\",\"item\":\"https:\/\/difue.de\/en\/startseite\/\"},{\"@type\":\"ListItem\",\"position\":2,\"name\":\"Workshop: DsiN-Digitalf\u00fchrerschein als Fortbildungstool in der Verwaltung\"}]},{\"@type\":\"WebSite\",\"@id\":\"https:\/\/difue.de\/en\/#website\",\"url\":\"https:\/\/difue.de\/en\/\",\"name\":\"Digitalf\u00fchrerschein (DiF\u00fc)\",\"description\":\"\",\"publisher\":{\"@id\":\"https:\/\/difue.de\/en\/#organization\"},\"potentialAction\":[{\"@type\":\"SearchAction\",\"target\":{\"@type\":\"EntryPoint\",\"urlTemplate\":\"https:\/\/difue.de\/en\/?s={search_term_string}\"},\"query-input\":{\"@type\":\"PropertyValueSpecification\",\"valueRequired\":true,\"valueName\":\"search_term_string\"}}],\"inLanguage\":\"en-US\"},{\"@type\":\"Organization\",\"@id\":\"https:\/\/difue.de\/en\/#organization\",\"name\":\"Digitalf\u00fchrerschein (DiF\u00fc)\",\"url\":\"https:\/\/difue.de\/en\/\",\"logo\":{\"@type\":\"ImageObject\",\"inLanguage\":\"en-US\",\"@id\":\"https:\/\/difue.de\/en\/#\/schema\/logo\/image\/\",\"url\":\"https:\/\/difue.de\/app\/uploads\/2021\/09\/difue-logo.svg\",\"contentUrl\":\"https:\/\/difue.de\/app\/uploads\/2021\/09\/difue-logo.svg\",\"width\":200,\"height\":149,\"caption\":\"Digitalf\u00fchrerschein (DiF\u00fc)\"},\"image\":{\"@id\":\"https:\/\/difue.de\/en\/#\/schema\/logo\/image\/\"},\"sameAs\":[\"https:\/\/www.facebook.com\/people\/DsiN-Digitalf\u00fchrerschein-DiF\u00fc\/100079074183260\/\",\"https:\/\/www.instagram.com\/dsin_digitalfuehrerschein\/\"]}]}<\/script>\n<!-- \/ Yoast SEO Premium plugin. -->","yoast_head_json":{"title":"Workshop: DsiN-Digitalf\u00fchrerschein als Fortbildungstool in der Verwaltung &#8226; Digitalf\u00fchrerschein (DiF\u00fc)","robots":{"index":"index","follow":"follow","max-snippet":"max-snippet:-1","max-image-preview":"max-image-preview:large","max-video-preview":"max-video-preview:-1"},"canonical":"https:\/\/difue.de\/en\/anmeldung-workshop-verwaltung\/","og_locale":"en_US","og_type":"article","og_title":"Workshop: DsiN-Digitalf\u00fchrerschein als Fortbildungstool in der Verwaltung","og_description":"+++ Nur noch wenige Pl\u00e4tze verf\u00fcgbar +++In den vergangenen Tagen haben uns zahlreiche Registrierungen von Kommunen und Beh\u00f6rden erreicht. Bitte [&hellip;]","og_url":"https:\/\/difue.de\/en\/anmeldung-workshop-verwaltung\/","og_site_name":"Digitalf\u00fchrerschein (DiF\u00fc)","article_publisher":"https:\/\/www.facebook.com\/people\/DsiN-Digitalf%c3%bchrerschein-DiF%c3%bc\/100079074183260\/","article_modified_time":"2023-12-11T14:17:46+00:00","og_image":[{"width":14657,"height":10977,"url":"https:\/\/difue.de\/app\/uploads\/2022\/02\/DiFue-Logo_Logozusatz-RGB-positiv.png","type":"image\/png"}],"twitter_card":"summary_large_image","twitter_misc":{"Est. reading time":"2 minutes"},"schema":{"@context":"https:\/\/schema.org","@graph":[{"@type":"WebPage","@id":"https:\/\/difue.de\/en\/anmeldung-workshop-verwaltung\/","url":"https:\/\/difue.de\/en\/anmeldung-workshop-verwaltung\/","name":"Workshop: DsiN-Digitalf\u00fchrerschein als Fortbildungstool in der Verwaltung &#8226; Digitalf\u00fchrerschein (DiF\u00fc)","isPartOf":{"@id":"https:\/\/difue.de\/en\/#website"},"datePublished":"2023-11-28T15:29:44+00:00","dateModified":"2023-12-11T14:17:46+00:00","breadcrumb":{"@id":"https:\/\/difue.de\/en\/anmeldung-workshop-verwaltung\/#breadcrumb"},"inLanguage":"en-US","potentialAction":[{"@type":"ReadAction","target":["https:\/\/difue.de\/en\/anmeldung-workshop-verwaltung\/"]}]},{"@type":"BreadcrumbList","@id":"https:\/\/difue.de\/en\/anmeldung-workshop-verwaltung\/#breadcrumb","itemListElement":[{"@type":"ListItem","position":1,"name":"Startseite","item":"https:\/\/difue.de\/en\/startseite\/"},{"@type":"ListItem","position":2,"name":"Workshop: DsiN-Digitalf\u00fchrerschein als Fortbildungstool in der Verwaltung"}]},{"@type":"WebSite","@id":"https:\/\/difue.de\/en\/#website","url":"https:\/\/difue.de\/en\/","name":"Digitalf\u00fchrerschein (DiF\u00fc)","description":"","publisher":{"@id":"https:\/\/difue.de\/en\/#organization"},"potentialAction":[{"@type":"SearchAction","target":{"@type":"EntryPoint","urlTemplate":"https:\/\/difue.de\/en\/?s={search_term_string}"},"query-input":{"@type":"PropertyValueSpecification","valueRequired":true,"valueName":"search_term_string"}}],"inLanguage":"en-US"},{"@type":"Organization","@id":"https:\/\/difue.de\/en\/#organization","name":"Digitalf\u00fchrerschein (DiF\u00fc)","url":"https:\/\/difue.de\/en\/","logo":{"@type":"ImageObject","inLanguage":"en-US","@id":"https:\/\/difue.de\/en\/#\/schema\/logo\/image\/","url":"https:\/\/difue.de\/app\/uploads\/2021\/09\/difue-logo.svg","contentUrl":"https:\/\/difue.de\/app\/uploads\/2021\/09\/difue-logo.svg","width":200,"height":149,"caption":"Digitalf\u00fchrerschein (DiF\u00fc)"},"image":{"@id":"https:\/\/difue.de\/en\/#\/schema\/logo\/image\/"},"sameAs":["https:\/\/www.facebook.com\/people\/DsiN-Digitalf\u00fchrerschein-DiF\u00fc\/100079074183260\/","https:\/\/www.instagram.com\/dsin_digitalfuehrerschein\/"]}]}},"_links":{"self":[{"href":"https:\/\/difue.de\/en\/wp-json\/wp\/v2\/pages\/35317","targetHints":{"allow":["GET"]}}],"collection":[{"href":"https:\/\/difue.de\/en\/wp-json\/wp\/v2\/pages"}],"about":[{"href":"https:\/\/difue.de\/en\/wp-json\/wp\/v2\/types\/page"}],"author":[{"embeddable":true,"href":"https:\/\/difue.de\/en\/wp-json\/wp\/v2\/users\/8109"}],"replies":[{"embeddable":true,"href":"https:\/\/difue.de\/en\/wp-json\/wp\/v2\/comments?post=35317"}],"version-history":[{"count":19,"href":"https:\/\/difue.de\/en\/wp-json\/wp\/v2\/pages\/35317\/revisions"}],"predecessor-version":[{"id":39345,"href":"https:\/\/difue.de\/en\/wp-json\/wp\/v2\/pages\/35317\/revisions\/39345"}],"wp:attachment":[{"href":"https:\/\/difue.de\/en\/wp-json\/wp\/v2\/media?parent=35317"}],"curies":[{"name":"wp","href":"https:\/\/api.w.org\/{rel}","templated":true}]}}