{"id":39080,"date":"2023-12-06T11:27:31","date_gmt":"2023-12-06T10:27:31","guid":{"rendered":"https:\/\/difue.de\/?page_id=39080"},"modified":"2024-01-12T11:22:17","modified_gmt":"2024-01-12T10:22:17","slug":"digital-bildung-mit-dem-difue-fuer-lehrkraefte","status":"publish","type":"page","link":"https:\/\/difue.de\/en\/digital-bildung-mit-dem-difue-fuer-lehrkraefte\/","title":{"rendered":"Workshop: Digital? Bildung? Mit dem DiF\u00fc f\u00fcr Lehrkr\u00e4fte!"},"content":{"rendered":" <div class=\"container  post_type__page\"><div class=\"row mb-3\"><div class=\"col-12 col-lg-12 offset-lg-0\">\t\n<p><strong>Mach dein Kollegium fit f\u00fcr den digitalen Schulalltag! <\/strong><br>Apps? Datenschutz? Cybermobbing? Und jetzt noch KI? Die Digitalisierung macht vor Schulen nicht Halt. Mit unserem Workshop \u201eDigital? Bildung? Mit dem DiF\u00fc f\u00fcr Lehrkr\u00e4fte!&#8221; wirst du zum bzw. zur DiF\u00fc-Multiplikator:in an deiner Schule und gestaltest eine schulinterne Fortbildung f\u00fcr dein Kollegium. Hier kannst du dich anmelden.<\/p>\n<\/div><\/div><\/div>\n\n <div class=\"container  post_type__page\"><div class=\"row mb-3\"><div class=\"col-12 col-lg-12 offset-lg-0\">\t\n<p><strong>Wann?<\/strong><br>Der n\u00e4chste Termin: 30. Januar 2024, 15:00 &#8211; 18:00 Uhr<br><strong>Wo?<\/strong><br>Online bei Zoom<\/p>\n<\/div><\/div><\/div>\n\n <div class=\"container  post_type__page\"><div class=\"row mb-3\"><div class=\"col-12 col-lg-12 offset-lg-0\">\t\n<p><strong>Was erwartet dich?<\/strong><br>Nach einem kurzen Input zum Thema Medienkompetenz gewinnst du einen Einblick in die sechs Themenbereiche des DiF\u00fc f\u00fcr Lehrkr\u00e4fte.  Anschlie\u00dfend entwickelst und diskutierst du gemeinsam mit uns und den Teilnehmenden Schwerpunkte und didaktische Ans\u00e4tze f\u00fcr eine passgenaue interne Fortbildung an deiner Schule. Mit deiner DiF\u00fc-Fortbildung motivierst und begeisterst du schlie\u00dflich dein Kollegium, sich Digital- und Medienkompetenzen anzueignen und auszubauen, diese zu pr\u00fcfen und sie sich sogar zertifizieren zu lassen.&nbsp;Werde DiF\u00fc-Multiplikator:in an deiner Schule. Melde dich gleich an.<\/p>\n<\/div><\/div><\/div>\n\n <div class=\"container  post_type__page\"><div class=\"row mb-3\"><div class=\"col-12 col-lg-12 offset-lg-0\">\t\n<h2 class=\"wp-block-heading\" id=\"h-deine-vorteile-als-difu-multiplikator-in-an-deiner-schule\">Deine Vorteile als DiF\u00fc-Multiplikator:in an deiner Schule<\/h2>\n<\/div><\/div><\/div>\n\n\n<div class=\"wp-block-columns is-layout-flex wp-container-core-columns-is-layout-9d6595d7 wp-block-columns-is-layout-flex\">\n<div class=\"wp-block-column container mx-auto is-layout-flow wp-block-column-is-layout-flow\">\n<div class=\"wp-block-columns is-layout-flex wp-container-core-columns-is-layout-9d6595d7 wp-block-columns-is-layout-flex\">\n<div class=\"wp-block-column container mx-auto is-layout-flow wp-block-column-is-layout-flow\">\n<div class=\"wp-block-columns is-layout-flex wp-container-core-columns-is-layout-9d6595d7 wp-block-columns-is-layout-flex\">\n<div class=\"wp-block-column is-layout-flow wp-block-column-is-layout-flow\"> <div class=\"container  post_type__page\"><div class=\"row mb-3\"><div class=\"col-12 col-lg-12 offset-lg-0\">\t\n<ul class=\"wp-block-list\"> <div class=\"container  post_type__page\"><div class=\"row mb-3\"><div class=\"col-12 col-lg-12 offset-lg-0\">\t\n<li>Deine DiF\u00fc-Fortbildung tr\u00e4gt zur Weiterentwicklung deiner Schule und des Unterrichts bei, auf ihrem Weg in die digitale Welt.<\/li>\n<\/div><\/div><\/div>\n\n <div class=\"container  post_type__page\"><div class=\"row mb-3\"><div class=\"col-12 col-lg-12 offset-lg-0\">\t\n<li>Mit unserem DiF\u00fc-Workshop sparst du dir langwierige Recherchen. Im DiF\u00fc f\u00fcr Lehrkr\u00e4fte findest du kompakt, was du f\u00fcr deine Fortbildung brauchst, verst\u00e4ndlich zusammengefasst. <\/li>\n<\/div><\/div><\/div>\n\n <div class=\"container  post_type__page\"><div class=\"row mb-3\"><div class=\"col-12 col-lg-12 offset-lg-0\">\t\n<li>Mit deiner Fortbildung setzt du Vorgaben des Lehrplans zur Medienbildung in deinem Bundesland um. <\/li>\n<\/div><\/div><\/div><\/ul>\n<\/div><\/div><\/div><\/div>\n\n\n\n<div class=\"wp-block-column container is-layout-flow wp-block-column-is-layout-flow\"> <div class=\"container  post_type__page\"><div class=\"row mb-3\"><div class=\"col-12 col-lg-12 offset-lg-0\">\t\n<figure class=\"wp-block-image size-large is-resized\"><a href=\"https:\/\/difue.de\/app\/uploads\/2023\/12\/DIA8981-1-scaled.jpg\"><img loading=\"lazy\" decoding=\"async\" width=\"1024\" height=\"683\" src=\"https:\/\/difue.de\/app\/uploads\/2023\/12\/DIA8981-1-1024x683.jpg\" alt=\"\" class=\"wp-image-39099\" style=\"aspect-ratio:1.499267935578331;width:387px;height:auto\" srcset=\"https:\/\/difue.de\/app\/uploads\/2023\/12\/DIA8981-1-1024x683.jpg 1024w, https:\/\/difue.de\/app\/uploads\/2023\/12\/DIA8981-1-300x200.jpg 300w, https:\/\/difue.de\/app\/uploads\/2023\/12\/DIA8981-1-768x512.jpg 768w, https:\/\/difue.de\/app\/uploads\/2023\/12\/DIA8981-1-1536x1024.jpg 1536w, https:\/\/difue.de\/app\/uploads\/2023\/12\/DIA8981-1-2048x1366.jpg 2048w, https:\/\/difue.de\/app\/uploads\/2023\/12\/DIA8981-1-150x100.jpg 150w, https:\/\/difue.de\/app\/uploads\/2023\/12\/DIA8981-1-240x160.jpg 240w, https:\/\/difue.de\/app\/uploads\/2023\/12\/DIA8981-1-400x268.jpg 400w\" sizes=\"auto, (max-width: 1024px) 100vw, 1024px\" \/><\/a><\/figure>\n<\/div><\/div><\/div><\/div>\n<\/div>\n\n\n <div class=\"container  post_type__page\"><div class=\"row mb-3\"><div class=\"col-12 col-lg-12 offset-lg-0\">\t\n<h2 class=\"wp-block-heading\" id=\"h-anmeldung\">Anmeldung<\/h2>\n<\/div><\/div><\/div><\/div>\n<\/div>\n\n\n <div class=\"container  post_type__page\"><div class=\"row mb-3\"><div class=\"col-12 col-lg-12 offset-lg-0\">\t<div data-form-block-id=\"2e5093b0-6f9e-ee11-be37-000d3adf7da6\"><\/div>\n<p> <script src=\"https:\/\/mktdplp102cdn.azureedge.net\/public\/latest\/js\/form-loader.js?v=1.84.2007\"><\/script> <\/p>\n<div id=\"dQ9JPBVMvO-rZVztgH0v-g-h3y2vICgx-pAEoxepXMsw\"><\/div>\n<p><script src=\"https:\/\/mktdplp102cdn.azureedge.net\/public\/latest\/js\/ws-tracking.js?v=1.84.2007\"><\/script><\/p>\n<div class=\"d365-mkt-config\" style=\"display:none\" data-website-id=\"Q9JPBVMvO-rZVztgH0v-g-h3y2vICgx-pAEoxepXMsw\" data-hostname=\"b23562d32c89440eb3ac11956dd0ea4f.svc.dynamics.com\"><\/div>\n<\/div><\/div><\/div><\/div>\n<\/div>\n\n\n\n<div class=\"wp-block-columns are-vertically-aligned-center is-layout-flex wp-container-core-columns-is-layout-9d6595d7 wp-block-columns-is-layout-flex\">\n<div class=\"wp-block-column is-vertically-aligned-center is-layout-flow wp-block-column-is-layout-flow\" style=\"flex-basis:100%\"><\/div>\n<\/div>\n\n\n\n<div class=\"wp-block-columns container is-layout-flex wp-container-core-columns-is-layout-9d6595d7 wp-block-columns-is-layout-flex\">\n<div class=\"wp-block-column is-layout-flow wp-block-column-is-layout-flow\"> <div class=\"container  post_type__page\"><div class=\"row mb-3\"><div class=\"col-12 col-lg-12 offset-lg-0\">\t\n<h2 class=\"wp-block-heading\" id=\"h-was-ist-der-difu\">Was ist der DiF\u00fc?<\/h2>\n<\/div><\/div><\/div>\n\n <div class=\"container  post_type__page\"><div class=\"row mb-3\"><div class=\"col-12 col-lg-12 offset-lg-0\">\t<div style=\"width: 640px;\" class=\"wp-video\"><video class=\"wp-video-shortcode\" id=\"video-39080-1\" width=\"640\" height=\"360\" preload=\"metadata\" controls=\"controls\"><source type=\"video\/mp4\" src=\"https:\/\/difue.de\/app\/uploads\/2022\/02\/DsiN_DiFue_Motivationsvideo_V3_short_version_komprimiert.mp4?_=1\" \/><a href=\"https:\/\/difue.de\/app\/uploads\/2022\/02\/DsiN_DiFue_Motivationsvideo_V3_short_version_komprimiert.mp4\">https:\/\/difue.de\/app\/uploads\/2022\/02\/DsiN_DiFue_Motivationsvideo_V3_short_version_komprimiert.mp4<\/a><\/video><\/div>\n<\/div><\/div><\/div><\/div>\n\n\n\n<div class=\"wp-block-column is-layout-flow wp-block-column-is-layout-flow\"> <div class=\"container  post_type__page\"><div class=\"row mb-3\"><div class=\"col-12 col-lg-12 offset-lg-0\">\t\n<p>Der&nbsp;DsiN-Digitalf\u00fchrerschein (DiF\u00fc)&nbsp;ist ein bundesweit einheitliches Weiterbildungsangebot von Deutschland sicher im Netz e. V. (DsiN) und wird durch das Bundesministerium des Innern und f\u00fcr Heimat (BMI) gef\u00f6rdert.<\/p>\n<\/div><\/div><\/div>\n\n <div class=\"container  post_type__page\"><div class=\"row mb-3\"><div class=\"col-12 col-lg-12 offset-lg-0\">\t\n<p>Das Projekt erm\u00f6glicht es&nbsp;Verbraucher:innen&nbsp;aller Altersgruppen, Kompetenzen hinsichtlich der Sicherheit und des Gebrauchs digitaler Anwendungen zu erlernen und so digitale Dienste im privaten wie beruflichen Kontext souver\u00e4n anzuwenden.&nbsp;<\/p>\n<\/div><\/div><\/div>\n\n <div class=\"container  post_type__page\"><div class=\"row mb-3\"><div class=\"col-12 col-lg-12 offset-lg-0\">\t\n<p>Mit einem Fokus auf relevante Themenbereiche rund um den digitalen Schulalltag bef\u00e4higt der DiF\u00fc f\u00fcr Lehrkr\u00e4fte, sich sicher und kompetent in der digitalen Welt zu bewegen und das erworbene digitale Know-How im Unterricht umzusetzen, um schlie\u00dflich Medienkompetenzen von Kindern und Jugendlichen im Klassenraum zu f\u00f6rdern. <\/p>\n<\/div><\/div><\/div><\/div>\n<\/div>\n\n\n\n<div class=\"wp-block-columns is-layout-flex wp-container-core-columns-is-layout-9d6595d7 wp-block-columns-is-layout-flex\">\n<div class=\"wp-block-column is-layout-flow wp-block-column-is-layout-flow\"><\/div>\n<\/div>\n","protected":false},"excerpt":{"rendered":"<p>Mach dein Kollegium fit f\u00fcr den digitalen Schulalltag! Apps? Datenschutz? Cybermobbing? Und jetzt noch KI? Die Digitalisierung macht vor Schulen [&hellip;]<\/p>\n","protected":false},"author":14,"featured_media":0,"parent":0,"menu_order":910,"comment_status":"closed","ping_status":"closed","template":"","meta":{"_acf_changed":false,"inline_featured_image":false,"footnotes":""},"class_list":["post-39080","page","type-page","status-publish","hentry"],"acf":[],"yoast_head":"<!-- This site is optimized with the Yoast SEO Premium plugin v22.4 (Yoast SEO v24.7) - https:\/\/yoast.com\/wordpress\/plugins\/seo\/ -->\n<title>Workshop: Digital? Bildung? Mit dem DiF\u00fc f\u00fcr Lehrkr\u00e4fte! &#8226; Digitalf\u00fchrerschein (DiF\u00fc)<\/title>\n<meta name=\"robots\" content=\"index, follow, max-snippet:-1, max-image-preview:large, max-video-preview:-1\" \/>\n<link rel=\"canonical\" href=\"https:\/\/difue.de\/en\/digital-bildung-mit-dem-difue-fuer-lehrkraefte\/\" \/>\n<meta property=\"og:locale\" content=\"en_US\" \/>\n<meta property=\"og:type\" content=\"article\" \/>\n<meta property=\"og:title\" content=\"Workshop: Digital? Bildung? Mit dem DiF\u00fc f\u00fcr Lehrkr\u00e4fte!\" \/>\n<meta property=\"og:description\" content=\"Mach dein Kollegium fit f\u00fcr den digitalen Schulalltag! Apps? Datenschutz? Cybermobbing? Und jetzt noch KI? Die Digitalisierung macht vor Schulen [&hellip;]\" \/>\n<meta property=\"og:url\" content=\"https:\/\/difue.de\/en\/digital-bildung-mit-dem-difue-fuer-lehrkraefte\/\" \/>\n<meta property=\"og:site_name\" content=\"Digitalf\u00fchrerschein (DiF\u00fc)\" \/>\n<meta property=\"article:publisher\" content=\"https:\/\/www.facebook.com\/people\/DsiN-Digitalf%c3%bchrerschein-DiF%c3%bc\/100079074183260\/\" \/>\n<meta property=\"article:modified_time\" content=\"2024-01-12T10:22:17+00:00\" \/>\n<meta property=\"og:image\" content=\"https:\/\/difue.de\/app\/uploads\/2023\/12\/DIA8981-1-1024x683.jpg\" \/>\n<meta name=\"twitter:card\" content=\"summary_large_image\" \/>\n<meta name=\"twitter:label1\" content=\"Est. reading time\" \/>\n\t<meta name=\"twitter:data1\" content=\"2 minutes\" \/>\n<script type=\"application\/ld+json\" class=\"yoast-schema-graph\">{\"@context\":\"https:\/\/schema.org\",\"@graph\":[{\"@type\":\"WebPage\",\"@id\":\"https:\/\/difue.de\/en\/digital-bildung-mit-dem-difue-fuer-lehrkraefte\/\",\"url\":\"https:\/\/difue.de\/en\/digital-bildung-mit-dem-difue-fuer-lehrkraefte\/\",\"name\":\"Workshop: Digital? Bildung? Mit dem DiF\u00fc f\u00fcr Lehrkr\u00e4fte! &#8226; Digitalf\u00fchrerschein (DiF\u00fc)\",\"isPartOf\":{\"@id\":\"https:\/\/difue.de\/en\/#website\"},\"primaryImageOfPage\":{\"@id\":\"https:\/\/difue.de\/en\/digital-bildung-mit-dem-difue-fuer-lehrkraefte\/#primaryimage\"},\"image\":{\"@id\":\"https:\/\/difue.de\/en\/digital-bildung-mit-dem-difue-fuer-lehrkraefte\/#primaryimage\"},\"thumbnailUrl\":\"https:\/\/difue.de\/app\/uploads\/2023\/12\/DIA8981-1-1024x683.jpg\",\"datePublished\":\"2023-12-06T10:27:31+00:00\",\"dateModified\":\"2024-01-12T10:22:17+00:00\",\"breadcrumb\":{\"@id\":\"https:\/\/difue.de\/en\/digital-bildung-mit-dem-difue-fuer-lehrkraefte\/#breadcrumb\"},\"inLanguage\":\"en-US\",\"potentialAction\":[{\"@type\":\"ReadAction\",\"target\":[\"https:\/\/difue.de\/en\/digital-bildung-mit-dem-difue-fuer-lehrkraefte\/\"]}]},{\"@type\":\"ImageObject\",\"inLanguage\":\"en-US\",\"@id\":\"https:\/\/difue.de\/en\/digital-bildung-mit-dem-difue-fuer-lehrkraefte\/#primaryimage\",\"url\":\"https:\/\/difue.de\/app\/uploads\/2023\/12\/DIA8981-1-1024x683.jpg\",\"contentUrl\":\"https:\/\/difue.de\/app\/uploads\/2023\/12\/DIA8981-1-1024x683.jpg\"},{\"@type\":\"BreadcrumbList\",\"@id\":\"https:\/\/difue.de\/en\/digital-bildung-mit-dem-difue-fuer-lehrkraefte\/#breadcrumb\",\"itemListElement\":[{\"@type\":\"ListItem\",\"position\":1,\"name\":\"Startseite\",\"item\":\"https:\/\/difue.de\/en\/startseite\/\"},{\"@type\":\"ListItem\",\"position\":2,\"name\":\"Workshop: Digital? Bildung? Mit dem DiF\u00fc f\u00fcr Lehrkr\u00e4fte!\"}]},{\"@type\":\"WebSite\",\"@id\":\"https:\/\/difue.de\/en\/#website\",\"url\":\"https:\/\/difue.de\/en\/\",\"name\":\"Digitalf\u00fchrerschein (DiF\u00fc)\",\"description\":\"\",\"publisher\":{\"@id\":\"https:\/\/difue.de\/en\/#organization\"},\"potentialAction\":[{\"@type\":\"SearchAction\",\"target\":{\"@type\":\"EntryPoint\",\"urlTemplate\":\"https:\/\/difue.de\/en\/?s={search_term_string}\"},\"query-input\":{\"@type\":\"PropertyValueSpecification\",\"valueRequired\":true,\"valueName\":\"search_term_string\"}}],\"inLanguage\":\"en-US\"},{\"@type\":\"Organization\",\"@id\":\"https:\/\/difue.de\/en\/#organization\",\"name\":\"Digitalf\u00fchrerschein (DiF\u00fc)\",\"url\":\"https:\/\/difue.de\/en\/\",\"logo\":{\"@type\":\"ImageObject\",\"inLanguage\":\"en-US\",\"@id\":\"https:\/\/difue.de\/en\/#\/schema\/logo\/image\/\",\"url\":\"https:\/\/difue.de\/app\/uploads\/2021\/09\/difue-logo.svg\",\"contentUrl\":\"https:\/\/difue.de\/app\/uploads\/2021\/09\/difue-logo.svg\",\"width\":200,\"height\":149,\"caption\":\"Digitalf\u00fchrerschein (DiF\u00fc)\"},\"image\":{\"@id\":\"https:\/\/difue.de\/en\/#\/schema\/logo\/image\/\"},\"sameAs\":[\"https:\/\/www.facebook.com\/people\/DsiN-Digitalf\u00fchrerschein-DiF\u00fc\/100079074183260\/\",\"https:\/\/www.instagram.com\/dsin_digitalfuehrerschein\/\"]}]}<\/script>\n<!-- \/ Yoast SEO Premium plugin. -->","yoast_head_json":{"title":"Workshop: Digital? Bildung? Mit dem DiF\u00fc f\u00fcr Lehrkr\u00e4fte! &#8226; Digitalf\u00fchrerschein (DiF\u00fc)","robots":{"index":"index","follow":"follow","max-snippet":"max-snippet:-1","max-image-preview":"max-image-preview:large","max-video-preview":"max-video-preview:-1"},"canonical":"https:\/\/difue.de\/en\/digital-bildung-mit-dem-difue-fuer-lehrkraefte\/","og_locale":"en_US","og_type":"article","og_title":"Workshop: Digital? Bildung? Mit dem DiF\u00fc f\u00fcr Lehrkr\u00e4fte!","og_description":"Mach dein Kollegium fit f\u00fcr den digitalen Schulalltag! Apps? Datenschutz? Cybermobbing? Und jetzt noch KI? Die Digitalisierung macht vor Schulen [&hellip;]","og_url":"https:\/\/difue.de\/en\/digital-bildung-mit-dem-difue-fuer-lehrkraefte\/","og_site_name":"Digitalf\u00fchrerschein (DiF\u00fc)","article_publisher":"https:\/\/www.facebook.com\/people\/DsiN-Digitalf%c3%bchrerschein-DiF%c3%bc\/100079074183260\/","article_modified_time":"2024-01-12T10:22:17+00:00","og_image":[{"url":"https:\/\/difue.de\/app\/uploads\/2023\/12\/DIA8981-1-1024x683.jpg","type":"","width":"","height":""}],"twitter_card":"summary_large_image","twitter_misc":{"Est. reading time":"2 minutes"},"schema":{"@context":"https:\/\/schema.org","@graph":[{"@type":"WebPage","@id":"https:\/\/difue.de\/en\/digital-bildung-mit-dem-difue-fuer-lehrkraefte\/","url":"https:\/\/difue.de\/en\/digital-bildung-mit-dem-difue-fuer-lehrkraefte\/","name":"Workshop: Digital? Bildung? Mit dem DiF\u00fc f\u00fcr Lehrkr\u00e4fte! &#8226; Digitalf\u00fchrerschein (DiF\u00fc)","isPartOf":{"@id":"https:\/\/difue.de\/en\/#website"},"primaryImageOfPage":{"@id":"https:\/\/difue.de\/en\/digital-bildung-mit-dem-difue-fuer-lehrkraefte\/#primaryimage"},"image":{"@id":"https:\/\/difue.de\/en\/digital-bildung-mit-dem-difue-fuer-lehrkraefte\/#primaryimage"},"thumbnailUrl":"https:\/\/difue.de\/app\/uploads\/2023\/12\/DIA8981-1-1024x683.jpg","datePublished":"2023-12-06T10:27:31+00:00","dateModified":"2024-01-12T10:22:17+00:00","breadcrumb":{"@id":"https:\/\/difue.de\/en\/digital-bildung-mit-dem-difue-fuer-lehrkraefte\/#breadcrumb"},"inLanguage":"en-US","potentialAction":[{"@type":"ReadAction","target":["https:\/\/difue.de\/en\/digital-bildung-mit-dem-difue-fuer-lehrkraefte\/"]}]},{"@type":"ImageObject","inLanguage":"en-US","@id":"https:\/\/difue.de\/en\/digital-bildung-mit-dem-difue-fuer-lehrkraefte\/#primaryimage","url":"https:\/\/difue.de\/app\/uploads\/2023\/12\/DIA8981-1-1024x683.jpg","contentUrl":"https:\/\/difue.de\/app\/uploads\/2023\/12\/DIA8981-1-1024x683.jpg"},{"@type":"BreadcrumbList","@id":"https:\/\/difue.de\/en\/digital-bildung-mit-dem-difue-fuer-lehrkraefte\/#breadcrumb","itemListElement":[{"@type":"ListItem","position":1,"name":"Startseite","item":"https:\/\/difue.de\/en\/startseite\/"},{"@type":"ListItem","position":2,"name":"Workshop: Digital? Bildung? Mit dem DiF\u00fc f\u00fcr Lehrkr\u00e4fte!"}]},{"@type":"WebSite","@id":"https:\/\/difue.de\/en\/#website","url":"https:\/\/difue.de\/en\/","name":"Digitalf\u00fchrerschein (DiF\u00fc)","description":"","publisher":{"@id":"https:\/\/difue.de\/en\/#organization"},"potentialAction":[{"@type":"SearchAction","target":{"@type":"EntryPoint","urlTemplate":"https:\/\/difue.de\/en\/?s={search_term_string}"},"query-input":{"@type":"PropertyValueSpecification","valueRequired":true,"valueName":"search_term_string"}}],"inLanguage":"en-US"},{"@type":"Organization","@id":"https:\/\/difue.de\/en\/#organization","name":"Digitalf\u00fchrerschein (DiF\u00fc)","url":"https:\/\/difue.de\/en\/","logo":{"@type":"ImageObject","inLanguage":"en-US","@id":"https:\/\/difue.de\/en\/#\/schema\/logo\/image\/","url":"https:\/\/difue.de\/app\/uploads\/2021\/09\/difue-logo.svg","contentUrl":"https:\/\/difue.de\/app\/uploads\/2021\/09\/difue-logo.svg","width":200,"height":149,"caption":"Digitalf\u00fchrerschein (DiF\u00fc)"},"image":{"@id":"https:\/\/difue.de\/en\/#\/schema\/logo\/image\/"},"sameAs":["https:\/\/www.facebook.com\/people\/DsiN-Digitalf\u00fchrerschein-DiF\u00fc\/100079074183260\/","https:\/\/www.instagram.com\/dsin_digitalfuehrerschein\/"]}]}},"_links":{"self":[{"href":"https:\/\/difue.de\/en\/wp-json\/wp\/v2\/pages\/39080","targetHints":{"allow":["GET"]}}],"collection":[{"href":"https:\/\/difue.de\/en\/wp-json\/wp\/v2\/pages"}],"about":[{"href":"https:\/\/difue.de\/en\/wp-json\/wp\/v2\/types\/page"}],"author":[{"embeddable":true,"href":"https:\/\/difue.de\/en\/wp-json\/wp\/v2\/users\/14"}],"replies":[{"embeddable":true,"href":"https:\/\/difue.de\/en\/wp-json\/wp\/v2\/comments?post=39080"}],"version-history":[{"count":57,"href":"https:\/\/difue.de\/en\/wp-json\/wp\/v2\/pages\/39080\/revisions"}],"predecessor-version":[{"id":39999,"href":"https:\/\/difue.de\/en\/wp-json\/wp\/v2\/pages\/39080\/revisions\/39999"}],"wp:attachment":[{"href":"https:\/\/difue.de\/en\/wp-json\/wp\/v2\/media?parent=39080"}],"curies":[{"name":"wp","href":"https:\/\/api.w.org\/{rel}","templated":true}]}}