{"id":40500,"date":"2024-02-07T15:22:28","date_gmt":"2024-02-07T14:22:28","guid":{"rendered":"https:\/\/difue.de\/?page_id=40500"},"modified":"2024-02-29T11:31:15","modified_gmt":"2024-02-29T10:31:15","slug":"coffee-break-virtuelles-netzwerktreffen","status":"publish","type":"page","link":"https:\/\/difue.de\/en\/coffee-break-virtuelles-netzwerktreffen\/","title":{"rendered":"DiF\u00fc Coffee Break: virtuelles Netzwerktreffen"},"content":{"rendered":"\n<div class=\"wp-block-columns container is-layout-flex wp-container-core-columns-is-layout-9d6595d7 wp-block-columns-is-layout-flex\">\n<div class=\"wp-block-column is-layout-flow wp-block-column-is-layout-flow\"> <div class=\"container  post_type__page\"><div class=\"row mb-3\"><div class=\"col-12 col-lg-12 offset-lg-0\">\t\n<p>Der DsiN-Digitalf\u00fchrerschein (DiF\u00fc) lebt von seinen Nutzer:innen \u2013 deshalb m\u00f6chten wir Organisationen, die den DiF\u00fc bei sich bereits nutzen oder nutzen m\u00f6chten, zu einem Informationsaustausch einladen.&nbsp;<\/p>\n<\/div><\/div><\/div>\n\n <div class=\"container  post_type__page\"><div class=\"row mb-3\"><div class=\"col-12 col-lg-12 offset-lg-0\">\t\n<p>In unserem Format \u201eDiF\u00fc Coffee Break\u201c steht der Austausch sowie die Vernetzung unter Ihnen, unseren Multiplikator:innen, im Vordergrund: Welche Erfahrungen haben Organisationen und Unternehmen mit dem DiF\u00fc gemacht? Wo liegen die Herausforderungen und welche L\u00f6sungsans\u00e4tze haben sich bew\u00e4hrt?&nbsp;<\/p>\n<\/div><\/div><\/div>\n\n <div class=\"container  post_type__page\"><div class=\"row mb-3\"><div class=\"col-12 col-lg-12 offset-lg-0\">\t\n<p>Dabei beginnen wir mit einem Impulsvortrag \u00fcber die neuesten Entwicklungen beim DiF\u00fc, gefolgt von einer kurzen Vorstellung ausgew\u00e4hlter Best-Practice-Cases. Zu Gast sein werden Vertreter:innen der GP G\u00fcnter Papenburg AG sowie der Handwerkskammer f\u00fcr Oberfranken, die den DiF\u00fc seit vergangenem Jahr als internes Fortbildungsinstrument nutzen. Anschlie\u00dfend haben Sie die M\u00f6glichkeit, sich in Break-Out-Sessions auszutauschen, Ihre Erfahrungen zu teilen, sich miteinander zu vernetzen sowie R\u00fcckfragen an das DiF\u00fc-Team zu stellen. Au\u00dferdem sammeln wir gemeinsam Verbesserungsvorschl\u00e4ge und Ideen f\u00fcr zuk\u00fcnftige Entwicklungen.\u00a0<\/p>\n<\/div><\/div><\/div>\n\n <div class=\"container  post_type__page\"><div class=\"row mb-3\"><div class=\"col-12 col-lg-12 offset-lg-0\">\t\n<p>Wir freuen uns auf den Austausch mit Ihnen!&nbsp;<\/p>\n<\/div><\/div><\/div><\/div>\n\n\n\n<div class=\"wp-block-column is-layout-flow wp-block-column-is-layout-flow\"> <div class=\"container  post_type__page\"><div class=\"row mb-3\"><div class=\"col-12 col-lg-12 offset-lg-0\">\t\n<figure class=\"wp-block-image size-large\"><a href=\"https:\/\/difue.de\/app\/uploads\/2024\/02\/headway-5QgIuuBxKwM-unsplash-2-scaled.jpg\"><img loading=\"lazy\" decoding=\"async\" width=\"1024\" height=\"683\" src=\"https:\/\/difue.de\/app\/uploads\/2024\/02\/headway-5QgIuuBxKwM-unsplash-2-1024x683.jpg\" alt=\"\" class=\"wp-image-40519\" srcset=\"https:\/\/difue.de\/app\/uploads\/2024\/02\/headway-5QgIuuBxKwM-unsplash-2-1024x683.jpg 1024w, https:\/\/difue.de\/app\/uploads\/2024\/02\/headway-5QgIuuBxKwM-unsplash-2-300x200.jpg 300w, https:\/\/difue.de\/app\/uploads\/2024\/02\/headway-5QgIuuBxKwM-unsplash-2-768x512.jpg 768w, https:\/\/difue.de\/app\/uploads\/2024\/02\/headway-5QgIuuBxKwM-unsplash-2-1536x1024.jpg 1536w, https:\/\/difue.de\/app\/uploads\/2024\/02\/headway-5QgIuuBxKwM-unsplash-2-2048x1365.jpg 2048w, https:\/\/difue.de\/app\/uploads\/2024\/02\/headway-5QgIuuBxKwM-unsplash-2-150x100.jpg 150w, https:\/\/difue.de\/app\/uploads\/2024\/02\/headway-5QgIuuBxKwM-unsplash-2-240x160.jpg 240w, https:\/\/difue.de\/app\/uploads\/2024\/02\/headway-5QgIuuBxKwM-unsplash-2-400x268.jpg 400w\" sizes=\"auto, (max-width: 1024px) 100vw, 1024px\" \/><\/a><\/figure>\n<\/div><\/div><\/div><\/div>\n<\/div>\n\n\n\n<div class=\"wp-block-columns container is-layout-flex wp-container-core-columns-is-layout-9d6595d7 wp-block-columns-is-layout-flex\">\n<div class=\"wp-block-column is-vertically-aligned-center is-layout-flow wp-block-column-is-layout-flow\">\n<div class=\"wp-block-columns is-layout-flex wp-container-core-columns-is-layout-9d6595d7 wp-block-columns-is-layout-flex\">\n<div class=\"wp-block-column is-layout-flow wp-block-column-is-layout-flow\"> <div class=\"container  post_type__page\"><div class=\"row mb-3\"><div class=\"col-12 col-lg-12 offset-lg-0\">\t\n<p><strong>Datum: 06. M\u00e4rz 2024<\/strong><br><strong>Uhrzeit: 14:00 &#8211; 15:00 Uhr<\/strong>&nbsp;<br><strong>Ort: virtuell via Zoom<\/strong>&nbsp;<\/p>\n<\/div><\/div><\/div>\n\n <div class=\"container  post_type__page\"><div class=\"row mb-3\"><div class=\"col-12 col-lg-12 offset-lg-0\">\t\n<p>Bitte registrieren Sie sich bei Interesse <strong>bis zum 05. M\u00e4rz 2024<\/strong> per E-Mail: <a href=\"mailto:partner@difue.de\" target=\"_blank\" rel=\"noreferrer noopener\">partner@difue.de<\/a><\/p>\n<\/div><\/div><\/div><\/div>\n\n\n\n<div class=\"wp-block-column is-layout-flow wp-block-column-is-layout-flow\"> <div class=\"container  post_type__page\"><div class=\"row mb-3\"><div class=\"col-12 col-lg-12 offset-lg-0\">\t\n<p><\/p>\n<\/div><\/div><\/div><\/div>\n<\/div>\n<\/div>\n<\/div>\n\n\n\n<div class=\"wp-block-columns container is-layout-flex wp-container-core-columns-is-layout-9d6595d7 wp-block-columns-is-layout-flex\">\n<div class=\"wp-block-column is-layout-flow wp-block-column-is-layout-flow\"> <div class=\"container  post_type__page\"><div class=\"row mb-3\"><div class=\"col-12 col-lg-12 offset-lg-0\">\t\n<h2 class=\"wp-block-heading has-text-align-center\" id=\"h-uber-den-digitalfuhrerschein-difu\">\u00dcber den Digitalf\u00fchrerschein (DiF\u00fc)<\/h2>\n<\/div><\/div><\/div>\n\n <div class=\"container  post_type__page\"><div class=\"row mb-3\"><div class=\"col-12 col-lg-12 offset-lg-0\">\t\n<p>Der Digitalf\u00fchrerschein (DiF\u00fc) ist ein bundesweit einheitliches Bildungs- und Zertifizierungsangebot mit Fokus auf relevante Themenbereiche rund um den digitalen Alltag. Nutzer:innen aller Altersgruppen haben die M\u00f6glichkeit, sich Kompetenzen hinsichtlich der Sicherheit und des Gebrauchs digitaler Anwendungen anzueignen und sind dadurch in der Lage, digitale Dienste im privaten, beruflichen sowie ehrenamtlichen Kontext souver\u00e4n zu nutzen.<\/p>\n<\/div><\/div><\/div>\n\n <div class=\"container  post_type__page\"><div class=\"row mb-3\"><div class=\"col-12 col-lg-12 offset-lg-0\">\t\n<p>Gef\u00f6rdert durch Mittel des Bundesministeriums des Innern und f\u00fcr Heimat (BMI) hat Deutschland sicher im Netz e. V. (DsiN) den DiF\u00fc entwickelt, um ein deutschlandweit verbreitetes Format zu schaffen, das den Stand der individuellen digitalen Kompetenz aufzeigt und f\u00fcr Dritte (wie beispielsweise Arbeitgeber) nachvollziehbar macht.<\/p>\n<\/div><\/div><\/div><\/div>\n<\/div>\n","protected":false},"excerpt":{"rendered":"<p>Der DsiN-Digitalf\u00fchrerschein (DiF\u00fc) lebt von seinen Nutzer:innen \u2013 deshalb m\u00f6chten wir Organisationen, die den DiF\u00fc bei sich bereits nutzen oder [&hellip;]<\/p>\n","protected":false},"author":8754,"featured_media":0,"parent":0,"menu_order":0,"comment_status":"closed","ping_status":"closed","template":"","meta":{"_acf_changed":false,"inline_featured_image":false,"footnotes":""},"class_list":["post-40500","page","type-page","status-publish","hentry"],"acf":[],"yoast_head":"<!-- This site is optimized with the Yoast SEO Premium plugin v22.4 (Yoast SEO v24.7) - https:\/\/yoast.com\/wordpress\/plugins\/seo\/ -->\n<title>DiF\u00fc Coffee Break: virtuelles Netzwerktreffen &#8226; Digitalf\u00fchrerschein (DiF\u00fc)<\/title>\n<meta name=\"description\" content=\"Beim \u201eDiF\u00fc Coffee Break\u201c tauschen sich Multiplikator:innen aus. Welche Erfahrungen haben Organisationen und Unternehmen mit dem DiF\u00fc gemacht? Wo liegen die Herausforderungen und welche L\u00f6sungsans\u00e4tze haben sich bew\u00e4hrt?\u00a0\" \/>\n<meta name=\"robots\" content=\"index, follow, max-snippet:-1, max-image-preview:large, max-video-preview:-1\" \/>\n<link rel=\"canonical\" href=\"https:\/\/difue.de\/en\/coffee-break-virtuelles-netzwerktreffen\/\" \/>\n<meta property=\"og:locale\" content=\"en_US\" \/>\n<meta property=\"og:type\" content=\"article\" \/>\n<meta property=\"og:title\" content=\"DiF\u00fc Coffee Break: virtuelles Netzwerktreffen\" \/>\n<meta property=\"og:description\" content=\"Beim \u201eDiF\u00fc Coffee Break\u201c tauschen sich Multiplikator:innen aus. Welche Erfahrungen haben Organisationen und Unternehmen mit dem DiF\u00fc gemacht? Wo liegen die Herausforderungen und welche L\u00f6sungsans\u00e4tze haben sich bew\u00e4hrt?\u00a0\" \/>\n<meta property=\"og:url\" content=\"https:\/\/difue.de\/en\/coffee-break-virtuelles-netzwerktreffen\/\" \/>\n<meta property=\"og:site_name\" content=\"Digitalf\u00fchrerschein (DiF\u00fc)\" \/>\n<meta property=\"article:publisher\" content=\"https:\/\/www.facebook.com\/people\/DsiN-Digitalf%c3%bchrerschein-DiF%c3%bc\/100079074183260\/\" \/>\n<meta property=\"article:modified_time\" content=\"2024-02-29T10:31:15+00:00\" \/>\n<meta property=\"og:image\" content=\"https:\/\/difue.de\/app\/uploads\/2024\/02\/headway-5QgIuuBxKwM-unsplash-2-1024x683.jpg\" \/>\n<meta name=\"twitter:card\" content=\"summary_large_image\" \/>\n<meta name=\"twitter:label1\" content=\"Est. reading time\" \/>\n\t<meta name=\"twitter:data1\" content=\"2 minutes\" \/>\n<script type=\"application\/ld+json\" class=\"yoast-schema-graph\">{\"@context\":\"https:\/\/schema.org\",\"@graph\":[{\"@type\":\"WebPage\",\"@id\":\"https:\/\/difue.de\/en\/coffee-break-virtuelles-netzwerktreffen\/\",\"url\":\"https:\/\/difue.de\/en\/coffee-break-virtuelles-netzwerktreffen\/\",\"name\":\"DiF\u00fc Coffee Break: virtuelles Netzwerktreffen &#8226; Digitalf\u00fchrerschein (DiF\u00fc)\",\"isPartOf\":{\"@id\":\"https:\/\/difue.de\/en\/#website\"},\"primaryImageOfPage\":{\"@id\":\"https:\/\/difue.de\/en\/coffee-break-virtuelles-netzwerktreffen\/#primaryimage\"},\"image\":{\"@id\":\"https:\/\/difue.de\/en\/coffee-break-virtuelles-netzwerktreffen\/#primaryimage\"},\"thumbnailUrl\":\"https:\/\/difue.de\/app\/uploads\/2024\/02\/headway-5QgIuuBxKwM-unsplash-2-1024x683.jpg\",\"datePublished\":\"2024-02-07T14:22:28+00:00\",\"dateModified\":\"2024-02-29T10:31:15+00:00\",\"description\":\"Beim \u201eDiF\u00fc Coffee Break\u201c tauschen sich Multiplikator:innen aus. Welche Erfahrungen haben Organisationen und Unternehmen mit dem DiF\u00fc gemacht? Wo liegen die Herausforderungen und welche L\u00f6sungsans\u00e4tze haben sich bew\u00e4hrt?\u00a0\",\"breadcrumb\":{\"@id\":\"https:\/\/difue.de\/en\/coffee-break-virtuelles-netzwerktreffen\/#breadcrumb\"},\"inLanguage\":\"en-US\",\"potentialAction\":[{\"@type\":\"ReadAction\",\"target\":[\"https:\/\/difue.de\/en\/coffee-break-virtuelles-netzwerktreffen\/\"]}]},{\"@type\":\"ImageObject\",\"inLanguage\":\"en-US\",\"@id\":\"https:\/\/difue.de\/en\/coffee-break-virtuelles-netzwerktreffen\/#primaryimage\",\"url\":\"https:\/\/difue.de\/app\/uploads\/2024\/02\/headway-5QgIuuBxKwM-unsplash-2-1024x683.jpg\",\"contentUrl\":\"https:\/\/difue.de\/app\/uploads\/2024\/02\/headway-5QgIuuBxKwM-unsplash-2-1024x683.jpg\"},{\"@type\":\"BreadcrumbList\",\"@id\":\"https:\/\/difue.de\/en\/coffee-break-virtuelles-netzwerktreffen\/#breadcrumb\",\"itemListElement\":[{\"@type\":\"ListItem\",\"position\":1,\"name\":\"Startseite\",\"item\":\"https:\/\/difue.de\/en\/startseite\/\"},{\"@type\":\"ListItem\",\"position\":2,\"name\":\"DiF\u00fc Coffee Break: virtuelles Netzwerktreffen\"}]},{\"@type\":\"WebSite\",\"@id\":\"https:\/\/difue.de\/en\/#website\",\"url\":\"https:\/\/difue.de\/en\/\",\"name\":\"Digitalf\u00fchrerschein (DiF\u00fc)\",\"description\":\"\",\"publisher\":{\"@id\":\"https:\/\/difue.de\/en\/#organization\"},\"potentialAction\":[{\"@type\":\"SearchAction\",\"target\":{\"@type\":\"EntryPoint\",\"urlTemplate\":\"https:\/\/difue.de\/en\/?s={search_term_string}\"},\"query-input\":{\"@type\":\"PropertyValueSpecification\",\"valueRequired\":true,\"valueName\":\"search_term_string\"}}],\"inLanguage\":\"en-US\"},{\"@type\":\"Organization\",\"@id\":\"https:\/\/difue.de\/en\/#organization\",\"name\":\"Digitalf\u00fchrerschein (DiF\u00fc)\",\"url\":\"https:\/\/difue.de\/en\/\",\"logo\":{\"@type\":\"ImageObject\",\"inLanguage\":\"en-US\",\"@id\":\"https:\/\/difue.de\/en\/#\/schema\/logo\/image\/\",\"url\":\"https:\/\/difue.de\/app\/uploads\/2021\/09\/difue-logo.svg\",\"contentUrl\":\"https:\/\/difue.de\/app\/uploads\/2021\/09\/difue-logo.svg\",\"width\":200,\"height\":149,\"caption\":\"Digitalf\u00fchrerschein (DiF\u00fc)\"},\"image\":{\"@id\":\"https:\/\/difue.de\/en\/#\/schema\/logo\/image\/\"},\"sameAs\":[\"https:\/\/www.facebook.com\/people\/DsiN-Digitalf\u00fchrerschein-DiF\u00fc\/100079074183260\/\",\"https:\/\/www.instagram.com\/dsin_digitalfuehrerschein\/\"]}]}<\/script>\n<!-- \/ Yoast SEO Premium plugin. -->","yoast_head_json":{"title":"DiF\u00fc Coffee Break: virtuelles Netzwerktreffen &#8226; Digitalf\u00fchrerschein (DiF\u00fc)","description":"Beim \u201eDiF\u00fc Coffee Break\u201c tauschen sich Multiplikator:innen aus. Welche Erfahrungen haben Organisationen und Unternehmen mit dem DiF\u00fc gemacht? Wo liegen die Herausforderungen und welche L\u00f6sungsans\u00e4tze haben sich bew\u00e4hrt?\u00a0","robots":{"index":"index","follow":"follow","max-snippet":"max-snippet:-1","max-image-preview":"max-image-preview:large","max-video-preview":"max-video-preview:-1"},"canonical":"https:\/\/difue.de\/en\/coffee-break-virtuelles-netzwerktreffen\/","og_locale":"en_US","og_type":"article","og_title":"DiF\u00fc Coffee Break: virtuelles Netzwerktreffen","og_description":"Beim \u201eDiF\u00fc Coffee Break\u201c tauschen sich Multiplikator:innen aus. Welche Erfahrungen haben Organisationen und Unternehmen mit dem DiF\u00fc gemacht? Wo liegen die Herausforderungen und welche L\u00f6sungsans\u00e4tze haben sich bew\u00e4hrt?\u00a0","og_url":"https:\/\/difue.de\/en\/coffee-break-virtuelles-netzwerktreffen\/","og_site_name":"Digitalf\u00fchrerschein (DiF\u00fc)","article_publisher":"https:\/\/www.facebook.com\/people\/DsiN-Digitalf%c3%bchrerschein-DiF%c3%bc\/100079074183260\/","article_modified_time":"2024-02-29T10:31:15+00:00","og_image":[{"url":"https:\/\/difue.de\/app\/uploads\/2024\/02\/headway-5QgIuuBxKwM-unsplash-2-1024x683.jpg","type":"","width":"","height":""}],"twitter_card":"summary_large_image","twitter_misc":{"Est. reading time":"2 minutes"},"schema":{"@context":"https:\/\/schema.org","@graph":[{"@type":"WebPage","@id":"https:\/\/difue.de\/en\/coffee-break-virtuelles-netzwerktreffen\/","url":"https:\/\/difue.de\/en\/coffee-break-virtuelles-netzwerktreffen\/","name":"DiF\u00fc Coffee Break: virtuelles Netzwerktreffen &#8226; Digitalf\u00fchrerschein (DiF\u00fc)","isPartOf":{"@id":"https:\/\/difue.de\/en\/#website"},"primaryImageOfPage":{"@id":"https:\/\/difue.de\/en\/coffee-break-virtuelles-netzwerktreffen\/#primaryimage"},"image":{"@id":"https:\/\/difue.de\/en\/coffee-break-virtuelles-netzwerktreffen\/#primaryimage"},"thumbnailUrl":"https:\/\/difue.de\/app\/uploads\/2024\/02\/headway-5QgIuuBxKwM-unsplash-2-1024x683.jpg","datePublished":"2024-02-07T14:22:28+00:00","dateModified":"2024-02-29T10:31:15+00:00","description":"Beim \u201eDiF\u00fc Coffee Break\u201c tauschen sich Multiplikator:innen aus. Welche Erfahrungen haben Organisationen und Unternehmen mit dem DiF\u00fc gemacht? Wo liegen die Herausforderungen und welche L\u00f6sungsans\u00e4tze haben sich bew\u00e4hrt?\u00a0","breadcrumb":{"@id":"https:\/\/difue.de\/en\/coffee-break-virtuelles-netzwerktreffen\/#breadcrumb"},"inLanguage":"en-US","potentialAction":[{"@type":"ReadAction","target":["https:\/\/difue.de\/en\/coffee-break-virtuelles-netzwerktreffen\/"]}]},{"@type":"ImageObject","inLanguage":"en-US","@id":"https:\/\/difue.de\/en\/coffee-break-virtuelles-netzwerktreffen\/#primaryimage","url":"https:\/\/difue.de\/app\/uploads\/2024\/02\/headway-5QgIuuBxKwM-unsplash-2-1024x683.jpg","contentUrl":"https:\/\/difue.de\/app\/uploads\/2024\/02\/headway-5QgIuuBxKwM-unsplash-2-1024x683.jpg"},{"@type":"BreadcrumbList","@id":"https:\/\/difue.de\/en\/coffee-break-virtuelles-netzwerktreffen\/#breadcrumb","itemListElement":[{"@type":"ListItem","position":1,"name":"Startseite","item":"https:\/\/difue.de\/en\/startseite\/"},{"@type":"ListItem","position":2,"name":"DiF\u00fc Coffee Break: virtuelles Netzwerktreffen"}]},{"@type":"WebSite","@id":"https:\/\/difue.de\/en\/#website","url":"https:\/\/difue.de\/en\/","name":"Digitalf\u00fchrerschein (DiF\u00fc)","description":"","publisher":{"@id":"https:\/\/difue.de\/en\/#organization"},"potentialAction":[{"@type":"SearchAction","target":{"@type":"EntryPoint","urlTemplate":"https:\/\/difue.de\/en\/?s={search_term_string}"},"query-input":{"@type":"PropertyValueSpecification","valueRequired":true,"valueName":"search_term_string"}}],"inLanguage":"en-US"},{"@type":"Organization","@id":"https:\/\/difue.de\/en\/#organization","name":"Digitalf\u00fchrerschein (DiF\u00fc)","url":"https:\/\/difue.de\/en\/","logo":{"@type":"ImageObject","inLanguage":"en-US","@id":"https:\/\/difue.de\/en\/#\/schema\/logo\/image\/","url":"https:\/\/difue.de\/app\/uploads\/2021\/09\/difue-logo.svg","contentUrl":"https:\/\/difue.de\/app\/uploads\/2021\/09\/difue-logo.svg","width":200,"height":149,"caption":"Digitalf\u00fchrerschein (DiF\u00fc)"},"image":{"@id":"https:\/\/difue.de\/en\/#\/schema\/logo\/image\/"},"sameAs":["https:\/\/www.facebook.com\/people\/DsiN-Digitalf\u00fchrerschein-DiF\u00fc\/100079074183260\/","https:\/\/www.instagram.com\/dsin_digitalfuehrerschein\/"]}]}},"_links":{"self":[{"href":"https:\/\/difue.de\/en\/wp-json\/wp\/v2\/pages\/40500","targetHints":{"allow":["GET"]}}],"collection":[{"href":"https:\/\/difue.de\/en\/wp-json\/wp\/v2\/pages"}],"about":[{"href":"https:\/\/difue.de\/en\/wp-json\/wp\/v2\/types\/page"}],"author":[{"embeddable":true,"href":"https:\/\/difue.de\/en\/wp-json\/wp\/v2\/users\/8754"}],"replies":[{"embeddable":true,"href":"https:\/\/difue.de\/en\/wp-json\/wp\/v2\/comments?post=40500"}],"version-history":[{"count":19,"href":"https:\/\/difue.de\/en\/wp-json\/wp\/v2\/pages\/40500\/revisions"}],"predecessor-version":[{"id":41368,"href":"https:\/\/difue.de\/en\/wp-json\/wp\/v2\/pages\/40500\/revisions\/41368"}],"wp:attachment":[{"href":"https:\/\/difue.de\/en\/wp-json\/wp\/v2\/media?parent=40500"}],"curies":[{"name":"wp","href":"https:\/\/api.w.org\/{rel}","templated":true}]}}