{"id":43079,"date":"2021-09-29T15:59:28","date_gmt":"2021-09-29T13:59:28","guid":{"rendered":"https:\/\/difue.de\/digitalfuehrerschein\/"},"modified":"2024-06-17T13:42:48","modified_gmt":"2024-06-17T11:42:48","slug":"digitalfuehrerschein","status":"publish","type":"page","link":"https:\/\/difue.de\/en\/digitalfuehrerschein\/","title":{"rendered":"DsiN-Digitalf\u00fchrerschein (DiF\u00fc)"},"content":{"rendered":"<section class=\"block__video mb-6\">\n\t<div class=\"container\">\n\t\t<div class=\"row\">\n\t\t\t<div class=\"col-12\">\n\t\t\t\t<video src=\"https:\/\/difue.de\/app\/uploads\/2024\/06\/Video_1_DsiN_DiFue_Motivationsvideo_Untertitel_ENG.mp4\"\n\t\t\t\t\t   class=\"w-100\"\n                       preload=\"none\"\n                       type=\"video\/mp4\"\n\t\t\t\t\t   poster=\"https:\/\/difue.de\/app\/uploads\/2022\/02\/vlcsnap-2022-02-10-13h55m05s637-1536x864.png\"\n\t\t\t\t>\n                                <\/video>\n\t\t\t\t<button type=\"button\" class=\"block__video__play_button\" aria-label=\"Abspielen\"><?xml version=\"1.0\" encoding=\"utf-8\"?>\n<!-- Generator: Adobe Illustrator 26.0.0, SVG Export Plug-In . SVG Version: 6.00 Build 0)  -->\n<svg version=\"1.1\" class=\"svg-circle-play\" xmlns=\"http:\/\/www.w3.org\/2000\/svg\" xmlns:xlink=\"http:\/\/www.w3.org\/1999\/xlink\" x=\"0px\" y=\"0px\"\n\t viewBox=\"0 0 60 60\" style=\"enable-background:new 0 0 60 60;\" xml:space=\"preserve\">\n<style type=\"text\/css\">\n\t.st0{fill:#FFFFFF;}\n\t.st1{fill:none;stroke:#66CCCC;stroke-width:4;}\n\t.st2{fill:#66CCCC;}\n<\/style>\n<g transform=\"translate(-312 -109)\">\n\t<g transform=\"matrix(1, 0, 0, 1, 312, 109)\">\n\t\t<g transform=\"translate(9 6)\">\n\t\t\t<circle class=\"st0\" cx=\"21\" cy=\"24\" r=\"30\"\/>\n\t\t\t<circle class=\"st1\" cx=\"21\" cy=\"24\" r=\"28\"\/>\n\t\t<\/g>\n\t<\/g>\n\t<path class=\"st2\" d=\"M356.9,136.6l-20.6-12.2c-1.3-0.8-3-0.4-3.8,1c-0.3,0.4-0.4,0.9-0.4,1.5v24.4\n\t\tc0,1.6,1.3,2.8,2.8,2.8c0.5,0,1-0.1,1.4-0.4l20.6-12.2c1.3-0.8,1.8-2.5,1-3.8C357.6,137.2,357.3,136.8,356.9,136.6z\"\/>\n<\/g>\n<\/svg>\n<\/button>\n\t\t\t<\/div>\n\t\t<\/div>\n\t<\/div>\n<\/section>\n\n\n\n<section class=\"block__cta text-align-center mb-6\">\n\t<div class=\"container\">\n\t\t<div class=\"row\">\n\t\t\t<div class=\"col-12 col-lg-4 offset-lg-4\">\n\t\t\t\t<a href=\"\/digitalfuehrerschein\/lernzentrale\/\"><div class=\"block__cta__cta_wrapper fw-bold \">\n\t\t\t\t\tGet started\t\t\t\t<\/div><\/a>\n\t\t\t<\/div>\n\t\t<\/div>\n\t\t\t<\/div>\n<\/section>\n\n\n <div class=\"container  post_type__page\"><div class=\"row mb-3\"><div class=\"col-12 col-lg-12 offset-lg-0\">\t\n<p><style>.e4317ca7-1939-4ca6-abbc-f85a5d682b12{fill:#066;}<\/style><\/p>\n<\/div><\/div><\/div>\n\n\n<section class=\"block__info_block py-5 mb-6\">\n\t<div class=\"container\">\n\n\t\t\t\t\t<div class=\"row mb-3 mb-lg-7\">\n\t\t\t\t<div class=\"col-12\">\n\t\t\t\t\t<h3 class=\"block__info_block__title fw-bold\">How it works<\/h3>\n\t\t\t\t<\/div>\n\t\t\t<\/div>\n\t\t\n\t\t\t\t\t\t\t\t\t\t\t\t<div class=\"block__info_block__info_row row\">\n\t\t\t\t\t\n\t\t\t\t\t<div class=\"block__info_block__content_wrapper  col-12 col-lg-6  offset-lg-2 \">\n\t\t\t\t\t\t<h4 class=\"fw-bold mb-3\">1. Assess your knowledge<\/h4>\n\t\t\t\t\t\t<p>Are you unsure which level is right for you? Use the <em>quick assessment<\/em> <em>tool<\/em> to receive a level recommendation instantly.<\/p>\n<p>The quick assessment tool will be offered in English as soon as more levels have been translated.<\/p>\n\t\t\t\t\t<\/div>\n\t\t\t\t\t\t\t\t\t\t\t<div class=\"block__info_block__image_wrapper d-none d-lg-block col-lg-2  wp-block-image\">\n\t\t\t\t\t\t\t<img decoding=\"async\" src=\"https:\/\/difue.de\/app\/uploads\/2021\/12\/digitalfuehrerschein_so_funktionierts_01.svg\"\n\t\t\t\t\t\t\t\t alt=\"\">\n\t\t\t\t\t\t<\/div>\n\t\t\t\t\t\t\t\t\t<\/div>\n\t\t\t\t<div class=\"block__info_block__divider_line row\">\n\n\t\t\t\t<\/div>\n\t\t\t\t\t\t\t<div class=\"block__info_block__info_row row\">\n\t\t\t\t\t\n\t\t\t\t\t<div class=\"block__info_block__content_wrapper  col-12 col-lg-6  order-2 \">\n\t\t\t\t\t\t<h4 class=\"fw-bold mb-3\">2. Take the DiF\u00fc course<\/h4>\n\t\t\t\t\t\t<p>The German DiF\u00fc course is available in three levels. The course consists of six topic areas and a topic exam (or <em>partial exam<\/em>). Each topic consists of multiple learning units.<\/p>\n<p>The three levels are available in two versions \u2013 a <em>business context<\/em> and a <em>private context<\/em>. The course material focuses on private or professional aspects of digital life accordingly.<\/p>\n<p>We currently offer Level 1 for a business context in English.<\/p>\n\t\t\t\t\t<\/div>\n\t\t\t\t\t\t\t\t\t\t\t<div class=\"block__info_block__image_wrapper d-none d-lg-block col-lg-2  order-1 offset-lg-2  wp-block-image\">\n\t\t\t\t\t\t\t<img decoding=\"async\" src=\"https:\/\/difue.de\/app\/uploads\/2021\/12\/digitalfuehrerschein_so_funktionierts_02-1.svg\"\n\t\t\t\t\t\t\t\t alt=\"Ein Startpunkt und ein Zielpunkt, die durch eine gestrichelte Linie verbunden sind.\">\n\t\t\t\t\t\t<\/div>\n\t\t\t\t\t\t\t\t\t<\/div>\n\t\t\t\t<div class=\"block__info_block__divider_line row\">\n\n\t\t\t\t<\/div>\n\t\t\t\t\t\t\t<div class=\"block__info_block__info_row row\">\n\t\t\t\t\t\n\t\t\t\t\t<div class=\"block__info_block__content_wrapper  col-12 col-lg-6  offset-lg-2 \">\n\t\t\t\t\t\t<h4 class=\"fw-bold mb-3\">3. Receive a certificate<\/h4>\n\t\t\t\t\t\t<p>You will receive a PDF certificate if you have either successfully completed all partial exams (according to each of the six topics) or the final overall examination. We recommend that you complete the course material in order to prepare for the exams. However, you can also take an exam independently.<u><\/u><\/p>\n\t\t\t\t\t<\/div>\n\t\t\t\t\t\t\t\t\t\t\t<div class=\"block__info_block__image_wrapper d-none d-lg-block col-lg-2  wp-block-image\">\n\t\t\t\t\t\t\t<img decoding=\"async\" src=\"https:\/\/difue.de\/app\/uploads\/2021\/12\/digitalfuehrerschein_so_funktionierts_03.svg\"\n\t\t\t\t\t\t\t\t alt=\"\">\n\t\t\t\t\t\t<\/div>\n\t\t\t\t\t\t\t\t\t<\/div>\n\t\t\t\t<div class=\"block__info_block__divider_line row\">\n\n\t\t\t\t<\/div>\n\t\t\t\t\t\n\t<\/div>\n<\/section>\n\n\n\n<section class=\"block__cta text-align-center mb-6\">\n\t<div class=\"container\">\n\t\t<div class=\"row\">\n\t\t\t<div class=\"col-12 col-lg-4 offset-lg-4\">\n\t\t\t\t<a href=\"\/digitalfuehrerschein\/lernzentrale\/\"><div class=\"block__cta__cta_wrapper fw-bold \">\n\t\t\t\t\tGet started\t\t\t\t<\/div><\/a>\n\t\t\t<\/div>\n\t\t<\/div>\n\t\t\t<\/div>\n<\/section>\n","protected":false},"excerpt":{"rendered":"","protected":false},"author":26,"featured_media":0,"parent":0,"menu_order":200,"comment_status":"closed","ping_status":"closed","template":"","meta":{"_acf_changed":false,"inline_featured_image":false,"footnotes":""},"class_list":["post-43079","page","type-page","status-publish","hentry"],"acf":[],"yoast_head":"<!-- This site is optimized with the Yoast SEO Premium plugin v22.4 (Yoast SEO v24.7) - https:\/\/yoast.com\/wordpress\/plugins\/seo\/ -->\n<title>DsiN-Digitalf\u00fchrerschein (DiF\u00fc) &#8226; Digitalf\u00fchrerschein (DiF\u00fc)<\/title>\n<meta name=\"robots\" content=\"index, follow, max-snippet:-1, max-image-preview:large, max-video-preview:-1\" \/>\n<link rel=\"canonical\" href=\"https:\/\/difue.de\/en\/digitalfuehrerschein\/\" \/>\n<meta property=\"og:locale\" content=\"en_US\" \/>\n<meta property=\"og:type\" content=\"article\" \/>\n<meta property=\"og:title\" content=\"DsiN-Digitalf\u00fchrerschein (DiF\u00fc)\" \/>\n<meta property=\"og:url\" content=\"https:\/\/difue.de\/en\/digitalfuehrerschein\/\" \/>\n<meta property=\"og:site_name\" content=\"Digitalf\u00fchrerschein (DiF\u00fc)\" \/>\n<meta property=\"article:publisher\" content=\"https:\/\/www.facebook.com\/people\/DsiN-Digitalf%c3%bchrerschein-DiF%c3%bc\/100079074183260\/\" \/>\n<meta property=\"article:modified_time\" content=\"2024-06-17T11:42:48+00:00\" \/>\n<meta property=\"og:image\" content=\"https:\/\/difue.de\/app\/uploads\/2022\/02\/DiFue-Logo_Logozusatz-RGB-positiv.png\" \/>\n\t<meta property=\"og:image:width\" content=\"14657\" \/>\n\t<meta property=\"og:image:height\" content=\"10977\" \/>\n\t<meta property=\"og:image:type\" content=\"image\/png\" \/>\n<meta name=\"twitter:card\" content=\"summary_large_image\" \/>\n<script type=\"application\/ld+json\" class=\"yoast-schema-graph\">{\"@context\":\"https:\/\/schema.org\",\"@graph\":[{\"@type\":\"WebPage\",\"@id\":\"https:\/\/difue.de\/en\/digitalfuehrerschein\/\",\"url\":\"https:\/\/difue.de\/en\/digitalfuehrerschein\/\",\"name\":\"DsiN-Digitalf\u00fchrerschein (DiF\u00fc) &#8226; Digitalf\u00fchrerschein (DiF\u00fc)\",\"isPartOf\":{\"@id\":\"https:\/\/difue.de\/en\/#website\"},\"datePublished\":\"2021-09-29T13:59:28+00:00\",\"dateModified\":\"2024-06-17T11:42:48+00:00\",\"breadcrumb\":{\"@id\":\"https:\/\/difue.de\/en\/digitalfuehrerschein\/#breadcrumb\"},\"inLanguage\":\"en-US\",\"potentialAction\":[{\"@type\":\"ReadAction\",\"target\":[\"https:\/\/difue.de\/en\/digitalfuehrerschein\/\"]}]},{\"@type\":\"BreadcrumbList\",\"@id\":\"https:\/\/difue.de\/en\/digitalfuehrerschein\/#breadcrumb\",\"itemListElement\":[{\"@type\":\"ListItem\",\"position\":1,\"name\":\"Startseite\",\"item\":\"https:\/\/difue.de\/en\/startseite\/\"},{\"@type\":\"ListItem\",\"position\":2,\"name\":\"DsiN-Digitalf\u00fchrerschein (DiF\u00fc)\"}]},{\"@type\":\"WebSite\",\"@id\":\"https:\/\/difue.de\/en\/#website\",\"url\":\"https:\/\/difue.de\/en\/\",\"name\":\"Digitalf\u00fchrerschein (DiF\u00fc)\",\"description\":\"\",\"publisher\":{\"@id\":\"https:\/\/difue.de\/en\/#organization\"},\"potentialAction\":[{\"@type\":\"SearchAction\",\"target\":{\"@type\":\"EntryPoint\",\"urlTemplate\":\"https:\/\/difue.de\/en\/?s={search_term_string}\"},\"query-input\":{\"@type\":\"PropertyValueSpecification\",\"valueRequired\":true,\"valueName\":\"search_term_string\"}}],\"inLanguage\":\"en-US\"},{\"@type\":\"Organization\",\"@id\":\"https:\/\/difue.de\/en\/#organization\",\"name\":\"Digitalf\u00fchrerschein (DiF\u00fc)\",\"url\":\"https:\/\/difue.de\/en\/\",\"logo\":{\"@type\":\"ImageObject\",\"inLanguage\":\"en-US\",\"@id\":\"https:\/\/difue.de\/en\/#\/schema\/logo\/image\/\",\"url\":\"https:\/\/difue.de\/app\/uploads\/2021\/09\/difue-logo.svg\",\"contentUrl\":\"https:\/\/difue.de\/app\/uploads\/2021\/09\/difue-logo.svg\",\"width\":200,\"height\":149,\"caption\":\"Digitalf\u00fchrerschein (DiF\u00fc)\"},\"image\":{\"@id\":\"https:\/\/difue.de\/en\/#\/schema\/logo\/image\/\"},\"sameAs\":[\"https:\/\/www.facebook.com\/people\/DsiN-Digitalf\u00fchrerschein-DiF\u00fc\/100079074183260\/\",\"https:\/\/www.instagram.com\/dsin_digitalfuehrerschein\/\"]}]}<\/script>\n<!-- \/ Yoast SEO Premium plugin. -->","yoast_head_json":{"title":"DsiN-Digitalf\u00fchrerschein (DiF\u00fc) &#8226; Digitalf\u00fchrerschein (DiF\u00fc)","robots":{"index":"index","follow":"follow","max-snippet":"max-snippet:-1","max-image-preview":"max-image-preview:large","max-video-preview":"max-video-preview:-1"},"canonical":"https:\/\/difue.de\/en\/digitalfuehrerschein\/","og_locale":"en_US","og_type":"article","og_title":"DsiN-Digitalf\u00fchrerschein (DiF\u00fc)","og_url":"https:\/\/difue.de\/en\/digitalfuehrerschein\/","og_site_name":"Digitalf\u00fchrerschein (DiF\u00fc)","article_publisher":"https:\/\/www.facebook.com\/people\/DsiN-Digitalf%c3%bchrerschein-DiF%c3%bc\/100079074183260\/","article_modified_time":"2024-06-17T11:42:48+00:00","og_image":[{"width":14657,"height":10977,"url":"https:\/\/difue.de\/app\/uploads\/2022\/02\/DiFue-Logo_Logozusatz-RGB-positiv.png","type":"image\/png"}],"twitter_card":"summary_large_image","schema":{"@context":"https:\/\/schema.org","@graph":[{"@type":"WebPage","@id":"https:\/\/difue.de\/en\/digitalfuehrerschein\/","url":"https:\/\/difue.de\/en\/digitalfuehrerschein\/","name":"DsiN-Digitalf\u00fchrerschein (DiF\u00fc) &#8226; Digitalf\u00fchrerschein (DiF\u00fc)","isPartOf":{"@id":"https:\/\/difue.de\/en\/#website"},"datePublished":"2021-09-29T13:59:28+00:00","dateModified":"2024-06-17T11:42:48+00:00","breadcrumb":{"@id":"https:\/\/difue.de\/en\/digitalfuehrerschein\/#breadcrumb"},"inLanguage":"en-US","potentialAction":[{"@type":"ReadAction","target":["https:\/\/difue.de\/en\/digitalfuehrerschein\/"]}]},{"@type":"BreadcrumbList","@id":"https:\/\/difue.de\/en\/digitalfuehrerschein\/#breadcrumb","itemListElement":[{"@type":"ListItem","position":1,"name":"Startseite","item":"https:\/\/difue.de\/en\/startseite\/"},{"@type":"ListItem","position":2,"name":"DsiN-Digitalf\u00fchrerschein (DiF\u00fc)"}]},{"@type":"WebSite","@id":"https:\/\/difue.de\/en\/#website","url":"https:\/\/difue.de\/en\/","name":"Digitalf\u00fchrerschein (DiF\u00fc)","description":"","publisher":{"@id":"https:\/\/difue.de\/en\/#organization"},"potentialAction":[{"@type":"SearchAction","target":{"@type":"EntryPoint","urlTemplate":"https:\/\/difue.de\/en\/?s={search_term_string}"},"query-input":{"@type":"PropertyValueSpecification","valueRequired":true,"valueName":"search_term_string"}}],"inLanguage":"en-US"},{"@type":"Organization","@id":"https:\/\/difue.de\/en\/#organization","name":"Digitalf\u00fchrerschein (DiF\u00fc)","url":"https:\/\/difue.de\/en\/","logo":{"@type":"ImageObject","inLanguage":"en-US","@id":"https:\/\/difue.de\/en\/#\/schema\/logo\/image\/","url":"https:\/\/difue.de\/app\/uploads\/2021\/09\/difue-logo.svg","contentUrl":"https:\/\/difue.de\/app\/uploads\/2021\/09\/difue-logo.svg","width":200,"height":149,"caption":"Digitalf\u00fchrerschein (DiF\u00fc)"},"image":{"@id":"https:\/\/difue.de\/en\/#\/schema\/logo\/image\/"},"sameAs":["https:\/\/www.facebook.com\/people\/DsiN-Digitalf\u00fchrerschein-DiF\u00fc\/100079074183260\/","https:\/\/www.instagram.com\/dsin_digitalfuehrerschein\/"]}]}},"_links":{"self":[{"href":"https:\/\/difue.de\/en\/wp-json\/wp\/v2\/pages\/43079","targetHints":{"allow":["GET"]}}],"collection":[{"href":"https:\/\/difue.de\/en\/wp-json\/wp\/v2\/pages"}],"about":[{"href":"https:\/\/difue.de\/en\/wp-json\/wp\/v2\/types\/page"}],"author":[{"embeddable":true,"href":"https:\/\/difue.de\/en\/wp-json\/wp\/v2\/users\/26"}],"replies":[{"embeddable":true,"href":"https:\/\/difue.de\/en\/wp-json\/wp\/v2\/comments?post=43079"}],"version-history":[{"count":7,"href":"https:\/\/difue.de\/en\/wp-json\/wp\/v2\/pages\/43079\/revisions"}],"predecessor-version":[{"id":43088,"href":"https:\/\/difue.de\/en\/wp-json\/wp\/v2\/pages\/43079\/revisions\/43088"}],"wp:attachment":[{"href":"https:\/\/difue.de\/en\/wp-json\/wp\/v2\/media?parent=43079"}],"curies":[{"name":"wp","href":"https:\/\/api.w.org\/{rel}","templated":true}]}}