{"id":43245,"date":"2021-10-24T11:30:50","date_gmt":"2021-10-24T09:30:50","guid":{"rendered":"https:\/\/difue.de\/lernzentrale\/"},"modified":"2024-06-25T16:40:07","modified_gmt":"2024-06-25T14:40:07","slug":"course","status":"publish","type":"page","link":"https:\/\/difue.de\/en\/course\/","title":{"rendered":"Course"},"content":{"rendered":" <div class=\"container  post_type__page\"><div class=\"row mb-3\"><div class=\"col-12 col-lg-12 offset-lg-0\">\t\n<section class=\"wp-block-uagb-section uagb-section__wrap uagb-section__background-undefined uagb-block-44d2e8ad lernreise\"><div class=\"uagb-section__overlay\"><\/div><div class=\"uagb-section__inner-wrap\"> <div class=\"container  post_type__page\"><div class=\"row mb-3\"><div class=\"col-12 col-lg-12 offset-lg-0\">\t\n <div class=\"container  post_type__page\"><div class=\"row mb-3\"><div class=\"col-12 col-lg-12 offset-lg-0\">\t\n\n\n <div class=\"container  post_type__page\"><div class=\"row mb-3\"><div class=\"col-12 col-lg-12 offset-lg-0\">\t\n <div class=\"container  post_type__page\"><div class=\"row mb-3\"><div class=\"col-12 col-lg-12 offset-lg-0\">\t\n<h1 class=\"has-text-align-center mb-5 icon-book-blue wp-block-heading\"><stong>Course<\/stong><\/h1>\n<\/div><\/div><\/div>\n\n <div class=\"container  post_type__page\"><div class=\"row mb-3\"><div class=\"col-12 col-lg-12 offset-lg-0\">\t\n<p class=\"has-text-align-center\">In der Lernzentrale k\u00f6nnen Sie sich basierend auf einem Level fortbilden und damit Ihren Weg zum Digitalf\u00fchrerschein beschreiten. Sie k\u00f6nnen den Digitalf\u00fchrerschein f\u00fcr jedes Level erhalten.<\/p>\n<\/div><\/div><\/div>\n<\/div><\/div><\/div>\n\n\n<\/div><\/div><\/div>\n\n <div class=\"container  post_type__page\"><div class=\"row mb-3\"><div class=\"col-12 col-lg-12 offset-lg-0\">\t\n<div class=\"wp-block-uagb-section uagb-section__wrap uagb-section__background-undefined uagb-block-05884e52 lernreise-area active stepline\" id=\"self-assessment\"><div class=\"uagb-section__overlay\"><\/div><div class=\"uagb-section__inner-wrap\"> <div class=\"container  post_type__page\"><div class=\"row mb-3\"><div class=\"col-12 col-lg-12 offset-lg-0\">\t\n<div class=\"wp-block-uagb-section uagb-section__wrap uagb-section__background-undefined uagb-block-74da2ba5 step active\" id=\"lernreise-start\"><div class=\"uagb-section__overlay\"><\/div><div class=\"uagb-section__inner-wrap\"> <div class=\"container  post_type__page\"><div class=\"row mb-3\"><div class=\"col-12 col-lg-12 offset-lg-0\">\t\n\n\n <div class=\"container  post_type__page\"><div class=\"row mb-3\"><div class=\"col-12 col-lg-12 offset-lg-0\">\t\n <div class=\"container  post_type__page\"><div class=\"row mb-3\"><div class=\"col-12 col-lg-12 offset-lg-0\">\t\n<div class=\"wp-block-image mb-7\"><figure class=\"aligncenter size-large is-resized\"><a href=\"https:\/\/difue.de\/app\/uploads\/2021\/12\/digitalfuehrerschein_ablauf_01.svg\"><img decoding=\"async\" src=\"https:\/\/difue.de\/app\/uploads\/2021\/12\/digitalfuehrerschein_ablauf_01.svg\" alt=\"\" class=\"wp-image-5898\" width=\"250\"\/><\/a><\/figure><\/div>\n<\/div><\/div><\/div>\n\n <div class=\"container  post_type__page\"><div class=\"row mb-3\"><div class=\"col-12 col-lg-12 offset-lg-0\">\t\n<h2 class=\"has-text-align-center h1 mb-6 wp-block-heading\">Auf welchem Wissenslevel befinden Sie sich?<\/h2>\n<\/div><\/div><\/div>\n\n\n<\/div><\/div><\/div>\n\n\n<\/div><\/div><\/div><\/div><\/div>\n<\/div><\/div><\/div>\n\n <div class=\"container  post_type__page\"><div class=\"row mb-3\"><div class=\"col-12 col-lg-12 offset-lg-0\">\t\n<div class=\"wp-block-uagb-section uagb-section__wrap uagb-section__background-undefined uagb-block-7f6eb9e3 step\" id=\"lernreise-quiz\"><div class=\"uagb-section__overlay\"><\/div><div class=\"uagb-section__inner-wrap\"> <div class=\"container  post_type__page\"><div class=\"row mb-3\"><div class=\"col-12 col-lg-12 offset-lg-0\">\t\n<h2 class=\"has-text-align-center mb-7 wp-block-heading\">Selbsteinsch\u00e4tzung zum Wissenslevel<\/h2>\n<\/div><\/div><\/div>\n\n <div class=\"container  post_type__page\"><div class=\"row mb-3\"><div class=\"col-12 col-lg-12 offset-lg-0\">\t<p>[contact-form-7 id=&#8221;3805&#8243; title=&#8221;Lernreise Formular&#8221;]<\/p>\n<\/div><\/div><\/div>\n\n <div class=\"container  post_type__page\"><div class=\"row mb-3\"><div class=\"col-12 col-lg-12 offset-lg-0\">\t\n<ul class=\"list-step-indicator wp-block-list\"><li>a<\/li><li>b<\/li><li>c<\/li><li>d<\/li><li>e<\/li><li>f<\/li><li>g<\/li><li>h<\/li><\/ul>\n<\/div><\/div><\/div>\n\n <div class=\"container  post_type__page\"><div class=\"row mb-3\"><div class=\"col-12 col-lg-12 offset-lg-0\">\t\n<div class=\"wp-block-uagb-section uagb-section__wrap uagb-section__background-undefined uagb-block-65fe8c67 lernreise-quiz-page1\"><div class=\"uagb-section__overlay\"><\/div><div class=\"uagb-section__inner-wrap\"><\/div><\/div>\n<\/div><\/div><\/div><\/div><\/div>\n<\/div><\/div><\/div><\/div><\/div>\n<\/div><\/div><\/div>\n\n <div class=\"container  post_type__page\"><div class=\"row mb-3\"><div class=\"col-12 col-lg-12 offset-lg-0\">\t\n<h4 class=\"has-text-align-center collapse-bottom-line-text active mb-3 wp-block-heading\"><strong>Level manuell ausw\u00e4hlen<\/strong><\/h4>\n<\/div><\/div><\/div>\n\n <div class=\"container  post_type__page\"><div class=\"row mb-3\"><div class=\"col-12 col-lg-12 offset-lg-0\">\t\n<h4 class=\"has-text-align-center collapse-bottom-line-text mb-3 wp-block-heading\"><strong>Zur Selbsteinsch\u00e4tzung<\/strong><\/h4>\n<\/div><\/div><\/div>\n\n <div class=\"container  post_type__page\"><div class=\"row mb-3\"><div class=\"col-12 col-lg-12 offset-lg-0\">\t\n<figure class=\"wp-block-image size-large collapse-bottom-line self-assessment-toggle\"><a href=\"#\"><img loading=\"lazy\" decoding=\"async\" width=\"20\" height=\"14\" src=\"https:\/\/difue.de\/app\/uploads\/2021\/10\/chevron_down_blue-1.svg\" alt=\"\" class=\"wp-image-3983\"\/><\/a><\/figure>\n<\/div><\/div><\/div>\n\n <div class=\"container  post_type__page\"><div class=\"row mb-3\"><div class=\"col-12 col-lg-12 offset-lg-0\">\t\n<div class=\"wp-block-uagb-section uagb-section__wrap uagb-section__background-undefined uagb-block-fb874da5 lernreise-area manual-assessment\" id=\"manual-assessment\"><div class=\"uagb-section__overlay\"><\/div><div class=\"uagb-section__inner-wrap\"> <div class=\"container  post_type__page\"><div class=\"row mb-3\"><div class=\"col-12 col-lg-12 offset-lg-0\">\t\n<div class=\"wp-block-uagb-section uagb-section__wrap uagb-section__background-undefined uagb-block-5a63d5ca self-assessment-start\"><div class=\"uagb-section__overlay\"><\/div><div class=\"uagb-section__inner-wrap\"> <div class=\"container  post_type__page\"><div class=\"row mb-3\"><div class=\"col-12 col-lg-12 offset-lg-0\">\t\n<div class=\"text-center self-assessment-start-wrapper\">\n  <div class=\"form-check form-switch\">\n    <input class=\"form-check-input\" type=\"checkbox\" role=\"switch\" id=\"self-assessment-start\"\/>\n    <label class=\"form-check-label\" for=\"self-assessment-start\">Im beruflichen Kontext<\/label>\n  <\/div>\n<\/div>\n<\/div><\/div><\/div>\n\n <div class=\"container  post_type__page\"><div class=\"row mb-3\"><div class=\"col-12 col-lg-12 offset-lg-0\">\t\n<div class=\"wp-block-uagb-section uagb-section__wrap uagb-section__background-undefined uagb-block-ff3d5497 modal modal-self-assessment-manual\" id=\"lernreise-modal\"><div class=\"uagb-section__overlay\"><\/div><div class=\"uagb-section__inner-wrap\"> <div class=\"container  post_type__page\"><div class=\"row mb-3\"><div class=\"col-12 col-lg-12 offset-lg-0\">\t\n<div class=\"wp-block-uagb-section uagb-section__wrap uagb-section__background-undefined uagb-block-cd82ea3b modal-dialog modal-dialog-centered\"><div class=\"uagb-section__overlay\"><\/div><div class=\"uagb-section__inner-wrap\"> <div class=\"container  post_type__page\"><div class=\"row mb-3\"><div class=\"col-12 col-lg-12 offset-lg-0\">\t\n<div class=\"wp-block-uagb-section uagb-section__wrap uagb-section__background-undefined uagb-block-b1c363d2 modal-content\"><div class=\"uagb-section__overlay\"><\/div><div class=\"uagb-section__inner-wrap\"> <div class=\"container  post_type__page\"><div class=\"row mb-3\"><div class=\"col-12 col-lg-12 offset-lg-0\">\t\n<button type=\"button\" class=\"btn-close\" data-bs-dismiss=\"modal\" aria-label=\"Close\"><\/button>\n<\/div><\/div><\/div>\n\n <div class=\"container  post_type__page\"><div class=\"row mb-3\"><div class=\"col-12 col-lg-12 offset-lg-0\">\t\n<div class=\"wp-block-image mb-5\"><figure class=\"aligncenter size-large is-resized\"><a href=\"https:\/\/difue.de\/app\/uploads\/2021\/12\/selbsteinschaetzung_beruflich.svg\"><img loading=\"lazy\" decoding=\"async\" src=\"https:\/\/difue.de\/app\/uploads\/2021\/12\/selbsteinschaetzung_beruflich.svg\" alt=\"\" class=\"wp-image-6047\" width=\"380\" height=\"0\"\/><\/a><\/figure><\/div>\n<\/div><\/div><\/div>\n\n <div class=\"container  post_type__page\"><div class=\"row mb-3\"><div class=\"col-12 col-lg-12 offset-lg-0\">\t\n<h2 class=\"has-text-align-center h1 mb-5 wp-block-heading\">Business<\/h2>\n<\/div><\/div><\/div>\n\n <div class=\"container  post_type__page\"><div class=\"row mb-3\"><div class=\"col-12 col-lg-12 offset-lg-0\">\t\n<p class=\"has-text-align-center\">In Ihrer Position als Arbeitgeber:in oder Arbeitnehmer:in werden Sie mit den einen oder anderen Herausforderungen konfrontiert, denen Sie sich im privaten Raum nicht zu stellen brauchen.<\/p>\n<\/div><\/div><\/div>\n\n <div class=\"container  post_type__page\"><div class=\"row mb-3\"><div class=\"col-12 col-lg-12 offset-lg-0\">\t\n<p class=\"has-text-align-center\">Aus diesem Grund stellen wir Ihnen unsere Lerninhalte auch im beruflichen Kontext zur Verf\u00fcgung.<\/p>\n<\/div><\/div><\/div>\n\n <div class=\"container  post_type__page\"><div class=\"row mb-3\"><div class=\"col-12 col-lg-12 offset-lg-0\">\t\n<p class=\"text-center\"><a class=\"more-link\" data-bs-dismiss=\"modal\" aria-label=\"Close\">Weiter im beruflichen Kontext<\/a><\/p>\n<\/div><\/div><\/div><\/div><\/div>\n<\/div><\/div><\/div><\/div><\/div>\n<\/div><\/div><\/div><\/div><\/div>\n<\/div><\/div><\/div>\n\n <div class=\"container  post_type__page\"><div class=\"row mb-3\"><div class=\"col-12 col-lg-12 offset-lg-0\">\t\n\n\n <div class=\"container  post_type__page\"><div class=\"row mb-3\"><div class=\"col-12 col-lg-12 offset-lg-0\">\t\n <div class=\"container  post_type__page\"><div class=\"row mb-3\"><div class=\"col-12 col-lg-12 offset-lg-0\">\t\n <div class=\"container  post_type__page\"><div class=\"row mb-3\"><div class=\"col-12 col-lg-12 offset-lg-0\">\t\n <div class=\"container  post_type__page\"><div class=\"row mb-3\"><div class=\"col-12 col-lg-12 offset-lg-0\">\t\n<div class=\"wp-block-uagb-section uagb-section__wrap uagb-section__background-undefined uagb-block-50e63351 tab-box active\" id=\"explorer\"><div class=\"uagb-section__overlay\"><\/div><div class=\"uagb-section__inner-wrap\"> <div class=\"container  post_type__page\"><div class=\"row mb-3\"><div class=\"col-12 col-lg-12 offset-lg-0\">\t\n<div class=\"wp-block-image mb-4\"><figure class=\"aligncenter size-large\"><a href=\"https:\/\/difue.de\/app\/uploads\/2021\/12\/level_01.svg\"><img decoding=\"async\" src=\"https:\/\/difue.de\/app\/uploads\/2021\/12\/level_01.svg\" alt=\"\" class=\"wp-image-5917\"\/><\/a><\/figure><\/div>\n<\/div><\/div><\/div>\n\n <div class=\"container  post_type__page\"><div class=\"row mb-3\"><div class=\"col-12 col-lg-12 offset-lg-0\">\t\n<h4 class=\"has-text-align-center wp-block-heading\">Level 1<\/h4>\n<\/div><\/div><\/div>\n\n <div class=\"container  post_type__page\"><div class=\"row mb-3\"><div class=\"col-12 col-lg-12 offset-lg-0\">\t\n<p class=\"has-text-align-center\">In ac dui quis mi consectetuer lacinia. Nam pretium turpis et hefis mehafork arcu.<\/p>\n<\/div><\/div><\/div><\/div><\/div>\n<\/div><\/div><\/div>\n<\/div><\/div><\/div>\n\n <div class=\"container  post_type__page\"><div class=\"row mb-3\"><div class=\"col-12 col-lg-12 offset-lg-0\">\t\n <div class=\"container  post_type__page\"><div class=\"row mb-3\"><div class=\"col-12 col-lg-12 offset-lg-0\">\t\n<div class=\"wp-block-uagb-section uagb-section__wrap uagb-section__background-undefined uagb-block-150bc139 tab-box\" id=\"experienced\"><div class=\"uagb-section__overlay\"><\/div><div class=\"uagb-section__inner-wrap\"> <div class=\"container  post_type__page\"><div class=\"row mb-3\"><div class=\"col-12 col-lg-12 offset-lg-0\">\t\n<div class=\"wp-block-image mb-4\"><figure class=\"aligncenter size-large\"><a href=\"https:\/\/difue.de\/app\/uploads\/2021\/12\/level_02.svg\"><img decoding=\"async\" src=\"https:\/\/difue.de\/app\/uploads\/2021\/12\/level_02.svg\" alt=\"\" class=\"wp-image-5918\"\/><\/a><\/figure><\/div>\n<\/div><\/div><\/div>\n\n <div class=\"container  post_type__page\"><div class=\"row mb-3\"><div class=\"col-12 col-lg-12 offset-lg-0\">\t\n<h4 class=\"has-text-align-center wp-block-heading\">Level 2<\/h4>\n<\/div><\/div><\/div>\n\n <div class=\"container  post_type__page\"><div class=\"row mb-3\"><div class=\"col-12 col-lg-12 offset-lg-0\">\t\n<p class=\"has-text-align-center\">Cras id dui. Aenean ut eros et nisl sagittis vestibulum. Nullam nulla eros.<\/p>\n<\/div><\/div><\/div><\/div><\/div>\n<\/div><\/div><\/div>\n<\/div><\/div><\/div>\n\n <div class=\"container  post_type__page\"><div class=\"row mb-3\"><div class=\"col-12 col-lg-12 offset-lg-0\">\t\n <div class=\"container  post_type__page\"><div class=\"row mb-3\"><div class=\"col-12 col-lg-12 offset-lg-0\">\t\n<div class=\"wp-block-uagb-section uagb-section__wrap uagb-section__background-undefined uagb-block-9c9036e7 tab-box\" id=\"allrounder\"><div class=\"uagb-section__overlay\"><\/div><div class=\"uagb-section__inner-wrap\"> <div class=\"container  post_type__page\"><div class=\"row mb-3\"><div class=\"col-12 col-lg-12 offset-lg-0\">\t\n<div class=\"wp-block-image mb-4\"><figure class=\"aligncenter size-large\"><a href=\"https:\/\/difue.de\/app\/uploads\/2021\/12\/level_03.svg\"><img decoding=\"async\" src=\"https:\/\/difue.de\/app\/uploads\/2021\/12\/level_03.svg\" alt=\"\" class=\"wp-image-5919\"\/><\/a><\/figure><\/div>\n<\/div><\/div><\/div>\n\n <div class=\"container  post_type__page\"><div class=\"row mb-3\"><div class=\"col-12 col-lg-12 offset-lg-0\">\t\n<h4 class=\"has-text-align-center wp-block-heading\">Level 3<\/h4>\n<\/div><\/div><\/div>\n\n <div class=\"container  post_type__page\"><div class=\"row mb-3\"><div class=\"col-12 col-lg-12 offset-lg-0\">\t\n<p class=\"has-text-align-center\">Nam pretium turpis et arcu. Duis arcu tortor, suscipit eget, imperdiet nec.<\/p>\n<\/div><\/div><\/div><\/div><\/div>\n<\/div><\/div><\/div>\n<\/div><\/div><\/div>\n<\/div><\/div><\/div>\n<\/div><\/div><\/div>\n\n\n<\/div><\/div><\/div>\n\n <div class=\"container  post_type__page\"><div class=\"row mb-3\"><div class=\"col-12 col-lg-12 offset-lg-0\">\t\n<div class=\"wp-block-uagb-section uagb-section__wrap uagb-section__background-undefined uagb-block-0888f23e tab-content\"><div class=\"uagb-section__overlay\"><\/div><div class=\"uagb-section__inner-wrap\"> <div class=\"container  post_type__page\"><div class=\"row mb-3\"><div class=\"col-12 col-lg-12 offset-lg-0\">\t\n<div class=\"wp-block-uagb-section uagb-section__wrap uagb-section__background-undefined uagb-block-7c9578fe tab-pane active\" id=\"explorer\"><div class=\"uagb-section__overlay\"><\/div><div class=\"uagb-section__inner-wrap\"> <div class=\"container  post_type__page\"><div class=\"row mb-3\"><div class=\"col-12 col-lg-12 offset-lg-0\">\t\n\n\n <div class=\"container  post_type__page\"><div class=\"row mb-3\"><div class=\"col-12 col-lg-12 offset-lg-0\">\t\n <div class=\"container  post_type__page\"><div class=\"row mb-3\"><div class=\"col-12 col-lg-12 offset-lg-0\">\t\n<ul id=\"46\" class=\"tab-progress-bar wp-block-list\"><li>4\/6<\/li><\/ul>\n<\/div><\/div><\/div>\n<\/div><\/div><\/div>\n\n\n<\/div><\/div><\/div>\n\n <div class=\"container  post_type__page\"><div class=\"row mb-3\"><div class=\"col-12 col-lg-12 offset-lg-0\">\t<p>[lernreise level=&#8221;level-01&#8243;]<\/p>\n<\/div><\/div><\/div><\/div><\/div>\n<\/div><\/div><\/div>\n\n <div class=\"container  post_type__page\"><div class=\"row mb-3\"><div class=\"col-12 col-lg-12 offset-lg-0\">\t\n<div class=\"wp-block-uagb-section uagb-section__wrap uagb-section__background-undefined uagb-block-f4edcd85 tab-pane\" id=\"experienced\"><div class=\"uagb-section__overlay\"><\/div><div class=\"uagb-section__inner-wrap\"> <div class=\"container  post_type__page\"><div class=\"row mb-3\"><div class=\"col-12 col-lg-12 offset-lg-0\">\t\n\n\n <div class=\"container  post_type__page\"><div class=\"row mb-3\"><div class=\"col-12 col-lg-12 offset-lg-0\">\t\n <div class=\"container  post_type__page\"><div class=\"row mb-3\"><div class=\"col-12 col-lg-12 offset-lg-0\">\t\n<ul id=\"46\" class=\"tab-progress-bar wp-block-list\"><li>4\/6<\/li><\/ul>\n<\/div><\/div><\/div>\n<\/div><\/div><\/div>\n\n\n<\/div><\/div><\/div>\n\n <div class=\"container  post_type__page\"><div class=\"row mb-3\"><div class=\"col-12 col-lg-12 offset-lg-0\">\t<p>[lernreise level=&#8221;level-02&#8243;]<\/p>\n<\/div><\/div><\/div><\/div><\/div>\n<\/div><\/div><\/div>\n\n <div class=\"container  post_type__page\"><div class=\"row mb-3\"><div class=\"col-12 col-lg-12 offset-lg-0\">\t\n<div class=\"wp-block-uagb-section uagb-section__wrap uagb-section__background-undefined uagb-block-ee45cded tab-pane\" id=\"allrounder\"><div class=\"uagb-section__overlay\"><\/div><div class=\"uagb-section__inner-wrap\"> <div class=\"container  post_type__page\"><div class=\"row mb-3\"><div class=\"col-12 col-lg-12 offset-lg-0\">\t\n\n\n <div class=\"container  post_type__page\"><div class=\"row mb-3\"><div class=\"col-12 col-lg-12 offset-lg-0\">\t\n <div class=\"container  post_type__page\"><div class=\"row mb-3\"><div class=\"col-12 col-lg-12 offset-lg-0\">\t\n<ul id=\"46\" class=\"tab-progress-bar wp-block-list\"><li>4\/6<\/li><\/ul>\n<\/div><\/div><\/div>\n<\/div><\/div><\/div>\n\n\n<\/div><\/div><\/div>\n\n <div class=\"container  post_type__page\"><div class=\"row mb-3\"><div class=\"col-12 col-lg-12 offset-lg-0\">\t<p>[lernreise level=&#8221;level-03&#8243;]<\/p>\n<\/div><\/div><\/div><\/div><\/div>\n<\/div><\/div><\/div><\/div><\/div>\n<\/div><\/div><\/div><\/div><\/div>\n<\/div><\/div><\/div><\/div><\/div>\n<\/div><\/div><\/div>\n<\/div><\/div><\/div><\/div><\/section>\n<\/div><\/div><\/div>","protected":false},"excerpt":{"rendered":"","protected":false},"author":6973,"featured_media":0,"parent":0,"menu_order":0,"comment_status":"closed","ping_status":"closed","template":"","meta":{"_acf_changed":false,"inline_featured_image":false,"footnotes":""},"class_list":["post-43245","page","type-page","status-publish","hentry"],"acf":[],"yoast_head":"<!-- This site is optimized with the Yoast SEO Premium plugin v22.4 (Yoast SEO v24.7) - https:\/\/yoast.com\/wordpress\/plugins\/seo\/ -->\n<title>Course &#8226; Digitalf\u00fchrerschein (DiF\u00fc)<\/title>\n<meta name=\"robots\" content=\"index, follow, max-snippet:-1, max-image-preview:large, max-video-preview:-1\" \/>\n<link rel=\"canonical\" href=\"https:\/\/difue.de\/en\/course\/\" \/>\n<meta property=\"og:locale\" content=\"en_US\" \/>\n<meta property=\"og:type\" content=\"article\" \/>\n<meta property=\"og:title\" content=\"Course\" \/>\n<meta property=\"og:url\" content=\"https:\/\/difue.de\/en\/course\/\" \/>\n<meta property=\"og:site_name\" content=\"Digitalf\u00fchrerschein (DiF\u00fc)\" \/>\n<meta property=\"article:publisher\" content=\"https:\/\/www.facebook.com\/people\/DsiN-Digitalf%c3%bchrerschein-DiF%c3%bc\/100079074183260\/\" \/>\n<meta property=\"article:modified_time\" content=\"2024-06-25T14:40:07+00:00\" \/>\n<meta property=\"og:image\" content=\"https:\/\/difue.de\/app\/uploads\/2021\/12\/digitalfuehrerschein_ablauf_01.svg\" \/>\n<meta name=\"twitter:card\" content=\"summary_large_image\" \/>\n<script type=\"application\/ld+json\" class=\"yoast-schema-graph\">{\"@context\":\"https:\/\/schema.org\",\"@graph\":[{\"@type\":\"WebPage\",\"@id\":\"https:\/\/difue.de\/en\/course\/\",\"url\":\"https:\/\/difue.de\/en\/course\/\",\"name\":\"Course &#8226; Digitalf\u00fchrerschein (DiF\u00fc)\",\"isPartOf\":{\"@id\":\"https:\/\/difue.de\/en\/#website\"},\"primaryImageOfPage\":{\"@id\":\"https:\/\/difue.de\/en\/course\/#primaryimage\"},\"image\":{\"@id\":\"https:\/\/difue.de\/en\/course\/#primaryimage\"},\"thumbnailUrl\":\"https:\/\/difue.de\/app\/uploads\/2021\/12\/digitalfuehrerschein_ablauf_01.svg\",\"datePublished\":\"2021-10-24T09:30:50+00:00\",\"dateModified\":\"2024-06-25T14:40:07+00:00\",\"breadcrumb\":{\"@id\":\"https:\/\/difue.de\/en\/course\/#breadcrumb\"},\"inLanguage\":\"en-US\",\"potentialAction\":[{\"@type\":\"ReadAction\",\"target\":[\"https:\/\/difue.de\/en\/course\/\"]}]},{\"@type\":\"ImageObject\",\"inLanguage\":\"en-US\",\"@id\":\"https:\/\/difue.de\/en\/course\/#primaryimage\",\"url\":\"https:\/\/difue.de\/app\/uploads\/2021\/12\/digitalfuehrerschein_ablauf_01.svg\",\"contentUrl\":\"https:\/\/difue.de\/app\/uploads\/2021\/12\/digitalfuehrerschein_ablauf_01.svg\"},{\"@type\":\"BreadcrumbList\",\"@id\":\"https:\/\/difue.de\/en\/course\/#breadcrumb\",\"itemListElement\":[{\"@type\":\"ListItem\",\"position\":1,\"name\":\"Startseite\",\"item\":\"https:\/\/difue.de\/en\/startseite\/\"},{\"@type\":\"ListItem\",\"position\":2,\"name\":\"Course\"}]},{\"@type\":\"WebSite\",\"@id\":\"https:\/\/difue.de\/en\/#website\",\"url\":\"https:\/\/difue.de\/en\/\",\"name\":\"Digitalf\u00fchrerschein (DiF\u00fc)\",\"description\":\"\",\"publisher\":{\"@id\":\"https:\/\/difue.de\/en\/#organization\"},\"potentialAction\":[{\"@type\":\"SearchAction\",\"target\":{\"@type\":\"EntryPoint\",\"urlTemplate\":\"https:\/\/difue.de\/en\/?s={search_term_string}\"},\"query-input\":{\"@type\":\"PropertyValueSpecification\",\"valueRequired\":true,\"valueName\":\"search_term_string\"}}],\"inLanguage\":\"en-US\"},{\"@type\":\"Organization\",\"@id\":\"https:\/\/difue.de\/en\/#organization\",\"name\":\"Digitalf\u00fchrerschein (DiF\u00fc)\",\"url\":\"https:\/\/difue.de\/en\/\",\"logo\":{\"@type\":\"ImageObject\",\"inLanguage\":\"en-US\",\"@id\":\"https:\/\/difue.de\/en\/#\/schema\/logo\/image\/\",\"url\":\"https:\/\/difue.de\/app\/uploads\/2021\/09\/difue-logo.svg\",\"contentUrl\":\"https:\/\/difue.de\/app\/uploads\/2021\/09\/difue-logo.svg\",\"width\":200,\"height\":149,\"caption\":\"Digitalf\u00fchrerschein (DiF\u00fc)\"},\"image\":{\"@id\":\"https:\/\/difue.de\/en\/#\/schema\/logo\/image\/\"},\"sameAs\":[\"https:\/\/www.facebook.com\/people\/DsiN-Digitalf\u00fchrerschein-DiF\u00fc\/100079074183260\/\",\"https:\/\/www.instagram.com\/dsin_digitalfuehrerschein\/\"]}]}<\/script>\n<!-- \/ Yoast SEO Premium plugin. -->","yoast_head_json":{"title":"Course &#8226; Digitalf\u00fchrerschein (DiF\u00fc)","robots":{"index":"index","follow":"follow","max-snippet":"max-snippet:-1","max-image-preview":"max-image-preview:large","max-video-preview":"max-video-preview:-1"},"canonical":"https:\/\/difue.de\/en\/course\/","og_locale":"en_US","og_type":"article","og_title":"Course","og_url":"https:\/\/difue.de\/en\/course\/","og_site_name":"Digitalf\u00fchrerschein (DiF\u00fc)","article_publisher":"https:\/\/www.facebook.com\/people\/DsiN-Digitalf%c3%bchrerschein-DiF%c3%bc\/100079074183260\/","article_modified_time":"2024-06-25T14:40:07+00:00","og_image":[{"url":"https:\/\/difue.de\/app\/uploads\/2021\/12\/digitalfuehrerschein_ablauf_01.svg","type":"","width":"","height":""}],"twitter_card":"summary_large_image","schema":{"@context":"https:\/\/schema.org","@graph":[{"@type":"WebPage","@id":"https:\/\/difue.de\/en\/course\/","url":"https:\/\/difue.de\/en\/course\/","name":"Course &#8226; Digitalf\u00fchrerschein (DiF\u00fc)","isPartOf":{"@id":"https:\/\/difue.de\/en\/#website"},"primaryImageOfPage":{"@id":"https:\/\/difue.de\/en\/course\/#primaryimage"},"image":{"@id":"https:\/\/difue.de\/en\/course\/#primaryimage"},"thumbnailUrl":"https:\/\/difue.de\/app\/uploads\/2021\/12\/digitalfuehrerschein_ablauf_01.svg","datePublished":"2021-10-24T09:30:50+00:00","dateModified":"2024-06-25T14:40:07+00:00","breadcrumb":{"@id":"https:\/\/difue.de\/en\/course\/#breadcrumb"},"inLanguage":"en-US","potentialAction":[{"@type":"ReadAction","target":["https:\/\/difue.de\/en\/course\/"]}]},{"@type":"ImageObject","inLanguage":"en-US","@id":"https:\/\/difue.de\/en\/course\/#primaryimage","url":"https:\/\/difue.de\/app\/uploads\/2021\/12\/digitalfuehrerschein_ablauf_01.svg","contentUrl":"https:\/\/difue.de\/app\/uploads\/2021\/12\/digitalfuehrerschein_ablauf_01.svg"},{"@type":"BreadcrumbList","@id":"https:\/\/difue.de\/en\/course\/#breadcrumb","itemListElement":[{"@type":"ListItem","position":1,"name":"Startseite","item":"https:\/\/difue.de\/en\/startseite\/"},{"@type":"ListItem","position":2,"name":"Course"}]},{"@type":"WebSite","@id":"https:\/\/difue.de\/en\/#website","url":"https:\/\/difue.de\/en\/","name":"Digitalf\u00fchrerschein (DiF\u00fc)","description":"","publisher":{"@id":"https:\/\/difue.de\/en\/#organization"},"potentialAction":[{"@type":"SearchAction","target":{"@type":"EntryPoint","urlTemplate":"https:\/\/difue.de\/en\/?s={search_term_string}"},"query-input":{"@type":"PropertyValueSpecification","valueRequired":true,"valueName":"search_term_string"}}],"inLanguage":"en-US"},{"@type":"Organization","@id":"https:\/\/difue.de\/en\/#organization","name":"Digitalf\u00fchrerschein (DiF\u00fc)","url":"https:\/\/difue.de\/en\/","logo":{"@type":"ImageObject","inLanguage":"en-US","@id":"https:\/\/difue.de\/en\/#\/schema\/logo\/image\/","url":"https:\/\/difue.de\/app\/uploads\/2021\/09\/difue-logo.svg","contentUrl":"https:\/\/difue.de\/app\/uploads\/2021\/09\/difue-logo.svg","width":200,"height":149,"caption":"Digitalf\u00fchrerschein (DiF\u00fc)"},"image":{"@id":"https:\/\/difue.de\/en\/#\/schema\/logo\/image\/"},"sameAs":["https:\/\/www.facebook.com\/people\/DsiN-Digitalf\u00fchrerschein-DiF\u00fc\/100079074183260\/","https:\/\/www.instagram.com\/dsin_digitalfuehrerschein\/"]}]}},"_links":{"self":[{"href":"https:\/\/difue.de\/en\/wp-json\/wp\/v2\/pages\/43245","targetHints":{"allow":["GET"]}}],"collection":[{"href":"https:\/\/difue.de\/en\/wp-json\/wp\/v2\/pages"}],"about":[{"href":"https:\/\/difue.de\/en\/wp-json\/wp\/v2\/types\/page"}],"author":[{"embeddable":true,"href":"https:\/\/difue.de\/en\/wp-json\/wp\/v2\/users\/6973"}],"replies":[{"embeddable":true,"href":"https:\/\/difue.de\/en\/wp-json\/wp\/v2\/comments?post=43245"}],"version-history":[{"count":3,"href":"https:\/\/difue.de\/en\/wp-json\/wp\/v2\/pages\/43245\/revisions"}],"predecessor-version":[{"id":45247,"href":"https:\/\/difue.de\/en\/wp-json\/wp\/v2\/pages\/43245\/revisions\/45247"}],"wp:attachment":[{"href":"https:\/\/difue.de\/en\/wp-json\/wp\/v2\/media?parent=43245"}],"curies":[{"name":"wp","href":"https:\/\/api.w.org\/{rel}","templated":true}]}}