{"id":44649,"date":"2021-10-28T17:10:07","date_gmt":"2021-10-28T15:10:07","guid":{"rendered":"https:\/\/difue.de\/?page_id=44649"},"modified":"2024-06-17T13:42:34","modified_gmt":"2024-06-17T11:42:34","slug":"dein-weg-zum-dsin-digitalfuhrerschein","status":"publish","type":"page","link":"https:\/\/difue.de\/en\/dein-weg-zum-dsin-digitalfuhrerschein\/","title":{"rendered":"Dein Weg zum DsiN-Digitalf\u00fchrerschein"},"content":{"rendered":" <div class=\"container  post_type__page\"><div class=\"row mb-3\"><div class=\"col-12 col-lg-12 offset-lg-0\">\t\n<p class=\"has-medium-font-size\">Du f\u00fchlst dich bereit, dein Digital-Wissen unter Beweis zu stellen? Dann bist du hier genau richtig! Um den DsiN-Digitalf\u00fchrerschein zu erhalten, kannst du eine digitale Pr\u00fcfung absolvieren. Diese besteht aus verschiedenen Teilen und dauert maximal 60 Minuten. Starte jetzt durch!<\/p>\n<\/div><\/div><\/div>\n\n\n<section class=\"block__info_block py-5 mb-6\">\n\t<div class=\"container\">\n\n\t\t\t\t\t<div class=\"row mb-3 mb-lg-7\">\n\t\t\t\t<div class=\"col-12\">\n\t\t\t\t\t<h3 class=\"block__info_block__title fw-bold\">Was sind die Vorteile des DiF\u00fc-Zertifikats?<\/h3>\n\t\t\t\t<\/div>\n\t\t\t<\/div>\n\t\t\n\t\t\t\t\t\t\t\t\t\t\t\t<div class=\"block__info_block__info_row row\">\n\t\t\t\t\t\n\t\t\t\t\t<div class=\"block__info_block__content_wrapper  col-12 col-lg-6  offset-lg-2 \">\n\t\t\t\t\t\t<h4 class=\"fw-bold mb-3\">Du f\u00f6rderst deine berufliche Weiterentwicklung<\/h4>\n\t\t\t\t\t\t<p>Mit dem DsiN-Digitalf\u00fchrerschein werden dir digitale Kompetenzen in verschiedenen Themenbereichen zertifiziert. So kannst du zum Beispiel gegen\u00fcber Arbeitgebern dein Digital-Wissen nachweisen und dich beruflich weiterentwickeln.<\/p>\n\t\t\t\t\t<\/div>\n\t\t\t\t\t\t\t\t\t\t\t<div class=\"block__info_block__image_wrapper d-none d-lg-block col-lg-2  wp-block-image\">\n\t\t\t\t\t\t\t<img decoding=\"async\" src=\"https:\/\/difue.de\/app\/uploads\/2021\/12\/vorteile_01.svg\"\n\t\t\t\t\t\t\t\t alt=\"\">\n\t\t\t\t\t\t<\/div>\n\t\t\t\t\t\t\t\t\t<\/div>\n\t\t\t\t<div class=\"block__info_block__divider_line row\">\n\n\t\t\t\t<\/div>\n\t\t\t\t\t\t\t<div class=\"block__info_block__info_row row\">\n\t\t\t\t\t\n\t\t\t\t\t<div class=\"block__info_block__content_wrapper  col-12 col-lg-6  order-2 \">\n\t\t\t\t\t\t<h4 class=\"fw-bold mb-3\">Du weist deine Digitalkompetenzen offiziell nach<\/h4>\n\t\t\t\t\t\t<p>Das Wissen und die F\u00e4higkeiten, die du selbst erlangt oder durch Erfahrung gesammelt hast, werden f\u00fcr andere nachvollziehbar und transparent zertifiziert.<\/p>\n\t\t\t\t\t<\/div>\n\t\t\t\t\t\t\t\t\t\t\t<div class=\"block__info_block__image_wrapper d-none d-lg-block col-lg-2  order-1 offset-lg-2  wp-block-image\">\n\t\t\t\t\t\t\t<img decoding=\"async\" src=\"https:\/\/difue.de\/app\/uploads\/2021\/12\/vorteile_02.svg\"\n\t\t\t\t\t\t\t\t alt=\"\">\n\t\t\t\t\t\t<\/div>\n\t\t\t\t\t\t\t\t\t<\/div>\n\t\t\t\t<div class=\"block__info_block__divider_line row\">\n\n\t\t\t\t<\/div>\n\t\t\t\t\t\t\t<div class=\"block__info_block__info_row row\">\n\t\t\t\t\t\n\t\t\t\t\t<div class=\"block__info_block__content_wrapper  col-12 col-lg-6  offset-lg-2 \">\n\t\t\t\t\t\t<h4 class=\"fw-bold mb-3\">Du erh\u00e4ltst ein deutschlandweit einheitliches Zertifikat<\/h4>\n\t\t\t\t\t\t<p>Dadurch, dass der DsiN-Digitalf\u00fchrerschein deutschlandweit angeboten wird, kannst du \u00fcberall auf das Zertifikat verweisen und in jedem Bundesland Transparenz \u00fcber deine Kompetenzen schaffen.<\/p>\n\t\t\t\t\t<\/div>\n\t\t\t\t\t\t\t\t\t\t\t<div class=\"block__info_block__image_wrapper d-none d-lg-block col-lg-2  wp-block-image\">\n\t\t\t\t\t\t\t<img decoding=\"async\" src=\"https:\/\/difue.de\/app\/uploads\/2021\/12\/vorteile_03.svg\"\n\t\t\t\t\t\t\t\t alt=\"\">\n\t\t\t\t\t\t<\/div>\n\t\t\t\t\t\t\t\t\t<\/div>\n\t\t\t\t<div class=\"block__info_block__divider_line row\">\n\n\t\t\t\t<\/div>\n\t\t\t\t\t\n\t<\/div>\n<\/section>\n\n\n<div class=\"wp-block-image\"> <div class=\"container  post_type__page\"><div class=\"row mb-3\"><div class=\"col-12 col-lg-12 offset-lg-0\">\t\n<figure class=\"aligncenter size-large\"><a href=\"https:\/\/difue.de\/app\/uploads\/2021\/12\/pruefungslandingpage_starten.svg\"><img loading=\"lazy\" decoding=\"async\" width=\"545\" height=\"277\" src=\"https:\/\/difue.de\/app\/uploads\/2021\/12\/pruefungslandingpage_starten.svg\" alt=\"\" class=\"wp-image-6161\"\/><\/a><\/figure>\n<\/div><\/div><\/div><\/div>\n\n <div class=\"container  post_type__page\"><div class=\"row mb-3\"><div class=\"col-12 col-lg-12 offset-lg-0\">\t\n<h3 class=\"wp-block-heading has-text-align-center\" id=\"h-der-direkte-weg-zu-deinem-zertifikat\">Der direkte Weg zu deinem Zertifikat<\/h3>\n<\/div><\/div><\/div>\n\n\n<section class=\"block__cta text-align-center mb-6\">\n\t<div class=\"container\">\n\t\t<div class=\"row\">\n\t\t\t<div class=\"col-12 col-lg-4 offset-lg-4\">\n\t\t\t\t<a href=\"\/digitalfuehrerschein\/lernzentrale\/#run:startExam\"><div class=\"block__cta__cta_wrapper fw-bold \">\n\t\t\t\t\tJetzt DiF\u00fc-Pr\u00fcfung starten\t\t\t\t<\/div><\/a>\n\t\t\t<\/div>\n\t\t<\/div>\n\t\t\t<\/div>\n<\/section>\n","protected":false},"excerpt":{"rendered":"<p>Du f\u00fchlst dich bereit, dein Digital-Wissen unter Beweis zu stellen? Dann bist du hier genau richtig! Um den DsiN-Digitalf\u00fchrerschein zu [&hellip;]<\/p>\n","protected":false},"author":26,"featured_media":0,"parent":0,"menu_order":500,"comment_status":"closed","ping_status":"closed","template":"","meta":{"_acf_changed":false,"inline_featured_image":false,"footnotes":""},"class_list":["post-44649","page","type-page","status-publish","hentry"],"acf":[],"yoast_head":"<!-- This site is optimized with the Yoast SEO Premium plugin v22.4 (Yoast SEO v24.7) - https:\/\/yoast.com\/wordpress\/plugins\/seo\/ -->\n<title>Dein Weg zum DsiN-Digitalf\u00fchrerschein &#8226; Digitalf\u00fchrerschein (DiF\u00fc)<\/title>\n<meta name=\"robots\" content=\"noindex, nofollow\" \/>\n<meta property=\"og:locale\" content=\"en_US\" \/>\n<meta property=\"og:type\" content=\"article\" \/>\n<meta property=\"og:title\" content=\"Dein Weg zum DsiN-Digitalf\u00fchrerschein\" \/>\n<meta property=\"og:description\" content=\"Du f\u00fchlst dich bereit, dein Digital-Wissen unter Beweis zu stellen? Dann bist du hier genau richtig! Um den DsiN-Digitalf\u00fchrerschein zu [&hellip;]\" \/>\n<meta property=\"og:url\" content=\"https:\/\/difue.de\/en\/dein-weg-zum-dsin-digitalfuhrerschein\/\" \/>\n<meta property=\"og:site_name\" content=\"Digitalf\u00fchrerschein (DiF\u00fc)\" \/>\n<meta property=\"article:publisher\" content=\"https:\/\/www.facebook.com\/people\/DsiN-Digitalf%c3%bchrerschein-DiF%c3%bc\/100079074183260\/\" \/>\n<meta property=\"article:modified_time\" content=\"2024-06-17T11:42:34+00:00\" \/>\n<meta property=\"og:image\" content=\"https:\/\/difue.de\/app\/uploads\/2021\/12\/pruefungslandingpage_starten.svg\" \/>\n<meta name=\"twitter:card\" content=\"summary_large_image\" \/>\n<meta name=\"twitter:label1\" content=\"Est. reading time\" \/>\n\t<meta name=\"twitter:data1\" content=\"1 minute\" \/>\n<script type=\"application\/ld+json\" class=\"yoast-schema-graph\">{\"@context\":\"https:\/\/schema.org\",\"@graph\":[{\"@type\":\"WebPage\",\"@id\":\"https:\/\/difue.de\/en\/dein-weg-zum-dsin-digitalfuhrerschein\/\",\"url\":\"https:\/\/difue.de\/en\/dein-weg-zum-dsin-digitalfuhrerschein\/\",\"name\":\"Dein Weg zum DsiN-Digitalf\u00fchrerschein &#8226; Digitalf\u00fchrerschein (DiF\u00fc)\",\"isPartOf\":{\"@id\":\"https:\/\/difue.de\/en\/#website\"},\"primaryImageOfPage\":{\"@id\":\"https:\/\/difue.de\/en\/dein-weg-zum-dsin-digitalfuhrerschein\/#primaryimage\"},\"image\":{\"@id\":\"https:\/\/difue.de\/en\/dein-weg-zum-dsin-digitalfuhrerschein\/#primaryimage\"},\"thumbnailUrl\":\"https:\/\/difue.de\/app\/uploads\/2021\/12\/pruefungslandingpage_starten.svg\",\"datePublished\":\"2021-10-28T15:10:07+00:00\",\"dateModified\":\"2024-06-17T11:42:34+00:00\",\"breadcrumb\":{\"@id\":\"https:\/\/difue.de\/en\/dein-weg-zum-dsin-digitalfuhrerschein\/#breadcrumb\"},\"inLanguage\":\"en-US\",\"potentialAction\":[{\"@type\":\"ReadAction\",\"target\":[\"https:\/\/difue.de\/en\/dein-weg-zum-dsin-digitalfuhrerschein\/\"]}]},{\"@type\":\"ImageObject\",\"inLanguage\":\"en-US\",\"@id\":\"https:\/\/difue.de\/en\/dein-weg-zum-dsin-digitalfuhrerschein\/#primaryimage\",\"url\":\"https:\/\/difue.de\/app\/uploads\/2021\/12\/pruefungslandingpage_starten.svg\",\"contentUrl\":\"https:\/\/difue.de\/app\/uploads\/2021\/12\/pruefungslandingpage_starten.svg\"},{\"@type\":\"BreadcrumbList\",\"@id\":\"https:\/\/difue.de\/en\/dein-weg-zum-dsin-digitalfuhrerschein\/#breadcrumb\",\"itemListElement\":[{\"@type\":\"ListItem\",\"position\":1,\"name\":\"Startseite\",\"item\":\"https:\/\/difue.de\/en\/startseite\/\"},{\"@type\":\"ListItem\",\"position\":2,\"name\":\"Dein Weg zum DsiN-Digitalf\u00fchrerschein\"}]},{\"@type\":\"WebSite\",\"@id\":\"https:\/\/difue.de\/en\/#website\",\"url\":\"https:\/\/difue.de\/en\/\",\"name\":\"Digitalf\u00fchrerschein (DiF\u00fc)\",\"description\":\"\",\"publisher\":{\"@id\":\"https:\/\/difue.de\/en\/#organization\"},\"potentialAction\":[{\"@type\":\"SearchAction\",\"target\":{\"@type\":\"EntryPoint\",\"urlTemplate\":\"https:\/\/difue.de\/en\/?s={search_term_string}\"},\"query-input\":{\"@type\":\"PropertyValueSpecification\",\"valueRequired\":true,\"valueName\":\"search_term_string\"}}],\"inLanguage\":\"en-US\"},{\"@type\":\"Organization\",\"@id\":\"https:\/\/difue.de\/en\/#organization\",\"name\":\"Digitalf\u00fchrerschein (DiF\u00fc)\",\"url\":\"https:\/\/difue.de\/en\/\",\"logo\":{\"@type\":\"ImageObject\",\"inLanguage\":\"en-US\",\"@id\":\"https:\/\/difue.de\/en\/#\/schema\/logo\/image\/\",\"url\":\"https:\/\/difue.de\/app\/uploads\/2021\/09\/difue-logo.svg\",\"contentUrl\":\"https:\/\/difue.de\/app\/uploads\/2021\/09\/difue-logo.svg\",\"width\":200,\"height\":149,\"caption\":\"Digitalf\u00fchrerschein (DiF\u00fc)\"},\"image\":{\"@id\":\"https:\/\/difue.de\/en\/#\/schema\/logo\/image\/\"},\"sameAs\":[\"https:\/\/www.facebook.com\/people\/DsiN-Digitalf\u00fchrerschein-DiF\u00fc\/100079074183260\/\",\"https:\/\/www.instagram.com\/dsin_digitalfuehrerschein\/\"]}]}<\/script>\n<!-- \/ Yoast SEO Premium plugin. -->","yoast_head_json":{"title":"Dein Weg zum DsiN-Digitalf\u00fchrerschein &#8226; Digitalf\u00fchrerschein (DiF\u00fc)","robots":{"index":"noindex","follow":"nofollow"},"og_locale":"en_US","og_type":"article","og_title":"Dein Weg zum DsiN-Digitalf\u00fchrerschein","og_description":"Du f\u00fchlst dich bereit, dein Digital-Wissen unter Beweis zu stellen? Dann bist du hier genau richtig! Um den DsiN-Digitalf\u00fchrerschein zu [&hellip;]","og_url":"https:\/\/difue.de\/en\/dein-weg-zum-dsin-digitalfuhrerschein\/","og_site_name":"Digitalf\u00fchrerschein (DiF\u00fc)","article_publisher":"https:\/\/www.facebook.com\/people\/DsiN-Digitalf%c3%bchrerschein-DiF%c3%bc\/100079074183260\/","article_modified_time":"2024-06-17T11:42:34+00:00","og_image":[{"url":"https:\/\/difue.de\/app\/uploads\/2021\/12\/pruefungslandingpage_starten.svg","type":"","width":"","height":""}],"twitter_card":"summary_large_image","twitter_misc":{"Est. reading time":"1 minute"},"schema":{"@context":"https:\/\/schema.org","@graph":[{"@type":"WebPage","@id":"https:\/\/difue.de\/en\/dein-weg-zum-dsin-digitalfuhrerschein\/","url":"https:\/\/difue.de\/en\/dein-weg-zum-dsin-digitalfuhrerschein\/","name":"Dein Weg zum DsiN-Digitalf\u00fchrerschein &#8226; Digitalf\u00fchrerschein (DiF\u00fc)","isPartOf":{"@id":"https:\/\/difue.de\/en\/#website"},"primaryImageOfPage":{"@id":"https:\/\/difue.de\/en\/dein-weg-zum-dsin-digitalfuhrerschein\/#primaryimage"},"image":{"@id":"https:\/\/difue.de\/en\/dein-weg-zum-dsin-digitalfuhrerschein\/#primaryimage"},"thumbnailUrl":"https:\/\/difue.de\/app\/uploads\/2021\/12\/pruefungslandingpage_starten.svg","datePublished":"2021-10-28T15:10:07+00:00","dateModified":"2024-06-17T11:42:34+00:00","breadcrumb":{"@id":"https:\/\/difue.de\/en\/dein-weg-zum-dsin-digitalfuhrerschein\/#breadcrumb"},"inLanguage":"en-US","potentialAction":[{"@type":"ReadAction","target":["https:\/\/difue.de\/en\/dein-weg-zum-dsin-digitalfuhrerschein\/"]}]},{"@type":"ImageObject","inLanguage":"en-US","@id":"https:\/\/difue.de\/en\/dein-weg-zum-dsin-digitalfuhrerschein\/#primaryimage","url":"https:\/\/difue.de\/app\/uploads\/2021\/12\/pruefungslandingpage_starten.svg","contentUrl":"https:\/\/difue.de\/app\/uploads\/2021\/12\/pruefungslandingpage_starten.svg"},{"@type":"BreadcrumbList","@id":"https:\/\/difue.de\/en\/dein-weg-zum-dsin-digitalfuhrerschein\/#breadcrumb","itemListElement":[{"@type":"ListItem","position":1,"name":"Startseite","item":"https:\/\/difue.de\/en\/startseite\/"},{"@type":"ListItem","position":2,"name":"Dein Weg zum DsiN-Digitalf\u00fchrerschein"}]},{"@type":"WebSite","@id":"https:\/\/difue.de\/en\/#website","url":"https:\/\/difue.de\/en\/","name":"Digitalf\u00fchrerschein (DiF\u00fc)","description":"","publisher":{"@id":"https:\/\/difue.de\/en\/#organization"},"potentialAction":[{"@type":"SearchAction","target":{"@type":"EntryPoint","urlTemplate":"https:\/\/difue.de\/en\/?s={search_term_string}"},"query-input":{"@type":"PropertyValueSpecification","valueRequired":true,"valueName":"search_term_string"}}],"inLanguage":"en-US"},{"@type":"Organization","@id":"https:\/\/difue.de\/en\/#organization","name":"Digitalf\u00fchrerschein (DiF\u00fc)","url":"https:\/\/difue.de\/en\/","logo":{"@type":"ImageObject","inLanguage":"en-US","@id":"https:\/\/difue.de\/en\/#\/schema\/logo\/image\/","url":"https:\/\/difue.de\/app\/uploads\/2021\/09\/difue-logo.svg","contentUrl":"https:\/\/difue.de\/app\/uploads\/2021\/09\/difue-logo.svg","width":200,"height":149,"caption":"Digitalf\u00fchrerschein (DiF\u00fc)"},"image":{"@id":"https:\/\/difue.de\/en\/#\/schema\/logo\/image\/"},"sameAs":["https:\/\/www.facebook.com\/people\/DsiN-Digitalf\u00fchrerschein-DiF\u00fc\/100079074183260\/","https:\/\/www.instagram.com\/dsin_digitalfuehrerschein\/"]}]}},"_links":{"self":[{"href":"https:\/\/difue.de\/en\/wp-json\/wp\/v2\/pages\/44649","targetHints":{"allow":["GET"]}}],"collection":[{"href":"https:\/\/difue.de\/en\/wp-json\/wp\/v2\/pages"}],"about":[{"href":"https:\/\/difue.de\/en\/wp-json\/wp\/v2\/types\/page"}],"author":[{"embeddable":true,"href":"https:\/\/difue.de\/en\/wp-json\/wp\/v2\/users\/26"}],"replies":[{"embeddable":true,"href":"https:\/\/difue.de\/en\/wp-json\/wp\/v2\/comments?post=44649"}],"version-history":[{"count":1,"href":"https:\/\/difue.de\/en\/wp-json\/wp\/v2\/pages\/44649\/revisions"}],"predecessor-version":[{"id":44650,"href":"https:\/\/difue.de\/en\/wp-json\/wp\/v2\/pages\/44649\/revisions\/44650"}],"wp:attachment":[{"href":"https:\/\/difue.de\/en\/wp-json\/wp\/v2\/media?parent=44649"}],"curies":[{"name":"wp","href":"https:\/\/api.w.org\/{rel}","templated":true}]}}