{"id":44668,"date":"2021-10-28T17:57:54","date_gmt":"2021-10-28T15:57:54","guid":{"rendered":"https:\/\/difue.de\/?page_id=44668"},"modified":"2024-06-17T13:43:34","modified_gmt":"2024-06-17T11:43:34","slug":"der-difu-stellt-sich-vor","status":"publish","type":"page","link":"https:\/\/difue.de\/en\/der-difu-stellt-sich-vor\/","title":{"rendered":"Der DiF\u00fc stellt sich vor"},"content":{"rendered":" <div class=\"container  post_type__page\"><div class=\"row mb-3\"><div class=\"col-12 col-lg-12 offset-lg-0\">\t\n<p><strong>Der DsiN-Digitalf\u00fchrerschein (DiF\u00fc) ist ein bundesweit einheitliches Weiterbildungs- und Zertifizierungsangebot mit Fokus auf relevante Themenbereiche rund um den digitalen Alltag. Gef\u00f6rdert durch Mittel des Bundesministeriums des Innern und f\u00fcr Heimat (BMI) hat Deutschland sicher im Netz e. V. den DiF\u00fc entwickelt, um ein Format zu schaffen, das den Stand der individuellen digitalen Kompetenz aufzeigt und f\u00fcr Dritte (wie beispielsweise Arbeitgeber:innen) nachvollziehbar macht.&nbsp;<\/strong>&nbsp;<\/p>\n<\/div><\/div><\/div>\n\n\n<section class=\"block__text_columns mb-6\">\n\t<div class=\"container\">\n\t\t<div class=\"row\">\n\t\t\t<div class=\"block__text_columns__text_wrapper text-align-left col-12 col-lg-12 offset-lg-0\" style=\"column-count: 2\">\n\t\t\t\t<p><span class=\"TextRun SCXW17940184 BCX8\" lang=\"DE-DE\" xml:lang=\"DE-DE\" data-contrast=\"auto\"><span class=\"NormalTextRun SCXW17940184 BCX8\">D<\/span><span class=\"NormalTextRun SCXW17940184 BCX8\">er<\/span><span class=\"NormalTextRun SCXW17940184 BCX8\"> DsiN-Digitalf\u00fchrersch<\/span><span class=\"NormalTextRun SCXW17940184 BCX8\">ein (DiF\u00fc) <\/span><span class=\"NormalTextRun SCXW17940184 BCX8\">ist in ein Webportal integriert, welches <\/span><span class=\"NormalTextRun SCXW17940184 BCX8\">aus drei zentralen Komponenten<\/span><span class=\"NormalTextRun SCXW17940184 BCX8\"> besteht und<\/span><span class=\"NormalTextRun SCXW17940184 BCX8\"> von denen das Lernangebot inklusive der Zertifizierungsm\u00f6glichkeit<\/span>\u00a0<span class=\"NormalTextRun SCXW17940184 BCX8\">d<\/span><span class=\"NormalTextRun SCXW17940184 BCX8\">en Kern bilden. <\/span><span class=\"NormalTextRun SpellingErrorV2 SCXW17940184 BCX8\">B\u00fcrger<\/span><span class=\"NormalTextRun SpellingErrorV2 SCXW17940184 BCX8\">:innen<\/span><span class=\"NormalTextRun SCXW17940184 BCX8\"> aller Altersgruppen haben die M\u00f6glichkeit<\/span><span class=\"NormalTextRun SCXW17940184 BCX8\">,<\/span><span class=\"NormalTextRun SCXW17940184 BCX8\"> das Mitmach- und Lernangebote kostenfrei zu nutzen und sich so <\/span><span class=\"NormalTextRun SCXW17940184 BCX8\">Kompetenzen und Sicherheit <\/span><span class=\"NormalTextRun SCXW17940184 BCX8\">in verschiedenen Themenbereichen <\/span><span class=\"NormalTextRun SCXW17940184 BCX8\">des <\/span><span class=\"NormalTextRun SCXW17940184 BCX8\">digitale<\/span><span class=\"NormalTextRun SCXW17940184 BCX8\">n<\/span><span class=\"NormalTextRun SCXW17940184 BCX8\"> Grundlagenwissen<\/span><span class=\"NormalTextRun SCXW17940184 BCX8\">s<\/span><span class=\"NormalTextRun SCXW17940184 BCX8\"> anzueignen<\/span><span class=\"NormalTextRun SCXW17940184 BCX8\">.<\/span> <\/span><\/p>\n<p><span class=\"TextRun SCXW17940184 BCX8\" lang=\"DE-DE\" xml:lang=\"DE-DE\" data-contrast=\"auto\"><span class=\"NormalTextRun SCXW17940184 BCX8\">Erg\u00e4nz<\/span><span class=\"NormalTextRun SCXW17940184 BCX8\">t<\/span><span class=\"NormalTextRun SCXW17940184 BCX8\"> wird das <\/span><span class=\"NormalTextRun SCXW17940184 BCX8\">Lerna<\/span><span class=\"NormalTextRun SCXW17940184 BCX8\">ngebot<\/span> <span class=\"NormalTextRun SCXW17940184 BCX8\">durch<\/span><span class=\"NormalTextRun SCXW17940184 BCX8\"> tagesaktuelle<\/span> <span class=\"NormalTextRun SpellingErrorV2 SCXW17940184 BCX8\">DiF\u00fc<\/span><span class=\"NormalTextRun SCXW17940184 BCX8\"> News<\/span><span class=\"NormalTextRun SCXW17940184 BCX8\">, den <\/span><span class=\"NormalTextRun SCXW17940184 BCX8\">Podcast <\/span><span class=\"NormalTextRun SCXW17940184 BCX8\">&#8220;<\/span><span class=\"NormalTextRun SCXW17940184 BCX8\">D wie <\/span><span class=\"NormalTextRun SCXW17940184 BCX8\">D<\/span><span class=\"NormalTextRun SCXW17940184 BCX8\">igital<\/span><span class=\"NormalTextRun SCXW17940184 BCX8\">&#8220;<\/span><span class=\"NormalTextRun SCXW17940184 BCX8\"> sowie die <\/span><span class=\"NormalTextRun SCXW17940184 BCX8\">Kategorie <\/span><span class=\"NormalTextRun SCXW17940184 BCX8\">Entdecken &amp; Engagieren<\/span><span class=\"NormalTextRun SCXW17940184 BCX8\"> mit <\/span><span class=\"NormalTextRun SCXW17940184 BCX8\">Hinweise<\/span><span class=\"NormalTextRun SCXW17940184 BCX8\">n<\/span><span class=\"NormalTextRun SCXW17940184 BCX8\"> zu weiteren interessanten Projekten, Veranstaltungen und Publikationen<\/span><span class=\"NormalTextRun SCXW17940184 BCX8\">. Auch in den Sozialen Medien wird auf den Digitalf\u00fchrerschein aufmerksam gemacht.<\/span><\/span><\/p>\n\t\t\t<\/div>\n\t\t<\/div>\n\t<\/div>\n<\/section>\n\n\n\n<section class=\"block__quote-banner  gruene_banderole  mb-6\">\n\t<div class=\"container\">\n\t\t<div class=\"row py-4\">\n\t\t\t<div class=\"col-12 col-lg-12 offset-lg-0\">\n\t\t\t\t<div class=\"zitatbox \">\n\t\t\t\t\t<div class=\"zitat order-2 order-lg-1\">\n\t\t\t\t\t\t<p class=\"quote_start\">\u201c<\/p>\n\t\t\t\t\t\t<div class=\"zitattext\">Der DsiN-Digitalf\u00fchrerschein ist f\u00fcr alle Generationen gedacht, schafft Sicherheit im digitalen Alltag und gibt Vertrauen im Umgang mit der digitalen Welt.<\/div>\n\t\t\t\t\t\t<p class=\"quote_end\">\u201d<\/p>\n\t\t\t\t\t<\/div>\n\t\t\t\t\t\t\t\t\t\t\t<div class=\"zitatbild order-1 order-lg-2\">\n\t\t\t\t\t\t\t\t\t\t\t\t\t\t<img loading=\"lazy\" decoding=\"async\" width=\"150\" height=\"150\" src=\"https:\/\/difue.de\/app\/uploads\/2024\/06\/joachum-schulte-quadratisch-150x150.jpg\" class=\"img-fluid w-100\" alt=\"Joachim Schulte\" title=\"Joachim Schulte\" srcset=\"https:\/\/difue.de\/app\/uploads\/2024\/06\/joachum-schulte-quadratisch-150x150.jpg 150w, https:\/\/difue.de\/app\/uploads\/2024\/06\/joachum-schulte-quadratisch-300x300.jpg 300w, https:\/\/difue.de\/app\/uploads\/2024\/06\/joachum-schulte-quadratisch-145x145.jpg 145w, https:\/\/difue.de\/app\/uploads\/2024\/06\/joachum-schulte-quadratisch-268x268.jpg 268w, https:\/\/difue.de\/app\/uploads\/2024\/06\/joachum-schulte-quadratisch.jpg 515w\" sizes=\"auto, (max-width: 150px) 100vw, 150px\" \/>\t\t\t\t\t\t\t<p class=\"name\">Joachim Schulte<\/p>\n\t\t\t\t\t\t\t<p>Gesch\u00e4ftsf\u00fchrer DsiN<\/p>\n\t\t\t\t\t\t<\/div>\n\t\t\t\t\t\t\t\t\t<\/div>\n\t\t\t<\/div>\n\t\t<\/div>\n\t<\/div>\n<\/section>\n\n\n\n<section class=\"block__headline-more mb-6\">\n\t<div class=\"container\">\n\t\t<div class=\"row\">\n\t\t\t<div class=\"col-12 col-lg-12 offset-lg-0 d-flex justify-content-between\">\n\t\t\t\t<h3>Unsere Projektpartner<\/h3>\n\t\t\t\t\t\t\t\t\t<a href=\"https:\/\/difue.de\/unsere-projektpartner\/\">Alle anzeigen<\/a>\n\t\t\t\t\t\t\t<\/div>\n\t\t<\/div>\n\t<\/div>\n<\/section>\n\n\n\n<section class=\"block__logo-wall unsere_projektpartner mb-6\">\n    <div class=\"container\">\n        <div class=\"row\">\n            <div class=\"col-12 col-lg-12 offset-lg-0\">\n                <div class=\"logowall\">\n                                                                                                <a href=\"https:\/\/vds.de\/\" target=\"_blank\"><img loading=\"lazy\" decoding=\"async\" width=\"310\" height=\"299\" src=\"https:\/\/difue.de\/app\/uploads\/2022\/08\/vds_negativ_claim_de_rgb_gross-e1660118609440.jpg\" class=\"\" alt=\"Dunkelblaues Quadrat mit abgerundeten Ecken und der wei\u00dfen Aufschrift &quot;VdS&quot;.\" title=\"VdS - Schadenverh\u00fctung GmbH\" \/><\/a>\n                                                                                                                        <a href=\"https:\/\/www.t-systems.com\/de\/de\/security\" target=\"_blank\"><img loading=\"lazy\" decoding=\"async\" width=\"1296\" height=\"972\" src=\"https:\/\/difue.de\/app\/uploads\/2023\/01\/bi-telekom-logo-01.jpg\" class=\"\" alt=\"Magentafarbenes Rechteck mit dem charakteristischen Telekom &quot;T&quot;. Links und rechts davon auf mittlerer H\u00f6he jeweils ein kleines wei\u00dfes Quadrat.\" title=\"Deutsche Telekom Sicherheit\" srcset=\"https:\/\/difue.de\/app\/uploads\/2023\/01\/bi-telekom-logo-01.jpg 1296w, https:\/\/difue.de\/app\/uploads\/2023\/01\/bi-telekom-logo-01-300x225.jpg 300w, https:\/\/difue.de\/app\/uploads\/2023\/01\/bi-telekom-logo-01-1024x768.jpg 1024w, https:\/\/difue.de\/app\/uploads\/2023\/01\/bi-telekom-logo-01-768x576.jpg 768w, https:\/\/difue.de\/app\/uploads\/2023\/01\/bi-telekom-logo-01-800x600.jpg 800w, https:\/\/difue.de\/app\/uploads\/2023\/01\/bi-telekom-logo-01-130x97.jpg 130w, https:\/\/difue.de\/app\/uploads\/2023\/01\/bi-telekom-logo-01-150x113.jpg 150w, https:\/\/difue.de\/app\/uploads\/2023\/01\/bi-telekom-logo-01-357x268.jpg 357w\" sizes=\"auto, (max-width: 1296px) 100vw, 1296px\" \/><\/a>\n                                                                                                                        <a href=\"https:\/\/www.dsgv.de\/\" target=\"_blank\"><img loading=\"lazy\" decoding=\"async\" width=\"1000\" height=\"1000\" src=\"https:\/\/difue.de\/app\/uploads\/2023\/07\/Sparkasse.png\" class=\"\" alt=\"Sparkasse\" title=\"Sparkasse\" srcset=\"https:\/\/difue.de\/app\/uploads\/2023\/07\/Sparkasse.png 1000w, https:\/\/difue.de\/app\/uploads\/2023\/07\/Sparkasse-300x300.png 300w, https:\/\/difue.de\/app\/uploads\/2023\/07\/Sparkasse-150x150.png 150w, https:\/\/difue.de\/app\/uploads\/2023\/07\/Sparkasse-768x768.png 768w, https:\/\/difue.de\/app\/uploads\/2023\/07\/Sparkasse-145x145.png 145w, https:\/\/difue.de\/app\/uploads\/2023\/07\/Sparkasse-268x268.png 268w\" sizes=\"auto, (max-width: 1000px) 100vw, 1000px\" \/><\/a>\n                                                            <\/div>\n            <\/div>\n        <\/div>\n    <\/div>\n<\/section>\n","protected":false},"excerpt":{"rendered":"<p>Der DsiN-Digitalf\u00fchrerschein (DiF\u00fc) ist ein bundesweit einheitliches Weiterbildungs- und Zertifizierungsangebot mit Fokus auf relevante Themenbereiche rund um den digitalen Alltag. [&hellip;]<\/p>\n","protected":false},"author":26,"featured_media":0,"parent":0,"menu_order":1300,"comment_status":"closed","ping_status":"closed","template":"","meta":{"_acf_changed":false,"inline_featured_image":false,"footnotes":""},"class_list":["post-44668","page","type-page","status-publish","hentry"],"acf":[],"yoast_head":"<!-- This site is optimized with the Yoast SEO Premium plugin v22.4 (Yoast SEO v24.7) - https:\/\/yoast.com\/wordpress\/plugins\/seo\/ -->\n<title>Der DiF\u00fc stellt sich vor &#8226; Digitalf\u00fchrerschein (DiF\u00fc)<\/title>\n<meta name=\"robots\" content=\"noindex, nofollow\" \/>\n<meta property=\"og:locale\" content=\"en_US\" \/>\n<meta property=\"og:type\" content=\"article\" \/>\n<meta property=\"og:title\" content=\"Der DiF\u00fc stellt sich vor\" \/>\n<meta property=\"og:description\" content=\"Der DsiN-Digitalf\u00fchrerschein (DiF\u00fc) ist ein bundesweit einheitliches Weiterbildungs- und Zertifizierungsangebot mit Fokus auf relevante Themenbereiche rund um den digitalen Alltag. [&hellip;]\" \/>\n<meta property=\"og:url\" content=\"https:\/\/difue.de\/en\/der-difu-stellt-sich-vor\/\" \/>\n<meta property=\"og:site_name\" content=\"Digitalf\u00fchrerschein (DiF\u00fc)\" \/>\n<meta property=\"article:publisher\" content=\"https:\/\/www.facebook.com\/people\/DsiN-Digitalf%c3%bchrerschein-DiF%c3%bc\/100079074183260\/\" \/>\n<meta property=\"article:modified_time\" content=\"2024-06-17T11:43:34+00:00\" \/>\n<meta property=\"og:image\" content=\"https:\/\/difue.de\/app\/uploads\/2022\/02\/DiFue-Logo_Logozusatz-RGB-positiv.png\" \/>\n\t<meta property=\"og:image:width\" content=\"14657\" \/>\n\t<meta property=\"og:image:height\" content=\"10977\" \/>\n\t<meta property=\"og:image:type\" content=\"image\/png\" \/>\n<meta name=\"twitter:card\" content=\"summary_large_image\" \/>\n<meta name=\"twitter:label1\" content=\"Est. reading time\" \/>\n\t<meta name=\"twitter:data1\" content=\"1 minute\" \/>\n<script type=\"application\/ld+json\" class=\"yoast-schema-graph\">{\"@context\":\"https:\/\/schema.org\",\"@graph\":[{\"@type\":\"WebPage\",\"@id\":\"https:\/\/difue.de\/en\/der-difu-stellt-sich-vor\/\",\"url\":\"https:\/\/difue.de\/en\/der-difu-stellt-sich-vor\/\",\"name\":\"Der DiF\u00fc stellt sich vor &#8226; Digitalf\u00fchrerschein (DiF\u00fc)\",\"isPartOf\":{\"@id\":\"https:\/\/difue.de\/en\/#website\"},\"datePublished\":\"2021-10-28T15:57:54+00:00\",\"dateModified\":\"2024-06-17T11:43:34+00:00\",\"breadcrumb\":{\"@id\":\"https:\/\/difue.de\/en\/der-difu-stellt-sich-vor\/#breadcrumb\"},\"inLanguage\":\"en-US\",\"potentialAction\":[{\"@type\":\"ReadAction\",\"target\":[\"https:\/\/difue.de\/en\/der-difu-stellt-sich-vor\/\"]}]},{\"@type\":\"BreadcrumbList\",\"@id\":\"https:\/\/difue.de\/en\/der-difu-stellt-sich-vor\/#breadcrumb\",\"itemListElement\":[{\"@type\":\"ListItem\",\"position\":1,\"name\":\"Startseite\",\"item\":\"https:\/\/difue.de\/en\/startseite\/\"},{\"@type\":\"ListItem\",\"position\":2,\"name\":\"Der DiF\u00fc stellt sich vor\"}]},{\"@type\":\"WebSite\",\"@id\":\"https:\/\/difue.de\/en\/#website\",\"url\":\"https:\/\/difue.de\/en\/\",\"name\":\"Digitalf\u00fchrerschein (DiF\u00fc)\",\"description\":\"\",\"publisher\":{\"@id\":\"https:\/\/difue.de\/en\/#organization\"},\"potentialAction\":[{\"@type\":\"SearchAction\",\"target\":{\"@type\":\"EntryPoint\",\"urlTemplate\":\"https:\/\/difue.de\/en\/?s={search_term_string}\"},\"query-input\":{\"@type\":\"PropertyValueSpecification\",\"valueRequired\":true,\"valueName\":\"search_term_string\"}}],\"inLanguage\":\"en-US\"},{\"@type\":\"Organization\",\"@id\":\"https:\/\/difue.de\/en\/#organization\",\"name\":\"Digitalf\u00fchrerschein (DiF\u00fc)\",\"url\":\"https:\/\/difue.de\/en\/\",\"logo\":{\"@type\":\"ImageObject\",\"inLanguage\":\"en-US\",\"@id\":\"https:\/\/difue.de\/en\/#\/schema\/logo\/image\/\",\"url\":\"https:\/\/difue.de\/app\/uploads\/2021\/09\/difue-logo.svg\",\"contentUrl\":\"https:\/\/difue.de\/app\/uploads\/2021\/09\/difue-logo.svg\",\"width\":200,\"height\":149,\"caption\":\"Digitalf\u00fchrerschein (DiF\u00fc)\"},\"image\":{\"@id\":\"https:\/\/difue.de\/en\/#\/schema\/logo\/image\/\"},\"sameAs\":[\"https:\/\/www.facebook.com\/people\/DsiN-Digitalf\u00fchrerschein-DiF\u00fc\/100079074183260\/\",\"https:\/\/www.instagram.com\/dsin_digitalfuehrerschein\/\"]}]}<\/script>\n<!-- \/ Yoast SEO Premium plugin. -->","yoast_head_json":{"title":"Der DiF\u00fc stellt sich vor &#8226; Digitalf\u00fchrerschein (DiF\u00fc)","robots":{"index":"noindex","follow":"nofollow"},"og_locale":"en_US","og_type":"article","og_title":"Der DiF\u00fc stellt sich vor","og_description":"Der DsiN-Digitalf\u00fchrerschein (DiF\u00fc) ist ein bundesweit einheitliches Weiterbildungs- und Zertifizierungsangebot mit Fokus auf relevante Themenbereiche rund um den digitalen Alltag. [&hellip;]","og_url":"https:\/\/difue.de\/en\/der-difu-stellt-sich-vor\/","og_site_name":"Digitalf\u00fchrerschein (DiF\u00fc)","article_publisher":"https:\/\/www.facebook.com\/people\/DsiN-Digitalf%c3%bchrerschein-DiF%c3%bc\/100079074183260\/","article_modified_time":"2024-06-17T11:43:34+00:00","og_image":[{"width":14657,"height":10977,"url":"https:\/\/difue.de\/app\/uploads\/2022\/02\/DiFue-Logo_Logozusatz-RGB-positiv.png","type":"image\/png"}],"twitter_card":"summary_large_image","twitter_misc":{"Est. reading time":"1 minute"},"schema":{"@context":"https:\/\/schema.org","@graph":[{"@type":"WebPage","@id":"https:\/\/difue.de\/en\/der-difu-stellt-sich-vor\/","url":"https:\/\/difue.de\/en\/der-difu-stellt-sich-vor\/","name":"Der DiF\u00fc stellt sich vor &#8226; Digitalf\u00fchrerschein (DiF\u00fc)","isPartOf":{"@id":"https:\/\/difue.de\/en\/#website"},"datePublished":"2021-10-28T15:57:54+00:00","dateModified":"2024-06-17T11:43:34+00:00","breadcrumb":{"@id":"https:\/\/difue.de\/en\/der-difu-stellt-sich-vor\/#breadcrumb"},"inLanguage":"en-US","potentialAction":[{"@type":"ReadAction","target":["https:\/\/difue.de\/en\/der-difu-stellt-sich-vor\/"]}]},{"@type":"BreadcrumbList","@id":"https:\/\/difue.de\/en\/der-difu-stellt-sich-vor\/#breadcrumb","itemListElement":[{"@type":"ListItem","position":1,"name":"Startseite","item":"https:\/\/difue.de\/en\/startseite\/"},{"@type":"ListItem","position":2,"name":"Der DiF\u00fc stellt sich vor"}]},{"@type":"WebSite","@id":"https:\/\/difue.de\/en\/#website","url":"https:\/\/difue.de\/en\/","name":"Digitalf\u00fchrerschein (DiF\u00fc)","description":"","publisher":{"@id":"https:\/\/difue.de\/en\/#organization"},"potentialAction":[{"@type":"SearchAction","target":{"@type":"EntryPoint","urlTemplate":"https:\/\/difue.de\/en\/?s={search_term_string}"},"query-input":{"@type":"PropertyValueSpecification","valueRequired":true,"valueName":"search_term_string"}}],"inLanguage":"en-US"},{"@type":"Organization","@id":"https:\/\/difue.de\/en\/#organization","name":"Digitalf\u00fchrerschein (DiF\u00fc)","url":"https:\/\/difue.de\/en\/","logo":{"@type":"ImageObject","inLanguage":"en-US","@id":"https:\/\/difue.de\/en\/#\/schema\/logo\/image\/","url":"https:\/\/difue.de\/app\/uploads\/2021\/09\/difue-logo.svg","contentUrl":"https:\/\/difue.de\/app\/uploads\/2021\/09\/difue-logo.svg","width":200,"height":149,"caption":"Digitalf\u00fchrerschein (DiF\u00fc)"},"image":{"@id":"https:\/\/difue.de\/en\/#\/schema\/logo\/image\/"},"sameAs":["https:\/\/www.facebook.com\/people\/DsiN-Digitalf\u00fchrerschein-DiF\u00fc\/100079074183260\/","https:\/\/www.instagram.com\/dsin_digitalfuehrerschein\/"]}]}},"_links":{"self":[{"href":"https:\/\/difue.de\/en\/wp-json\/wp\/v2\/pages\/44668","targetHints":{"allow":["GET"]}}],"collection":[{"href":"https:\/\/difue.de\/en\/wp-json\/wp\/v2\/pages"}],"about":[{"href":"https:\/\/difue.de\/en\/wp-json\/wp\/v2\/types\/page"}],"author":[{"embeddable":true,"href":"https:\/\/difue.de\/en\/wp-json\/wp\/v2\/users\/26"}],"replies":[{"embeddable":true,"href":"https:\/\/difue.de\/en\/wp-json\/wp\/v2\/comments?post=44668"}],"version-history":[{"count":1,"href":"https:\/\/difue.de\/en\/wp-json\/wp\/v2\/pages\/44668\/revisions"}],"predecessor-version":[{"id":44669,"href":"https:\/\/difue.de\/en\/wp-json\/wp\/v2\/pages\/44668\/revisions\/44669"}],"wp:attachment":[{"href":"https:\/\/difue.de\/en\/wp-json\/wp\/v2\/media?parent=44668"}],"curies":[{"name":"wp","href":"https:\/\/api.w.org\/{rel}","templated":true}]}}