{"id":44674,"date":"2021-10-15T07:58:56","date_gmt":"2021-10-15T05:58:56","guid":{"rendered":"https:\/\/difue.de\/?page_id=44674"},"modified":"2024-06-17T13:40:31","modified_gmt":"2024-06-17T11:40:31","slug":"verein","status":"publish","type":"page","link":"https:\/\/difue.de\/en\/entdecken-engagieren\/verein\/","title":{"rendered":"Verein"},"content":{"rendered":" <div class=\"container  post_type__page\"><div class=\"row mb-3\"><div class=\"col-12 col-lg-12 offset-lg-0\">\t\n<p class=\"has-text-align-left\">Deutschland sicher im Netz e.V. (DsiN) wurde 2006 als Verein auf dem ersten Nationalen IT-Gipfel (heute: DigitalGipfel) gegr\u00fcndet. Als gemeinn\u00fctziges B\u00fcndnis unterst\u00fctzt DsiN Verbraucher:innen und kleinere Unternehmen im sicheren und souver\u00e4nen Umgang mit der digitalen Welt. Mehr Informationen zu Projekten f\u00fcr Verbraucher:innen und Unternehmen sowie Publikationen finden Sie auf der <a href=\"https:\/\/www.sicher-im-netz.de\/\" target=\"_blank\" rel=\"noreferrer noopener\"><strong>Homepage<\/strong><\/a> des Vereins.<\/p>\n<\/div><\/div><\/div>\n\n\n\t<section class=\"block__custom_slider block__project-slider pt-3 mb-6 dsin-projekte_wrapper\">\n\t\t<div class=\"container dsin-projekte\">\n\t\t\t<div class=\"row\">\n\t\t\t\t<div class=\"col-12 col-lg-12 offset-lg-0\">\n\t\t\t\t\t<div class=\"dsin-projekte-top\">\n\t\t\t\t\t\t<div class=\"dsin_projekte_teaser teaser-image-left\" style=\"background-color: #85c3e0; box-shadow: 0 20px #85c3e0;\">\n\t\t\t\t\t\t\t\t\t\t\t\t\t\t\t<div class=\"dsin_projekte_teaser_bild\">\n\t\t\t\t\t\t\t\t\t\t\t\t\t\t\t\t\t\t<img decoding=\"async\" src=\"https:\/\/difue.de\/app\/uploads\/2022\/02\/Jetzt-engagieren-740x279.png\" alt=\"\">\n\t\t\t\t\t\t\t\t<\/div>\n\t\t\t\t\t\t\t\t<div class=\"dsin_projekte_teaser_text\">\n\t\t\t\t\t\t\t\t\t<p class=\"headline\">Erfahre mehr \u00fcber DsiN<\/p>\n\t\t\t\t\t\t\t\t\t<p><p>Entdecke weitere Angebote von Deutschland sicher im Netz e. V. und erfahre alles \u00fcber kommende Veranstaltungen sowie ver\u00f6ffentlichte DsiN-Publikationen.<\/p>\n<\/p>\n\t\t\t\t\t\t\t\t<\/div>\n\t\t\t\t\t\t\t\t\t\t\t\t\t<\/div>\n\t\t\t\t\t<\/div>\n\t\t\t\t\t<div class=\"dsin-projekte-bottom\">\n\t\t\t\t\t\t<div class=\"hellblauer_hintergrund\">\n\t\t\t\t\t\t\t<div class=\"slidercontainer\">\n\t\t\t\t\t\t\t\t<div id=\"dsin_projekte_slider\" class=\"lazy slick_slider\" data-sizes=\"50vw\">\n\t\t\t\t\t\t\t\t\t\t\t\t\t\t\t\t\t\t\t\t<div>\n\t\t\t\t\t\t\t\t\t\t\t\t<div class=\"item\">\n\t\t\t\t\t\t\t\t\t\t\t\t\t<div class=\"item_bild\">\n\t\t\t\t\t\t\t\t\t\t\t\t\t\t<img loading=\"lazy\" decoding=\"async\" width=\"400\" height=\"400\" src=\"https:\/\/difue.de\/app\/uploads\/2022\/02\/DsiN_Logo_rgb.jpg\" class=\"attachment-400x400 size-400x400\" alt=\"DsiN_Logo\" srcset=\"https:\/\/difue.de\/app\/uploads\/2022\/02\/DsiN_Logo_rgb.jpg 665w, https:\/\/difue.de\/app\/uploads\/2022\/02\/DsiN_Logo_rgb-300x300.jpg 300w, https:\/\/difue.de\/app\/uploads\/2022\/02\/DsiN_Logo_rgb-150x150.jpg 150w, https:\/\/difue.de\/app\/uploads\/2022\/02\/DsiN_Logo_rgb-145x145.jpg 145w, https:\/\/difue.de\/app\/uploads\/2022\/02\/DsiN_Logo_rgb-268x268.jpg 268w\" sizes=\"auto, (max-width: 400px) 100vw, 400px\" \/>\t\t\t\t\t\t\t\t\t\t\t\t\t<\/div>\n\t\t\t\t\t\t\t\t\t\t\t\t\t<div class=\"slider_text\">\n\t\t\t\t\t\t\t\t\t\t\t\t\t\t<p class=\"carousel-headline\">Unsere DsiN-Projekte zum Mitmachen<\/p>\n\t\t\t\t\t\t\t\t\t\t\t\t\t\t<p>Mit unseren Angeboten, wie der Digitalen Nachbarschaft oder den mobilen Beraterteams des Digitalen Engels, stehen wir dir f\u00fcr Fragen rund um deine digitale Sicherheit zu Verf\u00fcgung.<\/p>\n\t\t\t\t\t\t\t\t\t\t\t\t\t\t<a href=\"https:\/\/www.sicher-im-netz.de\/mitmachen-bei-dsin\"\n\t\t\t\t\t\t\t\t\t\t\t\t\t\t   target=\"\"\t\t\t\t\t\t\t\t\t\t\t\t\t\t   class=\"more-link link-blue\"\n\t\t\t\t\t\t\t\t\t\t\t\t\t\t>\n\t\t\t\t\t\t\t\t\t\t\t\t\t\t\tMehr erfahren\t\t\t\t\t\t\t\t\t\t\t\t\t\t<\/a>\n\t\t\t\t\t\t\t\t\t\t\t\t\t<\/div>\n\t\t\t\t\t\t\t\t\t\t\t\t<\/div>\n\t\t\t\t\t\t\t\t\t\t\t<\/div>\n\t\t\t\t\t\t\t\t\t\t\t\t\t\t\t\t\t\t\t\t\t\t<div>\n\t\t\t\t\t\t\t\t\t\t\t\t<div class=\"item\">\n\t\t\t\t\t\t\t\t\t\t\t\t\t<div class=\"item_bild\">\n\t\t\t\t\t\t\t\t\t\t\t\t\t\t<img loading=\"lazy\" decoding=\"async\" width=\"400\" height=\"267\" src=\"https:\/\/difue.de\/app\/uploads\/2022\/02\/AdobeStock_306603642-scaled.jpeg\" class=\"attachment-400x400 size-400x400\" alt=\"Vortrag\" srcset=\"https:\/\/difue.de\/app\/uploads\/2022\/02\/AdobeStock_306603642-scaled.jpeg 2560w, https:\/\/difue.de\/app\/uploads\/2022\/02\/AdobeStock_306603642-300x200.jpeg 300w, https:\/\/difue.de\/app\/uploads\/2022\/02\/AdobeStock_306603642-1024x683.jpeg 1024w, https:\/\/difue.de\/app\/uploads\/2022\/02\/AdobeStock_306603642-768x512.jpeg 768w, https:\/\/difue.de\/app\/uploads\/2022\/02\/AdobeStock_306603642-1536x1024.jpeg 1536w, https:\/\/difue.de\/app\/uploads\/2022\/02\/AdobeStock_306603642-2048x1365.jpeg 2048w, https:\/\/difue.de\/app\/uploads\/2022\/02\/AdobeStock_306603642-150x100.jpeg 150w, https:\/\/difue.de\/app\/uploads\/2022\/02\/AdobeStock_306603642-240x160.jpeg 240w, https:\/\/difue.de\/app\/uploads\/2022\/02\/AdobeStock_306603642-400x268.jpeg 400w\" sizes=\"auto, (max-width: 400px) 100vw, 400px\" \/>\t\t\t\t\t\t\t\t\t\t\t\t\t<\/div>\n\t\t\t\t\t\t\t\t\t\t\t\t\t<div class=\"slider_text\">\n\t\t\t\t\t\t\t\t\t\t\t\t\t\t<p class=\"carousel-headline\">Alle Veranstaltungen auf einem Blick<\/p>\n\t\t\t\t\t\t\t\t\t\t\t\t\t\t<p>Hier erh\u00e4ltst du aktuelle Hinweise zu Veranstaltungen und interessanten Events mit digitalem Fokus, die du nicht verpassen solltest.<\/p>\n\t\t\t\t\t\t\t\t\t\t\t\t\t\t<a href=\"https:\/\/www.sicher-im-netz.de\/aktuelle-termine-mit-dsin\"\n\t\t\t\t\t\t\t\t\t\t\t\t\t\t   target=\"\"\t\t\t\t\t\t\t\t\t\t\t\t\t\t   class=\"more-link link-blue\"\n\t\t\t\t\t\t\t\t\t\t\t\t\t\t>\n\t\t\t\t\t\t\t\t\t\t\t\t\t\t\tMehr erfahren\t\t\t\t\t\t\t\t\t\t\t\t\t\t<\/a>\n\t\t\t\t\t\t\t\t\t\t\t\t\t<\/div>\n\t\t\t\t\t\t\t\t\t\t\t\t<\/div>\n\t\t\t\t\t\t\t\t\t\t\t<\/div>\n\t\t\t\t\t\t\t\t\t\t\t\t\t\t\t\t\t\t\t\t\t\t<div>\n\t\t\t\t\t\t\t\t\t\t\t\t<div class=\"item\">\n\t\t\t\t\t\t\t\t\t\t\t\t\t<div class=\"item_bild\">\n\t\t\t\t\t\t\t\t\t\t\t\t\t\t<img loading=\"lazy\" decoding=\"async\" width=\"48\" height=\"64\" src=\"https:\/\/difue.de\/wp\/wp-includes\/images\/media\/default.svg\" class=\"attachment-400x400 size-400x400\" alt=\"\" \/>\t\t\t\t\t\t\t\t\t\t\t\t\t<\/div>\n\t\t\t\t\t\t\t\t\t\t\t\t\t<div class=\"slider_text\">\n\t\t\t\t\t\t\t\t\t\t\t\t\t\t<p class=\"carousel-headline\">Unsere Publikationen<\/p>\n\t\t\t\t\t\t\t\t\t\t\t\t\t\t<p>Mit unseren Publikationsreihen stellen wir dir Ratgeber, Informationsbl\u00e4tter und Checklisten mit digitalen Schwerpunktthemen zum Download kostenfrei zur Verf\u00fcgung.<\/p>\n\t\t\t\t\t\t\t\t\t\t\t\t\t\t<a href=\"https:\/\/www.sicher-im-netz.de\/mediathek?type=publication&amp;target=2\"\n\t\t\t\t\t\t\t\t\t\t\t\t\t\t   target=\"\"\t\t\t\t\t\t\t\t\t\t\t\t\t\t   class=\"more-link link-blue\"\n\t\t\t\t\t\t\t\t\t\t\t\t\t\t>\n\t\t\t\t\t\t\t\t\t\t\t\t\t\t\tMehr erfahren\t\t\t\t\t\t\t\t\t\t\t\t\t\t<\/a>\n\t\t\t\t\t\t\t\t\t\t\t\t\t<\/div>\n\t\t\t\t\t\t\t\t\t\t\t\t<\/div>\n\t\t\t\t\t\t\t\t\t\t\t<\/div>\n\t\t\t\t\t\t\t\t\t\t\t\t\t\t\t\t\t\t\t<\/div>\n\t\t\t\t\t\t\t<\/div>\n\t\t\t\t\t\t<\/div>\n\t\t\t\t\t<\/div>\n\t\t\t\t<\/div>\n\t\t\t<\/div>\n\t\t<\/div>\n\t<\/section>\n","protected":false},"excerpt":{"rendered":"<p>Deutschland sicher im Netz e.V. (DsiN) wurde 2006 als Verein auf dem ersten Nationalen IT-Gipfel (heute: DigitalGipfel) gegr\u00fcndet. Als gemeinn\u00fctziges [&hellip;]<\/p>\n","protected":false},"author":26,"featured_media":0,"parent":44655,"menu_order":2,"comment_status":"closed","ping_status":"closed","template":"","meta":{"_acf_changed":false,"inline_featured_image":false,"footnotes":""},"class_list":["post-44674","page","type-page","status-publish","hentry"],"acf":[],"yoast_head":"<!-- This site is optimized with the Yoast SEO Premium plugin v22.4 (Yoast SEO v24.7) - https:\/\/yoast.com\/wordpress\/plugins\/seo\/ -->\n<title>Verein &#8226; Digitalf\u00fchrerschein (DiF\u00fc)<\/title>\n<meta name=\"robots\" content=\"noindex, nofollow\" \/>\n<meta property=\"og:locale\" content=\"en_US\" \/>\n<meta property=\"og:type\" content=\"article\" \/>\n<meta property=\"og:title\" content=\"Verein\" \/>\n<meta property=\"og:description\" content=\"Deutschland sicher im Netz e.V. (DsiN) wurde 2006 als Verein auf dem ersten Nationalen IT-Gipfel (heute: DigitalGipfel) gegr\u00fcndet. Als gemeinn\u00fctziges [&hellip;]\" \/>\n<meta property=\"og:url\" content=\"https:\/\/difue.de\/en\/entdecken-engagieren\/verein\/\" \/>\n<meta property=\"og:site_name\" content=\"Digitalf\u00fchrerschein (DiF\u00fc)\" \/>\n<meta property=\"article:publisher\" content=\"https:\/\/www.facebook.com\/people\/DsiN-Digitalf%c3%bchrerschein-DiF%c3%bc\/100079074183260\/\" \/>\n<meta property=\"article:modified_time\" content=\"2024-06-17T11:40:31+00:00\" \/>\n<meta property=\"og:image\" content=\"https:\/\/difue.de\/app\/uploads\/2022\/02\/DiFue-Logo_Logozusatz-RGB-positiv.png\" \/>\n\t<meta property=\"og:image:width\" content=\"14657\" \/>\n\t<meta property=\"og:image:height\" content=\"10977\" \/>\n\t<meta property=\"og:image:type\" content=\"image\/png\" \/>\n<meta name=\"twitter:card\" content=\"summary_large_image\" \/>\n<meta name=\"twitter:label1\" content=\"Est. reading time\" \/>\n\t<meta name=\"twitter:data1\" content=\"1 minute\" \/>\n<script type=\"application\/ld+json\" class=\"yoast-schema-graph\">{\"@context\":\"https:\/\/schema.org\",\"@graph\":[{\"@type\":\"WebPage\",\"@id\":\"https:\/\/difue.de\/en\/entdecken-engagieren\/verein\/\",\"url\":\"https:\/\/difue.de\/en\/entdecken-engagieren\/verein\/\",\"name\":\"Verein &#8226; Digitalf\u00fchrerschein (DiF\u00fc)\",\"isPartOf\":{\"@id\":\"https:\/\/difue.de\/en\/#website\"},\"datePublished\":\"2021-10-15T05:58:56+00:00\",\"dateModified\":\"2024-06-17T11:40:31+00:00\",\"breadcrumb\":{\"@id\":\"https:\/\/difue.de\/en\/entdecken-engagieren\/verein\/#breadcrumb\"},\"inLanguage\":\"en-US\",\"potentialAction\":[{\"@type\":\"ReadAction\",\"target\":[\"https:\/\/difue.de\/en\/entdecken-engagieren\/verein\/\"]}]},{\"@type\":\"BreadcrumbList\",\"@id\":\"https:\/\/difue.de\/en\/entdecken-engagieren\/verein\/#breadcrumb\",\"itemListElement\":[{\"@type\":\"ListItem\",\"position\":1,\"name\":\"Startseite\",\"item\":\"https:\/\/difue.de\/en\/startseite\/\"},{\"@type\":\"ListItem\",\"position\":2,\"name\":\"Entdecken &#038; Engagieren\",\"item\":\"https:\/\/difue.de\/en\/entdecken-engagieren\/\"},{\"@type\":\"ListItem\",\"position\":3,\"name\":\"Verein\"}]},{\"@type\":\"WebSite\",\"@id\":\"https:\/\/difue.de\/en\/#website\",\"url\":\"https:\/\/difue.de\/en\/\",\"name\":\"Digitalf\u00fchrerschein (DiF\u00fc)\",\"description\":\"\",\"publisher\":{\"@id\":\"https:\/\/difue.de\/en\/#organization\"},\"potentialAction\":[{\"@type\":\"SearchAction\",\"target\":{\"@type\":\"EntryPoint\",\"urlTemplate\":\"https:\/\/difue.de\/en\/?s={search_term_string}\"},\"query-input\":{\"@type\":\"PropertyValueSpecification\",\"valueRequired\":true,\"valueName\":\"search_term_string\"}}],\"inLanguage\":\"en-US\"},{\"@type\":\"Organization\",\"@id\":\"https:\/\/difue.de\/en\/#organization\",\"name\":\"Digitalf\u00fchrerschein (DiF\u00fc)\",\"url\":\"https:\/\/difue.de\/en\/\",\"logo\":{\"@type\":\"ImageObject\",\"inLanguage\":\"en-US\",\"@id\":\"https:\/\/difue.de\/en\/#\/schema\/logo\/image\/\",\"url\":\"https:\/\/difue.de\/app\/uploads\/2021\/09\/difue-logo.svg\",\"contentUrl\":\"https:\/\/difue.de\/app\/uploads\/2021\/09\/difue-logo.svg\",\"width\":200,\"height\":149,\"caption\":\"Digitalf\u00fchrerschein (DiF\u00fc)\"},\"image\":{\"@id\":\"https:\/\/difue.de\/en\/#\/schema\/logo\/image\/\"},\"sameAs\":[\"https:\/\/www.facebook.com\/people\/DsiN-Digitalf\u00fchrerschein-DiF\u00fc\/100079074183260\/\",\"https:\/\/www.instagram.com\/dsin_digitalfuehrerschein\/\"]}]}<\/script>\n<!-- \/ Yoast SEO Premium plugin. -->","yoast_head_json":{"title":"Verein &#8226; Digitalf\u00fchrerschein (DiF\u00fc)","robots":{"index":"noindex","follow":"nofollow"},"og_locale":"en_US","og_type":"article","og_title":"Verein","og_description":"Deutschland sicher im Netz e.V. (DsiN) wurde 2006 als Verein auf dem ersten Nationalen IT-Gipfel (heute: DigitalGipfel) gegr\u00fcndet. Als gemeinn\u00fctziges [&hellip;]","og_url":"https:\/\/difue.de\/en\/entdecken-engagieren\/verein\/","og_site_name":"Digitalf\u00fchrerschein (DiF\u00fc)","article_publisher":"https:\/\/www.facebook.com\/people\/DsiN-Digitalf%c3%bchrerschein-DiF%c3%bc\/100079074183260\/","article_modified_time":"2024-06-17T11:40:31+00:00","og_image":[{"width":14657,"height":10977,"url":"https:\/\/difue.de\/app\/uploads\/2022\/02\/DiFue-Logo_Logozusatz-RGB-positiv.png","type":"image\/png"}],"twitter_card":"summary_large_image","twitter_misc":{"Est. reading time":"1 minute"},"schema":{"@context":"https:\/\/schema.org","@graph":[{"@type":"WebPage","@id":"https:\/\/difue.de\/en\/entdecken-engagieren\/verein\/","url":"https:\/\/difue.de\/en\/entdecken-engagieren\/verein\/","name":"Verein &#8226; Digitalf\u00fchrerschein (DiF\u00fc)","isPartOf":{"@id":"https:\/\/difue.de\/en\/#website"},"datePublished":"2021-10-15T05:58:56+00:00","dateModified":"2024-06-17T11:40:31+00:00","breadcrumb":{"@id":"https:\/\/difue.de\/en\/entdecken-engagieren\/verein\/#breadcrumb"},"inLanguage":"en-US","potentialAction":[{"@type":"ReadAction","target":["https:\/\/difue.de\/en\/entdecken-engagieren\/verein\/"]}]},{"@type":"BreadcrumbList","@id":"https:\/\/difue.de\/en\/entdecken-engagieren\/verein\/#breadcrumb","itemListElement":[{"@type":"ListItem","position":1,"name":"Startseite","item":"https:\/\/difue.de\/en\/startseite\/"},{"@type":"ListItem","position":2,"name":"Entdecken &#038; Engagieren","item":"https:\/\/difue.de\/en\/entdecken-engagieren\/"},{"@type":"ListItem","position":3,"name":"Verein"}]},{"@type":"WebSite","@id":"https:\/\/difue.de\/en\/#website","url":"https:\/\/difue.de\/en\/","name":"Digitalf\u00fchrerschein (DiF\u00fc)","description":"","publisher":{"@id":"https:\/\/difue.de\/en\/#organization"},"potentialAction":[{"@type":"SearchAction","target":{"@type":"EntryPoint","urlTemplate":"https:\/\/difue.de\/en\/?s={search_term_string}"},"query-input":{"@type":"PropertyValueSpecification","valueRequired":true,"valueName":"search_term_string"}}],"inLanguage":"en-US"},{"@type":"Organization","@id":"https:\/\/difue.de\/en\/#organization","name":"Digitalf\u00fchrerschein (DiF\u00fc)","url":"https:\/\/difue.de\/en\/","logo":{"@type":"ImageObject","inLanguage":"en-US","@id":"https:\/\/difue.de\/en\/#\/schema\/logo\/image\/","url":"https:\/\/difue.de\/app\/uploads\/2021\/09\/difue-logo.svg","contentUrl":"https:\/\/difue.de\/app\/uploads\/2021\/09\/difue-logo.svg","width":200,"height":149,"caption":"Digitalf\u00fchrerschein (DiF\u00fc)"},"image":{"@id":"https:\/\/difue.de\/en\/#\/schema\/logo\/image\/"},"sameAs":["https:\/\/www.facebook.com\/people\/DsiN-Digitalf\u00fchrerschein-DiF\u00fc\/100079074183260\/","https:\/\/www.instagram.com\/dsin_digitalfuehrerschein\/"]}]}},"_links":{"self":[{"href":"https:\/\/difue.de\/en\/wp-json\/wp\/v2\/pages\/44674","targetHints":{"allow":["GET"]}}],"collection":[{"href":"https:\/\/difue.de\/en\/wp-json\/wp\/v2\/pages"}],"about":[{"href":"https:\/\/difue.de\/en\/wp-json\/wp\/v2\/types\/page"}],"author":[{"embeddable":true,"href":"https:\/\/difue.de\/en\/wp-json\/wp\/v2\/users\/26"}],"replies":[{"embeddable":true,"href":"https:\/\/difue.de\/en\/wp-json\/wp\/v2\/comments?post=44674"}],"version-history":[{"count":1,"href":"https:\/\/difue.de\/en\/wp-json\/wp\/v2\/pages\/44674\/revisions"}],"predecessor-version":[{"id":44675,"href":"https:\/\/difue.de\/en\/wp-json\/wp\/v2\/pages\/44674\/revisions\/44675"}],"up":[{"embeddable":true,"href":"https:\/\/difue.de\/en\/wp-json\/wp\/v2\/pages\/44655"}],"wp:attachment":[{"href":"https:\/\/difue.de\/en\/wp-json\/wp\/v2\/media?parent=44674"}],"curies":[{"name":"wp","href":"https:\/\/api.w.org\/{rel}","templated":true}]}}