{"id":44701,"date":"2021-10-04T16:37:36","date_gmt":"2021-10-04T14:37:36","guid":{"rendered":"https:\/\/difue.de\/?page_id=44701"},"modified":"2024-06-17T13:40:55","modified_gmt":"2024-06-17T11:40:55","slug":"impressum","status":"publish","type":"page","link":"https:\/\/difue.de\/en\/impressum\/","title":{"rendered":"Impressum"},"content":{"rendered":" <div class=\"container  post_type__page\"><div class=\"row mb-3\"><div class=\"col-12 col-lg-12 offset-lg-0\">\t\n<h2 class=\"wp-block-heading has-medium-font-size\" id=\"h-der-dsin-digitalfuhrerschein-ist-ein-projekt-von\">Der DsiN-Digitalf\u00fchrerschein ist ein Projekt von<\/h2>\n<\/div><\/div><\/div>\n\n <div class=\"container  post_type__page\"><div class=\"row mb-3\"><div class=\"col-12 col-lg-12 offset-lg-0\">\t\n<h2 class=\"wp-block-heading has-medium-font-size\" id=\"h-deutschland-sicher-im-netz-e-v\">Deutschland sicher im Netz e. V. <\/h2>\n<\/div><\/div><\/div>\n\n <div class=\"container  post_type__page\"><div class=\"row mb-3\"><div class=\"col-12 col-lg-12 offset-lg-0\">\t\n<p class=\"has-medium-font-size\">Albrechtstra\u00dfe 10c<br>10117 Berlin<br>Telefon: 030 \/ 7675 81 580<br>E-Mail:&nbsp;<a href=\"mailto:info@sicher-im-netz.de\">info@sicher-im-netz.de<\/a><\/p>\n<\/div><\/div><\/div>\n\n <div class=\"container  post_type__page\"><div class=\"row mb-3\"><div class=\"col-12 col-lg-12 offset-lg-0\">\t\n<h2 class=\"wp-block-heading has-medium-font-size\" id=\"h-vertreten-durch\">Vertreten durch<\/h2>\n<\/div><\/div><\/div>\n\n <div class=\"container  post_type__page\"><div class=\"row mb-3\"><div class=\"col-12 col-lg-12 offset-lg-0\">\t\n<p class=\"has-medium-font-size\">Dr. Michael Littger<\/p>\n<\/div><\/div><\/div>\n\n <div class=\"container  post_type__page\"><div class=\"row mb-3\"><div class=\"col-12 col-lg-12 offset-lg-0\">\t\n<h2 class=\"wp-block-heading has-medium-font-size\" id=\"h-eingetragen-im-vereinsregister\">Eingetragen im Vereinsregister<\/h2>\n<\/div><\/div><\/div>\n\n <div class=\"container  post_type__page\"><div class=\"row mb-3\"><div class=\"col-12 col-lg-12 offset-lg-0\">\t\n<p class=\"has-medium-font-size\">Vereinsregister-Nr. 27217 B<br>Gericht: AG Berlin-Charlottenburg<\/p>\n<\/div><\/div><\/div>\n\n <div class=\"container  post_type__page\"><div class=\"row mb-3\"><div class=\"col-12 col-lg-12 offset-lg-0\">\t\n<h2 class=\"wp-block-heading has-medium-font-size\" id=\"h-verantwortlich-fur-den-inhalt-gem-55-abs-2-rstv\">Verantwortlich f\u00fcr den Inhalt gem. \u00a7 55 Abs. 2 RStV:<\/h2>\n<\/div><\/div><\/div>\n\n <div class=\"container  post_type__page\"><div class=\"row mb-3\"><div class=\"col-12 col-lg-12 offset-lg-0\">\t\n<p class=\"has-medium-font-size\">Dr. Michael Littger<br>Deutschland sicher im Netz e.V.<br>Albrechtstr. 10c<br>10117 Berlin<\/p>\n<\/div><\/div><\/div>\n\n <div class=\"container  post_type__page\"><div class=\"row mb-3\"><div class=\"col-12 col-lg-12 offset-lg-0\">\t\n<p class=\"has-medium-font-size\">Projektleitung DsiN-Digitalf\u00fchrerschein: Elisabeth Wisniewski<br>V.i.S.d.P.: Dr. Michael Littger, Gesch\u00e4ftsf\u00fchrer DsiN<\/p>\n<\/div><\/div><\/div>\n\n <div class=\"container  post_type__page\"><div class=\"row mb-3\"><div class=\"col-12 col-lg-12 offset-lg-0\">\t\n<p class=\"has-medium-font-size\">Wir nehmen nicht an einem Streitbeilegungsverfahren vor einer Verbraucherschlichtungsstelle teil.<br>Plattform der EU-Kommission&nbsp;zur&nbsp;Online-Streitbeilegung:&nbsp;<a href=\"https:\/\/ec.europa.eu\/consumers\/odr\/\" target=\"_blank\" rel=\"noreferrer noopener\">https:\/\/ec.europa.eu\/consumers\/odr\/<\/a><\/p>\n<\/div><\/div><\/div>\n\n <div class=\"container  post_type__page\"><div class=\"row mb-3\"><div class=\"col-12 col-lg-12 offset-lg-0\">\t\n<h2 class=\"wp-block-heading has-medium-font-size\" id=\"h-umsetzung-der-nbsp-website-nbsp\">Umsetzung der&nbsp;Website&nbsp;<\/h2>\n<\/div><\/div><\/div>\n\n <div class=\"container  post_type__page\"><div class=\"row mb-3\"><div class=\"col-12 col-lg-12 offset-lg-0\">\t\n<p class=\"has-medium-font-size\">nova GmbH Digitalagentur<br>Zimmerstra\u00dfe 6<br>D-76137 Karlsruhe<br><a href=\"https:\/\/www.nova-web.de\/\" target=\"_blank\" rel=\"noreferrer noopener\"><\/a><a href=\"http:\/\/www.nova.digital\/\" target=\"_blank\" rel=\"noreferrer noopener\">www.nova.digital<\/a><\/p>\n<\/div><\/div><\/div>\n\n <div class=\"container  post_type__page\"><div class=\"row mb-3\"><div class=\"col-12 col-lg-12 offset-lg-0\">\t\n<p class=\"has-medium-font-size\">in Zusammenarbeit mit<\/p>\n<\/div><\/div><\/div>\n\n <div class=\"container  post_type__page\"><div class=\"row mb-3\"><div class=\"col-12 col-lg-12 offset-lg-0\">\t\n<p class=\"has-medium-font-size\">gimmickmedia GmbH<br>Schopenstehl 22<br>20095 Hamburg<br><a href=\"https:\/\/gimmickmedia.de\/\" target=\"_blank\" rel=\"noreferrer noopener\">https:\/\/gimmickmedia.de\/<\/a><\/p>\n<\/div><\/div><\/div>\n\n <div class=\"container  post_type__page\"><div class=\"row mb-3\"><div class=\"col-12 col-lg-12 offset-lg-0\">\t\n<h2 class=\"wp-block-heading has-medium-font-size\" id=\"h-bildnachweise-nbsp\">Bildnachweise&nbsp;<\/h2>\n<\/div><\/div><\/div>\n\n <div class=\"container  post_type__page\"><div class=\"row mb-3\"><div class=\"col-12 col-lg-12 offset-lg-0\">\t\n<p class=\"has-medium-font-size\">DiF\u00fc-Lernangebot: gimmickmedia GmbH \/ nova GmbH Digitalagentur<br>DiF\u00fc-News: Shutterstock \/ Stock Adobe<br>Entdecken &amp; Engagieren: Shutterstock \/ Stock Adobe <\/p>\n<\/div><\/div><\/div>\n\n <div class=\"container  post_type__page\"><div class=\"row mb-3\"><div class=\"col-12 col-lg-12 offset-lg-0\">\t\n<p><\/p>\n<\/div><\/div><\/div>\n\n <div class=\"container  post_type__page\"><div class=\"row mb-3\"><div class=\"col-12 col-lg-12 offset-lg-0\">\t\n<p class=\"has-medium-font-size\">&nbsp;<\/p>\n<\/div><\/div><\/div>\n\n <div class=\"container  post_type__page\"><div class=\"row mb-3\"><div class=\"col-12 col-lg-12 offset-lg-0\">\t\n<p><\/p>\n<\/div><\/div><\/div>\n\n <div class=\"container  post_type__page\"><div class=\"row mb-3\"><div class=\"col-12 col-lg-12 offset-lg-0\">\t\n<p><\/p>\n<\/div><\/div><\/div>","protected":false},"excerpt":{"rendered":"<p>Der DsiN-Digitalf\u00fchrerschein ist ein Projekt von Deutschland sicher im Netz e. V. Albrechtstra\u00dfe 10c10117 BerlinTelefon: 030 \/ 7675 81 580E-Mail:&nbsp;info@sicher-im-netz.de [&hellip;]<\/p>\n","protected":false},"author":26,"featured_media":0,"parent":0,"menu_order":0,"comment_status":"closed","ping_status":"closed","template":"","meta":{"_acf_changed":false,"inline_featured_image":false,"footnotes":""},"class_list":["post-44701","page","type-page","status-publish","hentry"],"acf":[],"yoast_head":"<!-- This site is optimized with the Yoast SEO Premium plugin v22.4 (Yoast SEO v24.7) - https:\/\/yoast.com\/wordpress\/plugins\/seo\/ -->\n<title>Impressum &#8226; Digitalf\u00fchrerschein (DiF\u00fc)<\/title>\n<meta name=\"robots\" content=\"index, follow, max-snippet:-1, max-image-preview:large, max-video-preview:-1\" \/>\n<link rel=\"canonical\" href=\"https:\/\/difue.de\/en\/impressum\/\" \/>\n<meta property=\"og:locale\" content=\"en_US\" \/>\n<meta property=\"og:type\" content=\"article\" \/>\n<meta property=\"og:title\" content=\"Impressum\" \/>\n<meta property=\"og:description\" content=\"Der DsiN-Digitalf\u00fchrerschein ist ein Projekt von Deutschland sicher im Netz e. V. Albrechtstra\u00dfe 10c10117 BerlinTelefon: 030 \/ 7675 81 580E-Mail:&nbsp;info@sicher-im-netz.de [&hellip;]\" \/>\n<meta property=\"og:url\" content=\"https:\/\/difue.de\/en\/impressum\/\" \/>\n<meta property=\"og:site_name\" content=\"Digitalf\u00fchrerschein (DiF\u00fc)\" \/>\n<meta property=\"article:publisher\" content=\"https:\/\/www.facebook.com\/people\/DsiN-Digitalf%c3%bchrerschein-DiF%c3%bc\/100079074183260\/\" \/>\n<meta property=\"article:modified_time\" content=\"2024-06-17T11:40:55+00:00\" \/>\n<meta property=\"og:image\" content=\"https:\/\/difue.de\/app\/uploads\/2022\/02\/DiFue-Logo_Logozusatz-RGB-positiv.png\" \/>\n\t<meta property=\"og:image:width\" content=\"14657\" \/>\n\t<meta property=\"og:image:height\" content=\"10977\" \/>\n\t<meta property=\"og:image:type\" content=\"image\/png\" \/>\n<meta name=\"twitter:card\" content=\"summary_large_image\" \/>\n<meta name=\"twitter:label1\" content=\"Est. reading time\" \/>\n\t<meta name=\"twitter:data1\" content=\"1 minute\" \/>\n<script type=\"application\/ld+json\" class=\"yoast-schema-graph\">{\"@context\":\"https:\/\/schema.org\",\"@graph\":[{\"@type\":\"WebPage\",\"@id\":\"https:\/\/difue.de\/en\/impressum\/\",\"url\":\"https:\/\/difue.de\/en\/impressum\/\",\"name\":\"Impressum &#8226; Digitalf\u00fchrerschein (DiF\u00fc)\",\"isPartOf\":{\"@id\":\"https:\/\/difue.de\/en\/#website\"},\"datePublished\":\"2021-10-04T14:37:36+00:00\",\"dateModified\":\"2024-06-17T11:40:55+00:00\",\"breadcrumb\":{\"@id\":\"https:\/\/difue.de\/en\/impressum\/#breadcrumb\"},\"inLanguage\":\"en-US\",\"potentialAction\":[{\"@type\":\"ReadAction\",\"target\":[\"https:\/\/difue.de\/en\/impressum\/\"]}]},{\"@type\":\"BreadcrumbList\",\"@id\":\"https:\/\/difue.de\/en\/impressum\/#breadcrumb\",\"itemListElement\":[{\"@type\":\"ListItem\",\"position\":1,\"name\":\"Startseite\",\"item\":\"https:\/\/difue.de\/en\/startseite\/\"},{\"@type\":\"ListItem\",\"position\":2,\"name\":\"Impressum\"}]},{\"@type\":\"WebSite\",\"@id\":\"https:\/\/difue.de\/en\/#website\",\"url\":\"https:\/\/difue.de\/en\/\",\"name\":\"Digitalf\u00fchrerschein (DiF\u00fc)\",\"description\":\"\",\"publisher\":{\"@id\":\"https:\/\/difue.de\/en\/#organization\"},\"potentialAction\":[{\"@type\":\"SearchAction\",\"target\":{\"@type\":\"EntryPoint\",\"urlTemplate\":\"https:\/\/difue.de\/en\/?s={search_term_string}\"},\"query-input\":{\"@type\":\"PropertyValueSpecification\",\"valueRequired\":true,\"valueName\":\"search_term_string\"}}],\"inLanguage\":\"en-US\"},{\"@type\":\"Organization\",\"@id\":\"https:\/\/difue.de\/en\/#organization\",\"name\":\"Digitalf\u00fchrerschein (DiF\u00fc)\",\"url\":\"https:\/\/difue.de\/en\/\",\"logo\":{\"@type\":\"ImageObject\",\"inLanguage\":\"en-US\",\"@id\":\"https:\/\/difue.de\/en\/#\/schema\/logo\/image\/\",\"url\":\"https:\/\/difue.de\/app\/uploads\/2021\/09\/difue-logo.svg\",\"contentUrl\":\"https:\/\/difue.de\/app\/uploads\/2021\/09\/difue-logo.svg\",\"width\":200,\"height\":149,\"caption\":\"Digitalf\u00fchrerschein (DiF\u00fc)\"},\"image\":{\"@id\":\"https:\/\/difue.de\/en\/#\/schema\/logo\/image\/\"},\"sameAs\":[\"https:\/\/www.facebook.com\/people\/DsiN-Digitalf\u00fchrerschein-DiF\u00fc\/100079074183260\/\",\"https:\/\/www.instagram.com\/dsin_digitalfuehrerschein\/\"]}]}<\/script>\n<!-- \/ Yoast SEO Premium plugin. -->","yoast_head_json":{"title":"Impressum &#8226; Digitalf\u00fchrerschein (DiF\u00fc)","robots":{"index":"index","follow":"follow","max-snippet":"max-snippet:-1","max-image-preview":"max-image-preview:large","max-video-preview":"max-video-preview:-1"},"canonical":"https:\/\/difue.de\/en\/impressum\/","og_locale":"en_US","og_type":"article","og_title":"Impressum","og_description":"Der DsiN-Digitalf\u00fchrerschein ist ein Projekt von Deutschland sicher im Netz e. V. Albrechtstra\u00dfe 10c10117 BerlinTelefon: 030 \/ 7675 81 580E-Mail:&nbsp;info@sicher-im-netz.de [&hellip;]","og_url":"https:\/\/difue.de\/en\/impressum\/","og_site_name":"Digitalf\u00fchrerschein (DiF\u00fc)","article_publisher":"https:\/\/www.facebook.com\/people\/DsiN-Digitalf%c3%bchrerschein-DiF%c3%bc\/100079074183260\/","article_modified_time":"2024-06-17T11:40:55+00:00","og_image":[{"width":14657,"height":10977,"url":"https:\/\/difue.de\/app\/uploads\/2022\/02\/DiFue-Logo_Logozusatz-RGB-positiv.png","type":"image\/png"}],"twitter_card":"summary_large_image","twitter_misc":{"Est. reading time":"1 minute"},"schema":{"@context":"https:\/\/schema.org","@graph":[{"@type":"WebPage","@id":"https:\/\/difue.de\/en\/impressum\/","url":"https:\/\/difue.de\/en\/impressum\/","name":"Impressum &#8226; Digitalf\u00fchrerschein (DiF\u00fc)","isPartOf":{"@id":"https:\/\/difue.de\/en\/#website"},"datePublished":"2021-10-04T14:37:36+00:00","dateModified":"2024-06-17T11:40:55+00:00","breadcrumb":{"@id":"https:\/\/difue.de\/en\/impressum\/#breadcrumb"},"inLanguage":"en-US","potentialAction":[{"@type":"ReadAction","target":["https:\/\/difue.de\/en\/impressum\/"]}]},{"@type":"BreadcrumbList","@id":"https:\/\/difue.de\/en\/impressum\/#breadcrumb","itemListElement":[{"@type":"ListItem","position":1,"name":"Startseite","item":"https:\/\/difue.de\/en\/startseite\/"},{"@type":"ListItem","position":2,"name":"Impressum"}]},{"@type":"WebSite","@id":"https:\/\/difue.de\/en\/#website","url":"https:\/\/difue.de\/en\/","name":"Digitalf\u00fchrerschein (DiF\u00fc)","description":"","publisher":{"@id":"https:\/\/difue.de\/en\/#organization"},"potentialAction":[{"@type":"SearchAction","target":{"@type":"EntryPoint","urlTemplate":"https:\/\/difue.de\/en\/?s={search_term_string}"},"query-input":{"@type":"PropertyValueSpecification","valueRequired":true,"valueName":"search_term_string"}}],"inLanguage":"en-US"},{"@type":"Organization","@id":"https:\/\/difue.de\/en\/#organization","name":"Digitalf\u00fchrerschein (DiF\u00fc)","url":"https:\/\/difue.de\/en\/","logo":{"@type":"ImageObject","inLanguage":"en-US","@id":"https:\/\/difue.de\/en\/#\/schema\/logo\/image\/","url":"https:\/\/difue.de\/app\/uploads\/2021\/09\/difue-logo.svg","contentUrl":"https:\/\/difue.de\/app\/uploads\/2021\/09\/difue-logo.svg","width":200,"height":149,"caption":"Digitalf\u00fchrerschein (DiF\u00fc)"},"image":{"@id":"https:\/\/difue.de\/en\/#\/schema\/logo\/image\/"},"sameAs":["https:\/\/www.facebook.com\/people\/DsiN-Digitalf\u00fchrerschein-DiF\u00fc\/100079074183260\/","https:\/\/www.instagram.com\/dsin_digitalfuehrerschein\/"]}]}},"_links":{"self":[{"href":"https:\/\/difue.de\/en\/wp-json\/wp\/v2\/pages\/44701","targetHints":{"allow":["GET"]}}],"collection":[{"href":"https:\/\/difue.de\/en\/wp-json\/wp\/v2\/pages"}],"about":[{"href":"https:\/\/difue.de\/en\/wp-json\/wp\/v2\/types\/page"}],"author":[{"embeddable":true,"href":"https:\/\/difue.de\/en\/wp-json\/wp\/v2\/users\/26"}],"replies":[{"embeddable":true,"href":"https:\/\/difue.de\/en\/wp-json\/wp\/v2\/comments?post=44701"}],"version-history":[{"count":1,"href":"https:\/\/difue.de\/en\/wp-json\/wp\/v2\/pages\/44701\/revisions"}],"predecessor-version":[{"id":44702,"href":"https:\/\/difue.de\/en\/wp-json\/wp\/v2\/pages\/44701\/revisions\/44702"}],"wp:attachment":[{"href":"https:\/\/difue.de\/en\/wp-json\/wp\/v2\/media?parent=44701"}],"curies":[{"name":"wp","href":"https:\/\/api.w.org\/{rel}","templated":true}]}}