{"id":45426,"date":"2021-11-12T17:31:50","date_gmt":"2021-11-12T16:31:50","guid":{"rendered":"https:\/\/difue.de\/loginbereich\/mein-difue\/"},"modified":"2024-08-23T11:42:36","modified_gmt":"2024-08-23T09:42:36","slug":"mein-difue","status":"publish","type":"page","link":"https:\/\/difue.de\/en\/loginbereich\/mein-difue\/","title":{"rendered":"My DiF\u00fc"},"content":{"rendered":" <div class=\"container  post_type__page\"><div class=\"row mb-3\"><div class=\"col-12 col-lg-12 offset-lg-0\">\t\n<p>Welcome to your personal login area. Proceed to the course or view your certificates.<\/p>\n<\/div><\/div><\/div>\n\n\n\n\n\n\n<section class=\"block__two-column-link mb-6\">\n\t<div class=\"container\">\n\t\t<div class=\"row mb-3 mb-lg-7\">\n\t\t\t<div class=\"col-12 col-lg-12 offset-lg-0\">\n\t\t\t\t<div class=\"block__two-column-link-row row\">\n\t\t\t\t\t<div class=\"col-12 col-lg-6 1\">\n\t\t\t\t\t\t<div class=\"headline\">\n\t\t\t\t\t\t\t<img decoding=\"async\" class=\"buch\" src=\"https:\/\/difue.de\/app\/themes\/DiFue\/img\/buch.svg\" alt=\"\">\n\t\t\t\t\t\t\t<h3 class=\"\">Course<\/h3>\n\t\t\t\t\t\t<\/div>\n\t\t\t\t\t\t<div class=\"text\">\n\t\t\t\t\t\t\t<p>The German DiF\u00fc course is available in three levels. The three levels are available in two versions \u2013 a business context and a private context. We currently offer Level 1 for a business context in English. Jump in!<\/p>\n\t\t\t\t\t\t<\/div>\n\t\t\t\t\t\t\t\t\t\t\t\t\t<div class=\"oeffnen clickable\" data-event=\"clickable\" data-target=\"https:\/\/difue.de\/en\/course\/\">\n\t\t\t\t\t\t\t\t<a href=\"https:\/\/difue.de\/en\/course\/\">Open\t\t\t\t\t\t\t\t\t<img decoding=\"async\" src=\"https:\/\/difue.de\/app\/themes\/DiFue\/img\/pfeil_rechts_gruen.svg\" alt=\"\"><\/a>\n\t\t\t\t\t\t\t<\/div>\n\t\t\t\t\t\t\t\t\t\t\t<\/div>\n\t\t\t\t\t<div class=\"col-12 col-lg-6 order-lg-0\">\n\t\t\t\t\t\n\t\t\t\t\t\t\n\t\t\t\t\t\t<img decoding=\"async\" src=\"https:\/\/difue.de\/app\/uploads\/2022\/03\/lernzentrale.svg\" alt=\"\" title=\"lernzentrale\" class=\"img-fluid d-block mx-auto block__two-column__image\">\n\t\t\t\t\t\t\t\t\t\t<\/div>\n\t\t\t\t<\/div>\n\t\t\t<\/div>\n\t\t<\/div>\n\t<\/div>\n<\/section>\n\n\n\n<section class=\"block__two-column-link mb-6\">\n\t<div class=\"container\">\n\t\t<div class=\"row mb-3 mb-lg-7\">\n\t\t\t<div class=\"col-12 col-lg-12 offset-lg-0\">\n\t\t\t\t<hr>\n\t\t\t<\/div>\n\t\t<\/div>\n\t<\/div>\n<\/section>\n\n\n\n<section class=\"block__two-column-link mb-6\">\n\t<div class=\"container\">\n\t\t<div class=\"row mb-3 mb-lg-7\">\n\t\t\t<div class=\"col-12 col-lg-12 offset-lg-0\">\n\t\t\t\t<div class=\"block__two-column-link-row row\">\n\t\t\t\t\t<div class=\"col-12 col-lg-6 order-1\">\n\t\t\t\t\t\t<div class=\"headline\">\n\t\t\t\t\t\t\t<img decoding=\"async\" class=\"zertifikat\" src=\"https:\/\/difue.de\/app\/themes\/DiFue\/img\/zertifikat.svg\" alt=\"\">\n\t\t\t\t\t\t\t<h3 class=\"\">Certificates<\/h3>\n\t\t\t\t\t\t<\/div>\n\t\t\t\t\t\t<div class=\"text\">\n\t\t\t\t\t\t\t<p>Here you will find an overview of the DiF\u00fc certificates you have acquired. You can download them, print them out or share them on LinkedIn.<\/p>\n\t\t\t\t\t\t<\/div>\n\t\t\t\t\t\t\t\t\t\t\t\t\t<div class=\"oeffnen clickable\" data-event=\"clickable\" data-target=\"https:\/\/difue.de\/en\/loginbereich\/meine-zertifikate\/\">\n\t\t\t\t\t\t\t\t<a href=\"https:\/\/difue.de\/en\/loginbereich\/meine-zertifikate\/\">Open\t\t\t\t\t\t\t\t\t<img decoding=\"async\" src=\"https:\/\/difue.de\/app\/themes\/DiFue\/img\/pfeil_rechts_gruen.svg\" alt=\"\"><\/a>\n\t\t\t\t\t\t\t<\/div>\n\t\t\t\t\t\t\t\t\t\t\t<\/div>\n\t\t\t\t\t<div class=\"col-12 col-lg-6 1\">\n\t\t\t\t\t\n\t\t\t\t\t\t\n\t\t\t\t\t\t<img decoding=\"async\" src=\"https:\/\/difue.de\/app\/uploads\/2022\/03\/zertifikate.svg\" alt=\"\" title=\"zertifikate\" class=\"img-fluid d-block mx-auto block__two-column__image\">\n\t\t\t\t\t\t\t\t\t\t<\/div>\n\t\t\t\t<\/div>\n\t\t\t<\/div>\n\t\t<\/div>\n\t<\/div>\n<\/section>\n","protected":false},"excerpt":{"rendered":"<p>Welcome to your personal login area. Proceed to the course or view your certificates.<\/p>\n","protected":false},"author":26,"featured_media":0,"parent":44926,"menu_order":0,"comment_status":"closed","ping_status":"closed","template":"","meta":{"_acf_changed":false,"inline_featured_image":false,"footnotes":""},"class_list":["post-45426","page","type-page","status-publish","hentry"],"acf":[],"yoast_head":"<!-- This site is optimized with the Yoast SEO Premium plugin v22.4 (Yoast SEO v24.7) - https:\/\/yoast.com\/wordpress\/plugins\/seo\/ -->\n<title>My DiF\u00fc &#8226; Digitalf\u00fchrerschein (DiF\u00fc)<\/title>\n<meta name=\"robots\" content=\"index, follow, max-snippet:-1, max-image-preview:large, max-video-preview:-1\" \/>\n<link rel=\"canonical\" href=\"https:\/\/difue.de\/en\/loginbereich\/mein-difue\/\" \/>\n<meta property=\"og:locale\" content=\"en_US\" \/>\n<meta property=\"og:type\" content=\"article\" \/>\n<meta property=\"og:title\" content=\"My DiF\u00fc\" \/>\n<meta property=\"og:description\" content=\"Welcome to your personal login area. Proceed to the course or view your certificates.\" \/>\n<meta property=\"og:url\" content=\"https:\/\/difue.de\/en\/loginbereich\/mein-difue\/\" \/>\n<meta property=\"og:site_name\" content=\"Digitalf\u00fchrerschein (DiF\u00fc)\" \/>\n<meta property=\"article:publisher\" content=\"https:\/\/www.facebook.com\/people\/DsiN-Digitalf%c3%bchrerschein-DiF%c3%bc\/100079074183260\/\" \/>\n<meta property=\"article:modified_time\" content=\"2024-08-23T09:42:36+00:00\" \/>\n<meta property=\"og:image\" content=\"https:\/\/difue.de\/app\/uploads\/2022\/02\/DiFue-Logo_Logozusatz-RGB-positiv.png\" \/>\n\t<meta property=\"og:image:width\" content=\"14657\" \/>\n\t<meta property=\"og:image:height\" content=\"10977\" \/>\n\t<meta property=\"og:image:type\" content=\"image\/png\" \/>\n<meta name=\"twitter:card\" content=\"summary_large_image\" \/>\n<meta name=\"twitter:label1\" content=\"Est. reading time\" \/>\n\t<meta name=\"twitter:data1\" content=\"1 minute\" \/>\n<script type=\"application\/ld+json\" class=\"yoast-schema-graph\">{\"@context\":\"https:\/\/schema.org\",\"@graph\":[{\"@type\":\"WebPage\",\"@id\":\"https:\/\/difue.de\/en\/loginbereich\/mein-difue\/\",\"url\":\"https:\/\/difue.de\/en\/loginbereich\/mein-difue\/\",\"name\":\"My DiF\u00fc &#8226; Digitalf\u00fchrerschein (DiF\u00fc)\",\"isPartOf\":{\"@id\":\"https:\/\/difue.de\/en\/#website\"},\"datePublished\":\"2021-11-12T16:31:50+00:00\",\"dateModified\":\"2024-08-23T09:42:36+00:00\",\"breadcrumb\":{\"@id\":\"https:\/\/difue.de\/en\/loginbereich\/mein-difue\/#breadcrumb\"},\"inLanguage\":\"en-US\",\"potentialAction\":[{\"@type\":\"ReadAction\",\"target\":[\"https:\/\/difue.de\/en\/loginbereich\/mein-difue\/\"]}]},{\"@type\":\"BreadcrumbList\",\"@id\":\"https:\/\/difue.de\/en\/loginbereich\/mein-difue\/#breadcrumb\",\"itemListElement\":[{\"@type\":\"ListItem\",\"position\":1,\"name\":\"Startseite\",\"item\":\"https:\/\/difue.de\/en\/startseite\/\"},{\"@type\":\"ListItem\",\"position\":2,\"name\":\"Loginbereich\",\"item\":\"https:\/\/difue.de\/en\/loginbereich\/\"},{\"@type\":\"ListItem\",\"position\":3,\"name\":\"My DiF\u00fc\"}]},{\"@type\":\"WebSite\",\"@id\":\"https:\/\/difue.de\/en\/#website\",\"url\":\"https:\/\/difue.de\/en\/\",\"name\":\"Digitalf\u00fchrerschein (DiF\u00fc)\",\"description\":\"\",\"publisher\":{\"@id\":\"https:\/\/difue.de\/en\/#organization\"},\"potentialAction\":[{\"@type\":\"SearchAction\",\"target\":{\"@type\":\"EntryPoint\",\"urlTemplate\":\"https:\/\/difue.de\/en\/?s={search_term_string}\"},\"query-input\":{\"@type\":\"PropertyValueSpecification\",\"valueRequired\":true,\"valueName\":\"search_term_string\"}}],\"inLanguage\":\"en-US\"},{\"@type\":\"Organization\",\"@id\":\"https:\/\/difue.de\/en\/#organization\",\"name\":\"Digitalf\u00fchrerschein (DiF\u00fc)\",\"url\":\"https:\/\/difue.de\/en\/\",\"logo\":{\"@type\":\"ImageObject\",\"inLanguage\":\"en-US\",\"@id\":\"https:\/\/difue.de\/en\/#\/schema\/logo\/image\/\",\"url\":\"https:\/\/difue.de\/app\/uploads\/2021\/09\/difue-logo.svg\",\"contentUrl\":\"https:\/\/difue.de\/app\/uploads\/2021\/09\/difue-logo.svg\",\"width\":200,\"height\":149,\"caption\":\"Digitalf\u00fchrerschein (DiF\u00fc)\"},\"image\":{\"@id\":\"https:\/\/difue.de\/en\/#\/schema\/logo\/image\/\"},\"sameAs\":[\"https:\/\/www.facebook.com\/people\/DsiN-Digitalf\u00fchrerschein-DiF\u00fc\/100079074183260\/\",\"https:\/\/www.instagram.com\/dsin_digitalfuehrerschein\/\"]}]}<\/script>\n<!-- \/ Yoast SEO Premium plugin. -->","yoast_head_json":{"title":"My DiF\u00fc &#8226; Digitalf\u00fchrerschein (DiF\u00fc)","robots":{"index":"index","follow":"follow","max-snippet":"max-snippet:-1","max-image-preview":"max-image-preview:large","max-video-preview":"max-video-preview:-1"},"canonical":"https:\/\/difue.de\/en\/loginbereich\/mein-difue\/","og_locale":"en_US","og_type":"article","og_title":"My DiF\u00fc","og_description":"Welcome to your personal login area. Proceed to the course or view your certificates.","og_url":"https:\/\/difue.de\/en\/loginbereich\/mein-difue\/","og_site_name":"Digitalf\u00fchrerschein (DiF\u00fc)","article_publisher":"https:\/\/www.facebook.com\/people\/DsiN-Digitalf%c3%bchrerschein-DiF%c3%bc\/100079074183260\/","article_modified_time":"2024-08-23T09:42:36+00:00","og_image":[{"width":14657,"height":10977,"url":"https:\/\/difue.de\/app\/uploads\/2022\/02\/DiFue-Logo_Logozusatz-RGB-positiv.png","type":"image\/png"}],"twitter_card":"summary_large_image","twitter_misc":{"Est. reading time":"1 minute"},"schema":{"@context":"https:\/\/schema.org","@graph":[{"@type":"WebPage","@id":"https:\/\/difue.de\/en\/loginbereich\/mein-difue\/","url":"https:\/\/difue.de\/en\/loginbereich\/mein-difue\/","name":"My DiF\u00fc &#8226; Digitalf\u00fchrerschein (DiF\u00fc)","isPartOf":{"@id":"https:\/\/difue.de\/en\/#website"},"datePublished":"2021-11-12T16:31:50+00:00","dateModified":"2024-08-23T09:42:36+00:00","breadcrumb":{"@id":"https:\/\/difue.de\/en\/loginbereich\/mein-difue\/#breadcrumb"},"inLanguage":"en-US","potentialAction":[{"@type":"ReadAction","target":["https:\/\/difue.de\/en\/loginbereich\/mein-difue\/"]}]},{"@type":"BreadcrumbList","@id":"https:\/\/difue.de\/en\/loginbereich\/mein-difue\/#breadcrumb","itemListElement":[{"@type":"ListItem","position":1,"name":"Startseite","item":"https:\/\/difue.de\/en\/startseite\/"},{"@type":"ListItem","position":2,"name":"Loginbereich","item":"https:\/\/difue.de\/en\/loginbereich\/"},{"@type":"ListItem","position":3,"name":"My DiF\u00fc"}]},{"@type":"WebSite","@id":"https:\/\/difue.de\/en\/#website","url":"https:\/\/difue.de\/en\/","name":"Digitalf\u00fchrerschein (DiF\u00fc)","description":"","publisher":{"@id":"https:\/\/difue.de\/en\/#organization"},"potentialAction":[{"@type":"SearchAction","target":{"@type":"EntryPoint","urlTemplate":"https:\/\/difue.de\/en\/?s={search_term_string}"},"query-input":{"@type":"PropertyValueSpecification","valueRequired":true,"valueName":"search_term_string"}}],"inLanguage":"en-US"},{"@type":"Organization","@id":"https:\/\/difue.de\/en\/#organization","name":"Digitalf\u00fchrerschein (DiF\u00fc)","url":"https:\/\/difue.de\/en\/","logo":{"@type":"ImageObject","inLanguage":"en-US","@id":"https:\/\/difue.de\/en\/#\/schema\/logo\/image\/","url":"https:\/\/difue.de\/app\/uploads\/2021\/09\/difue-logo.svg","contentUrl":"https:\/\/difue.de\/app\/uploads\/2021\/09\/difue-logo.svg","width":200,"height":149,"caption":"Digitalf\u00fchrerschein (DiF\u00fc)"},"image":{"@id":"https:\/\/difue.de\/en\/#\/schema\/logo\/image\/"},"sameAs":["https:\/\/www.facebook.com\/people\/DsiN-Digitalf\u00fchrerschein-DiF\u00fc\/100079074183260\/","https:\/\/www.instagram.com\/dsin_digitalfuehrerschein\/"]}]}},"_links":{"self":[{"href":"https:\/\/difue.de\/en\/wp-json\/wp\/v2\/pages\/45426","targetHints":{"allow":["GET"]}}],"collection":[{"href":"https:\/\/difue.de\/en\/wp-json\/wp\/v2\/pages"}],"about":[{"href":"https:\/\/difue.de\/en\/wp-json\/wp\/v2\/types\/page"}],"author":[{"embeddable":true,"href":"https:\/\/difue.de\/en\/wp-json\/wp\/v2\/users\/26"}],"replies":[{"embeddable":true,"href":"https:\/\/difue.de\/en\/wp-json\/wp\/v2\/comments?post=45426"}],"version-history":[{"count":6,"href":"https:\/\/difue.de\/en\/wp-json\/wp\/v2\/pages\/45426\/revisions"}],"predecessor-version":[{"id":46093,"href":"https:\/\/difue.de\/en\/wp-json\/wp\/v2\/pages\/45426\/revisions\/46093"}],"up":[{"embeddable":true,"href":"https:\/\/difue.de\/en\/wp-json\/wp\/v2\/pages\/44926"}],"wp:attachment":[{"href":"https:\/\/difue.de\/en\/wp-json\/wp\/v2\/media?parent=45426"}],"curies":[{"name":"wp","href":"https:\/\/api.w.org\/{rel}","templated":true}]}}